{"id":2295,"date":"2020-03-27T09:50:30","date_gmt":"2020-03-27T07:50:30","guid":{"rendered":"http:\/\/www.tada.si\/?post_type=product&#038;p=2295"},"modified":"2024-04-17T13:58:01","modified_gmt":"2024-04-17T11:58:01","slug":"ajax-socket","status":"publish","type":"product","link":"https:\/\/www.tada.si\/en\/trgovina\/alarmni-in-video-nadzor\/ajax\/razsiritveni-moduli-ajax\/ajax-socket\/","title":{"rendered":"AJAX Socket"},"content":{"rendered":"<p>Vti\u010dnica (Schuko &#8211; tip F) z brez\u017ei\u010dnim upravljanjem za Ajax sisteme (min 200.000 vklju\u010ditev). Prenapetostna, tokovna in temperaturna za\u0161\u010dita, max 11A (13A do 5 sec). Barvna LED signalizacija obremenitve, IP20. Na voljo v \u010drni in beli barvi.<\/p>","protected":false},"excerpt":{"rendered":"<p>Vti\u010dnica (Schuko &#8211; tip F) z brez\u017ei\u010dnim upravljanjem za Ajax sisteme (min 200.000 vklju\u010ditev). Prenapetostna, tokovna in temperaturna za\u0161\u010dita, max 11A (13A do 5 sec). Barvna LED signalizacija obremenitve, IP20. Na voljo v \u010drni in beli barvi.<\/p>","protected":false},"featured_media":6683,"comment_status":"open","ping_status":"closed","template":"","meta":{"inline_featured_image":false},"product_brand":[],"product_cat":[87,72,124],"product_tag":[],"class_list":{"0":"post-2295","1":"product","2":"type-product","3":"status-publish","4":"has-post-thumbnail","6":"product_cat-ajax","7":"product_cat-alarmni-in-video-nadzor","8":"product_cat-razsiritveni-moduli-ajax","9":"pa_barva-bela","10":"pa_barva-crna","12":"first","13":"instock","14":"taxable","15":"shipping-taxable","16":"purchasable","17":"product-type-variable","18":"czr-hentry"},"_links":{"self":[{"href":"https:\/\/www.tada.si\/en\/wp-json\/wp\/v2\/product\/2295","targetHints":{"allow":["GET"]}}],"collection":[{"href":"https:\/\/www.tada.si\/en\/wp-json\/wp\/v2\/product"}],"about":[{"href":"https:\/\/www.tada.si\/en\/wp-json\/wp\/v2\/types\/product"}],"replies":[{"embeddable":true,"href":"https:\/\/www.tada.si\/en\/wp-json\/wp\/v2\/comments?post=2295"}],"wp:featuredmedia":[{"embeddable":true,"href":"https:\/\/www.tada.si\/en\/wp-json\/wp\/v2\/media\/6683"}],"wp:attachment":[{"href":"https:\/\/www.tada.si\/en\/wp-json\/wp\/v2\/media?parent=2295"}],"wp:term":[{"taxonomy":"product_brand","embeddable":true,"href":"https:\/\/www.tada.si\/en\/wp-json\/wp\/v2\/product_brand?post=2295"},{"taxonomy":"product_cat","embeddable":true,"href":"https:\/\/www.tada.si\/en\/wp-json\/wp\/v2\/product_cat?post=2295"},{"taxonomy":"product_tag","embeddable":true,"href":"https:\/\/www.tada.si\/en\/wp-json\/wp\/v2\/product_tag?post=2295"}],"curies":[{"name":"wp","href":"https:\/\/api.w.org\/{rel}","templated":true}]}}