{"id":2314,"date":"2020-03-30T10:39:44","date_gmt":"2020-03-30T10:39:44","guid":{"rendered":"http:\/\/www.tada.si\/?post_type=product&#038;p=2314"},"modified":"2026-04-09T11:31:00","modified_gmt":"2026-04-09T09:31:00","slug":"video-kamera-dfn-tm2221l","status":"publish","type":"product","link":"https:\/\/www.tada.si\/en\/trgovina\/alarmni-in-video-nadzor\/dvc\/ip-kamere\/video-kamera-dfn-tm2221l\/","title":{"rendered":"DVC Video kamera DFN-TM2221L"},"content":{"rendered":"<p>2MPX Turret IP video kamera, Face detection (zajem obrazov), lo\u010dljivost 2Mpx\/25fps, 1\/2.8&#8221; Sony Starvis IMX307 Starlight (barvna slika kamere pri minimalni osvetlitvi- Starlight tehnologija), ob\u010dutljivost 0,002lux@F1.2, 0Lux IR ON, objektiv 7 &#8211; 22 mm moto-zoom, SMART H.265, True WDR 120dB, Soft light LED osvetlitev dometa 10m, 12VDC\/PoE, SD kartica, Audio in + mic, Onvif, IP67, za\u0161\u010dita, dve leti garancije. Podno\u017eje H7 (DAJ-44, L-nosilec DAM-32).<\/p>","protected":false},"excerpt":{"rendered":"<p>2MPX Turret IP video kamera, Face detection (zajem obrazov), lo\u010dljivost 2Mpx\/25fps, 1\/2.8&#8221; Sony Starvis IMX307 Starlight (barvna slika kamere pri minimalni osvetlitvi- Starlight tehnologija), ob\u010dutljivost 0,002lux@F1.2, 0Lux IR ON, objektiv 7 &#8211; 22 mm moto-zoom, SMART H.265, True WDR 120dB, Soft light LED osvetlitev dometa 10m, 12VDC\/PoE, SD kartica, Audio in + mic, Onvif, IP67, [&hellip;]<\/p>\n","protected":false},"featured_media":7069,"comment_status":"closed","ping_status":"closed","template":"","meta":{"inline_featured_image":false},"product_brand":[],"product_cat":[72,89,174],"product_tag":[],"class_list":{"0":"post-2314","1":"product","2":"type-product","3":"status-publish","4":"has-post-thumbnail","6":"product_cat-alarmni-in-video-nadzor","7":"product_cat-dvc","8":"product_cat-ip-kamere","9":"pa_barva-214","11":"first","12":"instock","13":"taxable","14":"shipping-taxable","15":"purchasable","16":"product-type-simple","17":"czr-hentry"},"_links":{"self":[{"href":"https:\/\/www.tada.si\/en\/wp-json\/wp\/v2\/product\/2314","targetHints":{"allow":["GET"]}}],"collection":[{"href":"https:\/\/www.tada.si\/en\/wp-json\/wp\/v2\/product"}],"about":[{"href":"https:\/\/www.tada.si\/en\/wp-json\/wp\/v2\/types\/product"}],"replies":[{"embeddable":true,"href":"https:\/\/www.tada.si\/en\/wp-json\/wp\/v2\/comments?post=2314"}],"wp:featuredmedia":[{"embeddable":true,"href":"https:\/\/www.tada.si\/en\/wp-json\/wp\/v2\/media\/7069"}],"wp:attachment":[{"href":"https:\/\/www.tada.si\/en\/wp-json\/wp\/v2\/media?parent=2314"}],"wp:term":[{"taxonomy":"product_brand","embeddable":true,"href":"https:\/\/www.tada.si\/en\/wp-json\/wp\/v2\/product_brand?post=2314"},{"taxonomy":"product_cat","embeddable":true,"href":"https:\/\/www.tada.si\/en\/wp-json\/wp\/v2\/product_cat?post=2314"},{"taxonomy":"product_tag","embeddable":true,"href":"https:\/\/www.tada.si\/en\/wp-json\/wp\/v2\/product_tag?post=2314"}],"curies":[{"name":"wp","href":"https:\/\/api.w.org\/{rel}","templated":true}]}}