{"id":2316,"date":"2020-03-30T11:08:47","date_gmt":"2020-03-30T09:08:47","guid":{"rendered":"http:\/\/www.tada.si\/?post_type=product&#038;p=2316"},"modified":"2026-04-09T11:23:46","modified_gmt":"2026-04-09T09:23:46","slug":"video-kamera-dcn-bm5125ai","status":"publish","type":"product","link":"https:\/\/www.tada.si\/en\/trgovina\/alarmni-in-video-nadzor\/dvc\/ip-kamere\/video-kamera-dcn-bm5125ai\/","title":{"rendered":"DVC Video kamera DCN-BM5125AIN"},"content":{"rendered":"<p>5MPX zunanja kompaktna IP video kamera, resolucija 5Mpx\/20fps, 1\/2.7&#8243; SmartSens SC5238, objektiv 3.3 &#8211; 12 mm, 0.0085Lux@F1.2, horizontalni vidni kot: 92\u00b0 &#8211; 32.9\u00b0, moto zoom, H.265, True WDR 120dB, 2 x Array Black glass IR LED dometa 30-50 m, 12VDC\/PoE, Onvif, SD kartica, IP67 za\u0161\u010dita, Podno\u017eje H2 (DAJ-38, DAJ-40).NDAA kompatibilen NOVO: AI VCA videoanalitika: prepoznavanje oseb in vozil, ter dve alarmni funkciji: pre\u010dkanje linije, vdor. 3 leta garancije Podno\u017eje H2 (DAJ-38, DAJ-40).NDAA kompatibilen. Nadome\u0161\u010da kamero DCN-BM5125N.<\/p>","protected":false},"excerpt":{"rendered":"<p>5MPX zunanja kompaktna IP video kamera, resolucija 5Mpx\/20fps, 1\/2.7&#8243; SmartSens SC5238, objektiv 3.3 &#8211; 12 mm, 0.0085Lux@F1.2, horizontalni vidni kot: 92\u00b0 &#8211; 32.9\u00b0, moto zoom, H.265, True WDR 120dB, 2 x Array Black glass IR LED dometa 30-50 m, 12VDC\/PoE, Onvif, SD kartica, IP67 za\u0161\u010dita, Podno\u017eje H2 (DAJ-38, DAJ-40).NDAA kompatibilen NOVO: AI VCA videoanalitika: prepoznavanje [&hellip;]<\/p>\n","protected":false},"featured_media":8002,"comment_status":"closed","ping_status":"closed","template":"","meta":{"inline_featured_image":false},"product_brand":[],"product_cat":[72,89,174],"product_tag":[],"class_list":{"0":"post-2316","1":"product","2":"type-product","3":"status-publish","4":"has-post-thumbnail","6":"product_cat-alarmni-in-video-nadzor","7":"product_cat-dvc","8":"product_cat-ip-kamere","9":"pa_barva-214","11":"first","12":"instock","13":"taxable","14":"shipping-taxable","15":"purchasable","16":"product-type-simple","17":"czr-hentry"},"_links":{"self":[{"href":"https:\/\/www.tada.si\/en\/wp-json\/wp\/v2\/product\/2316","targetHints":{"allow":["GET"]}}],"collection":[{"href":"https:\/\/www.tada.si\/en\/wp-json\/wp\/v2\/product"}],"about":[{"href":"https:\/\/www.tada.si\/en\/wp-json\/wp\/v2\/types\/product"}],"replies":[{"embeddable":true,"href":"https:\/\/www.tada.si\/en\/wp-json\/wp\/v2\/comments?post=2316"}],"wp:featuredmedia":[{"embeddable":true,"href":"https:\/\/www.tada.si\/en\/wp-json\/wp\/v2\/media\/8002"}],"wp:attachment":[{"href":"https:\/\/www.tada.si\/en\/wp-json\/wp\/v2\/media?parent=2316"}],"wp:term":[{"taxonomy":"product_brand","embeddable":true,"href":"https:\/\/www.tada.si\/en\/wp-json\/wp\/v2\/product_brand?post=2316"},{"taxonomy":"product_cat","embeddable":true,"href":"https:\/\/www.tada.si\/en\/wp-json\/wp\/v2\/product_cat?post=2316"},{"taxonomy":"product_tag","embeddable":true,"href":"https:\/\/www.tada.si\/en\/wp-json\/wp\/v2\/product_tag?post=2316"}],"curies":[{"name":"wp","href":"https:\/\/api.w.org\/{rel}","templated":true}]}}