{"id":2318,"date":"2020-03-30T11:12:42","date_gmt":"2020-03-30T09:12:42","guid":{"rendered":"http:\/\/www.tada.si\/?post_type=product&#038;p=2318"},"modified":"2026-04-09T11:23:39","modified_gmt":"2026-04-09T09:23:39","slug":"video-kamera-dcn-tm5125ai","status":"publish","type":"product","link":"https:\/\/www.tada.si\/en\/trgovina\/alarmni-in-video-nadzor\/dvc\/ip-kamere\/video-kamera-dcn-tm5125ai\/","title":{"rendered":"DVC Video kamera DCN-TM5125AI"},"content":{"rendered":"<p>5MPX zunanja IP dome video kamera, Perimeterska za\u0161\u010dita, resolucija 5Mpx\/25FPS,1\/2.7&#8243; Omnivision OS05A20, objektiv 2,8 &#8211; 12mm moto zoom, SMART H.265, LED osvetlitev dometa 30-50 m, True WDR 120dB, 12VDC\/PoE, SD kartica, Audio in\/out, Alarm in\/out vgrajen zvo\u010dnik in mikrofon, Onvif, IP67 za\u0161\u010dita, Perimeter VCA AI videoanalitika; Prehod preko linije (\u010dlovek ali vozilo), sledenje objektu, vpad v prostor, \u0161tetje oseb, prepoznava mno\u017eice, prepoznava in zajem obrazov), izjeme (umetna inteligenca). Podno\u017eje H7 (DAJ-44, L-nosilec DAM-32). 3 leta garancije.<\/p>","protected":false},"excerpt":{"rendered":"<p>5MPX zunanja IP dome video kamera, Perimeterska za\u0161\u010dita, resolucija 5Mpx\/25FPS,1\/2.7&#8243; Omnivision OS05A20, objektiv 2,8 &#8211; 12mm moto zoom, SMART H.265, LED osvetlitev dometa 30-50 m, True WDR 120dB, 12VDC\/PoE, SD kartica, Audio in\/out, Alarm in\/out vgrajen zvo\u010dnik in mikrofon, Onvif, IP67 za\u0161\u010dita, Perimeter VCA AI videoanalitika; Prehod preko linije (\u010dlovek ali vozilo), sledenje objektu, vpad [&hellip;]<\/p>\n","protected":false},"featured_media":2319,"comment_status":"closed","ping_status":"closed","template":"","meta":{"inline_featured_image":false},"product_brand":[],"product_cat":[72,89,174],"product_tag":[],"class_list":{"0":"post-2318","1":"product","2":"type-product","3":"status-publish","4":"has-post-thumbnail","6":"product_cat-alarmni-in-video-nadzor","7":"product_cat-dvc","8":"product_cat-ip-kamere","9":"pa_barva-214","11":"first","12":"instock","13":"taxable","14":"shipping-taxable","15":"purchasable","16":"product-type-simple","17":"czr-hentry"},"_links":{"self":[{"href":"https:\/\/www.tada.si\/en\/wp-json\/wp\/v2\/product\/2318","targetHints":{"allow":["GET"]}}],"collection":[{"href":"https:\/\/www.tada.si\/en\/wp-json\/wp\/v2\/product"}],"about":[{"href":"https:\/\/www.tada.si\/en\/wp-json\/wp\/v2\/types\/product"}],"replies":[{"embeddable":true,"href":"https:\/\/www.tada.si\/en\/wp-json\/wp\/v2\/comments?post=2318"}],"wp:featuredmedia":[{"embeddable":true,"href":"https:\/\/www.tada.si\/en\/wp-json\/wp\/v2\/media\/2319"}],"wp:attachment":[{"href":"https:\/\/www.tada.si\/en\/wp-json\/wp\/v2\/media?parent=2318"}],"wp:term":[{"taxonomy":"product_brand","embeddable":true,"href":"https:\/\/www.tada.si\/en\/wp-json\/wp\/v2\/product_brand?post=2318"},{"taxonomy":"product_cat","embeddable":true,"href":"https:\/\/www.tada.si\/en\/wp-json\/wp\/v2\/product_cat?post=2318"},{"taxonomy":"product_tag","embeddable":true,"href":"https:\/\/www.tada.si\/en\/wp-json\/wp\/v2\/product_tag?post=2318"}],"curies":[{"name":"wp","href":"https:\/\/api.w.org\/{rel}","templated":true}]}}