{"id":2336,"date":"2020-03-30T11:58:24","date_gmt":"2020-03-30T11:58:24","guid":{"rendered":"http:\/\/www.tada.si\/?post_type=product&#038;p=2336"},"modified":"2026-04-09T11:22:08","modified_gmt":"2026-04-09T09:22:08","slug":"video-kamera-dcn-tf4283ai","status":"publish","type":"product","link":"https:\/\/www.tada.si\/en\/trgovina\/alarmni-in-video-nadzor\/dvc\/ip-kamere\/video-kamera-dcn-tf4283ai\/","title":{"rendered":"DVC Video kamera DCN-TF4283AIN"},"content":{"rendered":"<p>4MPX turret IP video kamera, resolucija 4Mpx\/25fps, 1\/3&#8243; SmartSens SC4238, objektiv 2,8 mm, horizontalni vidni kot: 100,4\u00b0, SMART H.265, (barvna slika kamere pri minimalni osvetlitvi), 0.002Lux@F1.2, IR LED dometa 20-30 m, True WDR 120dB, 12VDC\/PoE, 7,5W, SD kartica, Onvif, IK10, IP67, FULL VCA AI video analitika: Pre\u010dkanje linije (\u010dlovek ali vozilo), vdor (\u010dlovek ali vozilo), odstranitev predmeta, \u0161tetje vozil , \u0161tetje ljudi, sledenje osebi, zaznava zameglitve slike, zaznava spremembe kadra, zaznava pokritja kamere, prepoznava in zajem obrazov, prepoznava gne\u010de oseb (umetna inteligenca), 3 leta garancije. Podno\u017eje H8 (DAJ-38, DAJ-40, L- nosilec DAM-32). NDAA kompatibilen.<\/p>","protected":false},"excerpt":{"rendered":"<p>4MPX turret IP video kamera, resolucija 4Mpx\/25fps, 1\/3&#8243; SmartSens SC4238, objektiv 2,8 mm, horizontalni vidni kot: 100,4\u00b0, SMART H.265, (barvna slika kamere pri minimalni osvetlitvi), 0.002Lux@F1.2, IR LED dometa 20-30 m, True WDR 120dB, 12VDC\/PoE, 7,5W, SD kartica, Onvif, IK10, IP67, FULL VCA AI video analitika: Pre\u010dkanje linije (\u010dlovek ali vozilo), vdor (\u010dlovek ali vozilo), [&hellip;]<\/p>\n","protected":false},"featured_media":7996,"comment_status":"closed","ping_status":"closed","template":"","meta":{"inline_featured_image":false},"product_brand":[],"product_cat":[72,89,174],"product_tag":[],"class_list":{"0":"post-2336","1":"product","2":"type-product","3":"status-publish","4":"has-post-thumbnail","6":"product_cat-alarmni-in-video-nadzor","7":"product_cat-dvc","8":"product_cat-ip-kamere","9":"pa_barva-214","11":"first","12":"instock","13":"taxable","14":"shipping-taxable","15":"purchasable","16":"product-type-simple","17":"czr-hentry"},"_links":{"self":[{"href":"https:\/\/www.tada.si\/en\/wp-json\/wp\/v2\/product\/2336","targetHints":{"allow":["GET"]}}],"collection":[{"href":"https:\/\/www.tada.si\/en\/wp-json\/wp\/v2\/product"}],"about":[{"href":"https:\/\/www.tada.si\/en\/wp-json\/wp\/v2\/types\/product"}],"replies":[{"embeddable":true,"href":"https:\/\/www.tada.si\/en\/wp-json\/wp\/v2\/comments?post=2336"}],"wp:featuredmedia":[{"embeddable":true,"href":"https:\/\/www.tada.si\/en\/wp-json\/wp\/v2\/media\/7996"}],"wp:attachment":[{"href":"https:\/\/www.tada.si\/en\/wp-json\/wp\/v2\/media?parent=2336"}],"wp:term":[{"taxonomy":"product_brand","embeddable":true,"href":"https:\/\/www.tada.si\/en\/wp-json\/wp\/v2\/product_brand?post=2336"},{"taxonomy":"product_cat","embeddable":true,"href":"https:\/\/www.tada.si\/en\/wp-json\/wp\/v2\/product_cat?post=2336"},{"taxonomy":"product_tag","embeddable":true,"href":"https:\/\/www.tada.si\/en\/wp-json\/wp\/v2\/product_tag?post=2336"}],"curies":[{"name":"wp","href":"https:\/\/api.w.org\/{rel}","templated":true}]}}