{"id":2338,"date":"2020-03-30T12:01:18","date_gmt":"2020-03-30T12:01:18","guid":{"rendered":"http:\/\/www.tada.si\/?post_type=product&#038;p=2338"},"modified":"2026-04-09T11:21:58","modified_gmt":"2026-04-09T09:21:58","slug":"video-kamera-dcn-bm2125ai","status":"publish","type":"product","link":"https:\/\/www.tada.si\/en\/trgovina\/alarmni-in-video-nadzor\/dvc\/ip-kamere\/video-kamera-dcn-bm2125ai\/","title":{"rendered":"DVC Video kamera DCN-BM2125AI"},"content":{"rendered":"<p>2MPX zunanja kompaktna IP video kamera, lo\u010dljivost 2Mpx\/25fps, moto-zoom objektiv 2.8 &#8211; 12 mm, H.265, 1\/2.8\u2019\u2019 Sony Starvis IMX307 (barvna slika kamere pri minimalni osvetlitvi- Starlight tehnologija), horizontalni vidni kot: 103\u00b0-32\u00b0, SMART H.265, 0.002Lux@F1.2, IR LED dometa 30-50 m, True WDR 120dB, 12VDC\/PoE, 9,5W, podpira SD kartice do 128GB, Onvif, IP67 za\u0161\u010dita, FULL VCA AI video analitika: Pre\u010dkanje linije (\u010dlovek ali vozilo), vdor (\u010dlovek ali vozilo), odstranitev predmeta, \u0161tetje vozil , \u0161tetje ljudi, sledenje osebi, zaznava zameglitve slike, zaznava spremembe kadra, zaznava pokritja kamere, prepoznava in zajem obrazov, prepoznava gne\u010de oseb (umetna inteligenca), -30\u00b0C~+60\u00b0, 2 leti garancije. Podno\u017eja H2 (DAJ-38, DAJ-40).<\/p>","protected":false},"excerpt":{"rendered":"<p>2MPX zunanja kompaktna IP video kamera, lo\u010dljivost 2Mpx\/25fps, moto-zoom objektiv 2.8 &#8211; 12 mm, H.265, 1\/2.8\u2019\u2019 Sony Starvis IMX307 (barvna slika kamere pri minimalni osvetlitvi- Starlight tehnologija), horizontalni vidni kot: 103\u00b0-32\u00b0, SMART H.265, 0.002Lux@F1.2, IR LED dometa 30-50 m, True WDR 120dB, 12VDC\/PoE, 9,5W, podpira SD kartice do 128GB, Onvif, IP67 za\u0161\u010dita, FULL VCA AI [&hellip;]<\/p>\n","protected":false},"featured_media":7080,"comment_status":"closed","ping_status":"closed","template":"","meta":{"inline_featured_image":false},"product_brand":[],"product_cat":[72,89,174],"product_tag":[],"class_list":{"0":"post-2338","1":"product","2":"type-product","3":"status-publish","4":"has-post-thumbnail","6":"product_cat-alarmni-in-video-nadzor","7":"product_cat-dvc","8":"product_cat-ip-kamere","9":"pa_barva-214","11":"first","12":"instock","13":"taxable","14":"shipping-taxable","15":"purchasable","16":"product-type-simple","17":"czr-hentry"},"_links":{"self":[{"href":"https:\/\/www.tada.si\/en\/wp-json\/wp\/v2\/product\/2338","targetHints":{"allow":["GET"]}}],"collection":[{"href":"https:\/\/www.tada.si\/en\/wp-json\/wp\/v2\/product"}],"about":[{"href":"https:\/\/www.tada.si\/en\/wp-json\/wp\/v2\/types\/product"}],"replies":[{"embeddable":true,"href":"https:\/\/www.tada.si\/en\/wp-json\/wp\/v2\/comments?post=2338"}],"wp:featuredmedia":[{"embeddable":true,"href":"https:\/\/www.tada.si\/en\/wp-json\/wp\/v2\/media\/7080"}],"wp:attachment":[{"href":"https:\/\/www.tada.si\/en\/wp-json\/wp\/v2\/media?parent=2338"}],"wp:term":[{"taxonomy":"product_brand","embeddable":true,"href":"https:\/\/www.tada.si\/en\/wp-json\/wp\/v2\/product_brand?post=2338"},{"taxonomy":"product_cat","embeddable":true,"href":"https:\/\/www.tada.si\/en\/wp-json\/wp\/v2\/product_cat?post=2338"},{"taxonomy":"product_tag","embeddable":true,"href":"https:\/\/www.tada.si\/en\/wp-json\/wp\/v2\/product_tag?post=2338"}],"curies":[{"name":"wp","href":"https:\/\/api.w.org\/{rel}","templated":true}]}}