{"id":2345,"date":"2020-03-30T12:16:57","date_gmt":"2020-03-30T10:16:57","guid":{"rendered":"http:\/\/www.tada.si\/?post_type=product&#038;p=2345"},"modified":"2026-04-09T11:21:26","modified_gmt":"2026-04-09T09:21:26","slug":"video-kamera-dcn-bf8285ai","status":"publish","type":"product","link":"https:\/\/www.tada.si\/en\/trgovina\/alarmni-in-video-nadzor\/dvc\/ip-kamere\/video-kamera-dcn-bf8285ai\/","title":{"rendered":"DVC Video kamera DCN-BF8285AIN"},"content":{"rendered":"<p>8MPX zunanja kompaktna IP video kamera, 8Mpx\/20fps, 1\/2.8&#8221; Sony Starvis IMX415 (barvna slika kamere pri minimalni osvetlitvi), 0.008Lux@F1.2, 0Lux IR ON, 2,8 mm, horizontalni vidni kot: 109.7\u00b0, SMART H.265, IR LED 30-50 m, True WDR (120 dB), 12VDC\/PoE, 9W, audio in, FULL VCA AI video analitika: Pre\u010dkanje linije (\u010dlovek ali vozilo), vdor (\u010dlovek ali vozilo), odstranitev predmeta, \u0161tetje oseb , \u0161tetje vozil, sledenje osebi, zaznava zameglitve slike, zaznava spremembe kadra, zaznava pokritja kamere, prepoznava in zajem obrazov, prepoznava gne\u010de oseb (umetna inteligenca), IK10, IP67, SD kartica do128Gb, Onvif, 3 leta garancije. Podno\u017eje H2 (DAJ-38, DAJ-40).<\/p>","protected":false},"excerpt":{"rendered":"<p>8MPX zunanja kompaktna IP video kamera, 8Mpx\/20fps, 1\/2.8&#8221; Sony Starvis IMX415 (barvna slika kamere pri minimalni osvetlitvi), 0.008Lux@F1.2, 0Lux IR ON, 2,8 mm, horizontalni vidni kot: 109.7\u00b0, SMART H.265, IR LED 30-50 m, True WDR (120 dB), 12VDC\/PoE, 9W, audio in, FULL VCA AI video analitika: Pre\u010dkanje linije (\u010dlovek ali vozilo), vdor (\u010dlovek ali vozilo), [&hellip;]<\/p>\n","protected":false},"featured_media":7085,"comment_status":"closed","ping_status":"closed","template":"","meta":{"inline_featured_image":false},"product_brand":[],"product_cat":[72,89,174],"product_tag":[],"class_list":{"0":"post-2345","1":"product","2":"type-product","3":"status-publish","4":"has-post-thumbnail","6":"product_cat-alarmni-in-video-nadzor","7":"product_cat-dvc","8":"product_cat-ip-kamere","9":"pa_barva-214","11":"first","12":"instock","13":"taxable","14":"shipping-taxable","15":"purchasable","16":"product-type-simple","17":"czr-hentry"},"_links":{"self":[{"href":"https:\/\/www.tada.si\/en\/wp-json\/wp\/v2\/product\/2345","targetHints":{"allow":["GET"]}}],"collection":[{"href":"https:\/\/www.tada.si\/en\/wp-json\/wp\/v2\/product"}],"about":[{"href":"https:\/\/www.tada.si\/en\/wp-json\/wp\/v2\/types\/product"}],"replies":[{"embeddable":true,"href":"https:\/\/www.tada.si\/en\/wp-json\/wp\/v2\/comments?post=2345"}],"wp:featuredmedia":[{"embeddable":true,"href":"https:\/\/www.tada.si\/en\/wp-json\/wp\/v2\/media\/7085"}],"wp:attachment":[{"href":"https:\/\/www.tada.si\/en\/wp-json\/wp\/v2\/media?parent=2345"}],"wp:term":[{"taxonomy":"product_brand","embeddable":true,"href":"https:\/\/www.tada.si\/en\/wp-json\/wp\/v2\/product_brand?post=2345"},{"taxonomy":"product_cat","embeddable":true,"href":"https:\/\/www.tada.si\/en\/wp-json\/wp\/v2\/product_cat?post=2345"},{"taxonomy":"product_tag","embeddable":true,"href":"https:\/\/www.tada.si\/en\/wp-json\/wp\/v2\/product_tag?post=2345"}],"curies":[{"name":"wp","href":"https:\/\/api.w.org\/{rel}","templated":true}]}}