{"id":2353,"date":"2020-03-31T10:00:04","date_gmt":"2020-03-31T10:00:04","guid":{"rendered":"http:\/\/www.tada.si\/?post_type=product&#038;p=2353"},"modified":"2026-04-09T11:20:47","modified_gmt":"2026-04-09T09:20:47","slug":"video-kamera-dcn-tm8125ai","status":"publish","type":"product","link":"https:\/\/www.tada.si\/en\/trgovina\/alarmni-in-video-nadzor\/dvc\/ip-kamere\/video-kamera-dcn-tm8125ai\/","title":{"rendered":"DVC Video kamera DCN-TM8125AI"},"content":{"rendered":"<p>8MPX turret IP video kamera, 8Mpx\/20fps, 1\/2.8&#8221; Sony Starvis IMX415 (barvna slika kamere pri minimalni osvetlitvi), 0.008Lux@F1.2, 0Lux IR ON, 2,8-12 mm, moto zoom, horizontalni vidni kot: 96\u00b0 &#8211; 32\u00b0, SMART H.265, IR LED 30-50 m, 12VDC\/PoE, 9,5W, FULL VCA AI video analitika: Pre\u010dkanje linije (\u010dlovek ali vozilo), vdor (\u010dlovek ali vozilo), odstranitev predmeta, \u0161tetje vozil , \u0161tetje ljudi, sledenje osebi, zaznava zameglitve slike, zaznava spremembe kadra, zaznava pokritja kamere, prepoznava in zajem obrazov, prepoznava gne\u010de oseb (umetna inteligenca), audio in + mikrofon, True WDR (120 dB) SD kartica do128Gb, IK10, IP67, Onvif, 2 leti garancije. Podno\u017eje H7 (DAJ-44, L-nosilec DAM-32).<\/p>","protected":false},"excerpt":{"rendered":"<p>8MPX turret IP video kamera, 8Mpx\/20fps, 1\/2.8&#8221; Sony Starvis IMX415 (barvna slika kamere pri minimalni osvetlitvi), 0.008Lux@F1.2, 0Lux IR ON, 2,8-12 mm, moto zoom, horizontalni vidni kot: 96\u00b0 &#8211; 32\u00b0, SMART H.265, IR LED 30-50 m, 12VDC\/PoE, 9,5W, FULL VCA AI video analitika: Pre\u010dkanje linije (\u010dlovek ali vozilo), vdor (\u010dlovek ali vozilo), odstranitev predmeta, \u0161tetje [&hellip;]<\/p>\n","protected":false},"featured_media":7087,"comment_status":"closed","ping_status":"closed","template":"","meta":{"inline_featured_image":false},"product_brand":[],"product_cat":[72,89,174],"product_tag":[195],"class_list":{"0":"post-2353","1":"product","2":"type-product","3":"status-publish","4":"has-post-thumbnail","6":"product_cat-alarmni-in-video-nadzor","7":"product_cat-dvc","8":"product_cat-ip-kamere","9":"product_tag-notranje","10":"pa_barva-214","12":"first","13":"instock","14":"taxable","15":"shipping-taxable","16":"purchasable","17":"product-type-simple","18":"czr-hentry"},"_links":{"self":[{"href":"https:\/\/www.tada.si\/en\/wp-json\/wp\/v2\/product\/2353","targetHints":{"allow":["GET"]}}],"collection":[{"href":"https:\/\/www.tada.si\/en\/wp-json\/wp\/v2\/product"}],"about":[{"href":"https:\/\/www.tada.si\/en\/wp-json\/wp\/v2\/types\/product"}],"replies":[{"embeddable":true,"href":"https:\/\/www.tada.si\/en\/wp-json\/wp\/v2\/comments?post=2353"}],"wp:featuredmedia":[{"embeddable":true,"href":"https:\/\/www.tada.si\/en\/wp-json\/wp\/v2\/media\/7087"}],"wp:attachment":[{"href":"https:\/\/www.tada.si\/en\/wp-json\/wp\/v2\/media?parent=2353"}],"wp:term":[{"taxonomy":"product_brand","embeddable":true,"href":"https:\/\/www.tada.si\/en\/wp-json\/wp\/v2\/product_brand?post=2353"},{"taxonomy":"product_cat","embeddable":true,"href":"https:\/\/www.tada.si\/en\/wp-json\/wp\/v2\/product_cat?post=2353"},{"taxonomy":"product_tag","embeddable":true,"href":"https:\/\/www.tada.si\/en\/wp-json\/wp\/v2\/product_tag?post=2353"}],"curies":[{"name":"wp","href":"https:\/\/api.w.org\/{rel}","templated":true}]}}