{"id":2388,"date":"2019-03-31T12:22:35","date_gmt":"2019-03-31T12:22:35","guid":{"rendered":"http:\/\/www.tada.si\/?post_type=product&#038;p=2388"},"modified":"2026-04-09T10:59:48","modified_gmt":"2026-04-09T08:59:48","slug":"dvc-daa-166","status":"publish","type":"product","link":"https:\/\/www.tada.si\/en\/trgovina\/alarmni-in-video-nadzor\/dvc\/dodatki-sistema\/dvc-daa-166\/","title":{"rendered":"DVC Alarmni vmesnik DAA-166AHD"},"content":{"rendered":"<p data-start=\"518\" data-end=\"548\"><strong data-start=\"518\" data-end=\"546\">Tehni\u010dne zna\u010dilnosti:<\/strong><\/p>\n<p data-start=\"551\" data-end=\"606\"><strong data-start=\"551\" data-end=\"567\">Tip naprave:<\/strong> Pasivni video splitter \/ razdelilnik<\/p>\n<p data-start=\"609\" data-end=\"691\"><strong data-start=\"609\" data-end=\"636\">Zdru\u017eljive tehnologije:<\/strong> AHD, HD-CVI, TVI, CVBS (analogni in HD CCTV sistemi)<\/p>\n<p data-start=\"694\" data-end=\"771\"><strong data-start=\"694\" data-end=\"707\">Funkcija:<\/strong> Razdelitev enotnega video signala na ve\u010d izhodov \/ monitorjev<\/p>\n<p data-start=\"774\" data-end=\"845\"><strong data-start=\"774\" data-end=\"786\">Pasiven:<\/strong> Brez aktivne elektronike, ne zahteva dodatnega napajanja<\/p>\n<p data-start=\"848\" data-end=\"937\"><strong data-start=\"848\" data-end=\"860\">Uporaba:<\/strong> Distribucija video signala iz ene kamere do ve\u010d monitorjev ali snemalnikov<\/p>\n<hr data-start=\"939\" data-end=\"942\" \/>\n<p data-start=\"944\" data-end=\"977\"><strong data-start=\"944\" data-end=\"975\">Namembnost in prednosti:<\/strong><\/p>\n<p data-start=\"980\" data-end=\"1089\"><strong data-start=\"983\" data-end=\"1019\">Prikaz na ve\u010d monitorjih hkrati:<\/strong> Omogo\u010da hkratni prikaz iste kamere na ve\u010d zaslonih ali snemalnikih.<\/p>\n<p data-start=\"1092\" data-end=\"1217\"><strong data-start=\"1095\" data-end=\"1138\">Zdru\u017eljiv z HD in analog CCTV kamerami:<\/strong> Primerno za starej\u0161e analogne sisteme ali moderne HD-AHD \/ CVI \/ TVI kamere.<\/p>\n<p data-start=\"1220\" data-end=\"1314\"><strong data-start=\"1223\" data-end=\"1248\">Enostavna namestitev:<\/strong> Plug-and-play konfiguracija brez potrebe po dodatnem napajanju.<\/p>\n<p data-start=\"1317\" data-end=\"1454\"><strong data-start=\"1320\" data-end=\"1344\">Fleksibilna uporaba:<\/strong> Idealno za trgovine, pisarne, stanovanja, recepcije in druge prostore, kjer je potreben ve\u010dto\u010dkovni nadzor.<\/p>\n<p data-start=\"1457\" data-end=\"1579\"><strong data-start=\"1459\" data-end=\"1497\">U\u010dinkovita re\u0161itev za ve\u010d izhodov:<\/strong> Prihrani \u010das in stro\u0161ke dodatnih kamer, omogo\u010da preprost nadzor iz ve\u010d lokacij.<\/p>\n<p data-start=\"1586\" data-end=\"1826\"><a href=\"https:\/\/www.dvc.video\/sl\/produkt\/video-nadzor\/video-pribor-sl\/daa-166ahd-2\/\" target=\"_blank\" rel=\"noopener\">DAA-166AHD &#8211; DVC<\/a><\/p>","protected":false},"excerpt":{"rendered":"<p>Pasivni video razdelilnik, ki omogo\u010da razdelitev video signala iz ene kamere na ve\u010d izhodov.<\/p>\n<p>16 alarmnih vhodov + 6 alarmnih relejnih izhodov.<\/p>\n<p>Primeren je za analogne in HD CCTV kamere (CVI \/ AHD \/ TVI \/ CVBS), kar omogo\u010da prikaz istega video posnetka na ve\u010d monitorjih hkrati ali distribucijo signala v razli\u010dne prostore.<\/p>\n<p>Oglejte si tudi druge izdelke DVC na na\u0161i <a href=\"https:\/\/www.tada.si\/en\/product-category\/video-nadzor\/dvc\/\">spletni strani z vsemi DVC izdelki<\/a>.<\/p>","protected":false},"featured_media":6844,"comment_status":"closed","ping_status":"closed","template":"","meta":{"inline_featured_image":false},"product_brand":[],"product_cat":[72,175,89],"product_tag":[],"class_list":{"0":"post-2388","1":"product","2":"type-product","3":"status-publish","4":"has-post-thumbnail","6":"product_cat-alarmni-in-video-nadzor","7":"product_cat-dodatki-sistema","8":"product_cat-dvc","9":"pa_barva-214","11":"first","12":"instock","13":"taxable","14":"shipping-taxable","15":"purchasable","16":"product-type-simple","17":"czr-hentry"},"_links":{"self":[{"href":"https:\/\/www.tada.si\/en\/wp-json\/wp\/v2\/product\/2388","targetHints":{"allow":["GET"]}}],"collection":[{"href":"https:\/\/www.tada.si\/en\/wp-json\/wp\/v2\/product"}],"about":[{"href":"https:\/\/www.tada.si\/en\/wp-json\/wp\/v2\/types\/product"}],"replies":[{"embeddable":true,"href":"https:\/\/www.tada.si\/en\/wp-json\/wp\/v2\/comments?post=2388"}],"wp:featuredmedia":[{"embeddable":true,"href":"https:\/\/www.tada.si\/en\/wp-json\/wp\/v2\/media\/6844"}],"wp:attachment":[{"href":"https:\/\/www.tada.si\/en\/wp-json\/wp\/v2\/media?parent=2388"}],"wp:term":[{"taxonomy":"product_brand","embeddable":true,"href":"https:\/\/www.tada.si\/en\/wp-json\/wp\/v2\/product_brand?post=2388"},{"taxonomy":"product_cat","embeddable":true,"href":"https:\/\/www.tada.si\/en\/wp-json\/wp\/v2\/product_cat?post=2388"},{"taxonomy":"product_tag","embeddable":true,"href":"https:\/\/www.tada.si\/en\/wp-json\/wp\/v2\/product_tag?post=2388"}],"curies":[{"name":"wp","href":"https:\/\/api.w.org\/{rel}","templated":true}]}}