{"id":2485,"date":"2020-07-17T08:22:30","date_gmt":"2020-07-17T06:22:30","guid":{"rendered":"http:\/\/www.tada.si\/?post_type=product&#038;p=2485"},"modified":"2026-03-27T14:47:03","modified_gmt":"2026-03-27T12:47:03","slug":"citalec-in-f6em","status":"publish","type":"product","link":"https:\/\/www.tada.si\/en\/trgovina\/avtomatizacija-doma\/citalci\/citalec-in-f6em\/","title":{"rendered":"\u010citalec IN-F6EM"},"content":{"rendered":"<p data-start=\"199\" data-end=\"511\">IN-F6EM je zanesljiv in sodoben samostojni \u010ditalec prstnih odtisov ter RFID brezsti\u010dnih kartic (125 kHz), zasnovan za u\u010dinkovito kontrolo pristopa in natan\u010dno evidenco delovnega \u010dasa. Zaradi svoje robustne zasnove in enostavne uporabe je idealna re\u0161itev za podjetja, pisarne, delavnice in druge poslovne objekte.<\/p>\n<p data-start=\"513\" data-end=\"798\">Naprava omogo\u010da shranjevanje do 1000 prstnih odtisov in 2000 RFID kartic, kar zagotavlja dovolj kapacitete tudi za ve\u010dje ekipe. Programiranje in upravljanje sta preprosta, saj potekata preko t. i. <em data-start=\"718\" data-end=\"726\">master<\/em> prstnega odtisa ali kartice, brez potrebe po dodatni programski opremi.<\/p>\n<p data-start=\"800\" data-end=\"1012\">Z za\u0161\u010dito IP65 je \u010ditalec odporen na prah in vlago, kar omogo\u010da zanesljivo delovanje v notranjih prostorih ter zahtevnej\u0161ih okoljih. Napajanje preko 12 V DC zagotavlja stabilno in varno delovanje naprave.<\/p>\n<h4 data-start=\"1014\" data-end=\"1037\">Klju\u010dne prednosti:<\/h4>\n<ul>\n<li data-start=\"1040\" data-end=\"1112\">Biometri\u010dna identifikacija s prstnim odtisom in RFID karticami (125 kHz)<\/li>\n<li data-start=\"1040\" data-end=\"1112\">Kapaciteta: 1000 prstnih odtisov in 2000 kartic<\/li>\n<li data-start=\"1040\" data-end=\"1112\">Enostavno programiranje preko <em data-start=\"1195\" data-end=\"1203\">master<\/em> prstnega odtisa ali kartice<\/li>\n<li data-start=\"1040\" data-end=\"1112\">Primeren za kontrolo pristopa in evidenco delovnega \u010dasa<\/li>\n<li data-start=\"1040\" data-end=\"1112\">Za\u0161\u010dita IP65 za ve\u010djo vzdr\u017eljivost<\/li>\n<li data-start=\"1040\" data-end=\"1112\">Enostavna notranja monta\u017ea<\/li>\n<li data-start=\"1040\" data-end=\"1112\">Napajanje: 12 V DC<\/li>\n<\/ul>\n<p data-start=\"1379\" data-end=\"1561\" data-is-last-node=\"\" data-is-only-node=\"\">IN-F6EM predstavlja optimalno razmerje med varnostjo, funkcionalnostjo in enostavno uporabo ter je odli\u010dna izbira za vsakogar, ki \u017eeli zanesljivo in sodobno re\u0161itev kontrole dostopa.<\/p>","protected":false},"excerpt":{"rendered":"<p>\u010citalec prstnih odtisov in RFID brezsti\u010dnih kartic 125 kHz (IN-F6EM) omogo\u010da kontrolo pristopa in evidenco delovnega \u010dasa. Podpira do 1000 prstnih odtisov in 2000 kartic. Za\u0161\u010dita IP65 omogo\u010da notranjo monta\u017eo. Programiranje preko \u00bbmaster\u00ab prsta ali kartice.<br data-start=\"257\" data-end=\"260\" \/>Napajanje: 12 VDC<\/p>\n<p>Oglejte si \u0161e ostalo ponudbo <a href=\"https:\/\/www.tada.si\/en\/product-category\/citalci\/\">\u010ditalcev za kontrolo vstopa na na\u0161i spletni strani.<\/a><\/p>","protected":false},"featured_media":9958,"comment_status":"closed","ping_status":"closed","template":"","meta":{"inline_featured_image":false},"product_brand":[],"product_cat":[178],"product_tag":[],"class_list":{"0":"post-2485","1":"product","2":"type-product","3":"status-publish","4":"has-post-thumbnail","6":"product_cat-citalci","7":"pa_barva-214","9":"first","10":"instock","11":"taxable","12":"shipping-taxable","13":"purchasable","14":"product-type-simple","15":"czr-hentry"},"_links":{"self":[{"href":"https:\/\/www.tada.si\/en\/wp-json\/wp\/v2\/product\/2485","targetHints":{"allow":["GET"]}}],"collection":[{"href":"https:\/\/www.tada.si\/en\/wp-json\/wp\/v2\/product"}],"about":[{"href":"https:\/\/www.tada.si\/en\/wp-json\/wp\/v2\/types\/product"}],"replies":[{"embeddable":true,"href":"https:\/\/www.tada.si\/en\/wp-json\/wp\/v2\/comments?post=2485"}],"wp:featuredmedia":[{"embeddable":true,"href":"https:\/\/www.tada.si\/en\/wp-json\/wp\/v2\/media\/9958"}],"wp:attachment":[{"href":"https:\/\/www.tada.si\/en\/wp-json\/wp\/v2\/media?parent=2485"}],"wp:term":[{"taxonomy":"product_brand","embeddable":true,"href":"https:\/\/www.tada.si\/en\/wp-json\/wp\/v2\/product_brand?post=2485"},{"taxonomy":"product_cat","embeddable":true,"href":"https:\/\/www.tada.si\/en\/wp-json\/wp\/v2\/product_cat?post=2485"},{"taxonomy":"product_tag","embeddable":true,"href":"https:\/\/www.tada.si\/en\/wp-json\/wp\/v2\/product_tag?post=2485"}],"curies":[{"name":"wp","href":"https:\/\/api.w.org\/{rel}","templated":true}]}}