{"id":2489,"date":"2020-07-17T08:33:12","date_gmt":"2020-07-17T06:33:12","guid":{"rendered":"http:\/\/www.tada.si\/?post_type=product&#038;p=2489"},"modified":"2026-01-31T19:03:57","modified_gmt":"2026-01-31T17:03:57","slug":"citalec-in-f6em-w","status":"publish","type":"product","link":"https:\/\/www.tada.si\/en\/trgovina\/avtomatizacija-doma\/citalci\/citalec-in-f6em-w\/","title":{"rendered":"\u010citalec IN-F6EM-W"},"content":{"rendered":"<p data-start=\"208\" data-end=\"496\">IN-F6EM-W je vodo- in vremensko odporen (IP67) samostojni biometri\u010dni \u010ditalec prstnih odtisov ter RFID brezsti\u010dnih kartic (125 kHz), zasnovan za zanesljivo kontrolo pristopa pri vhodih, vratih in objektih z visokimi zahtevami glede vzdr\u017eljivosti.<\/p>\n<p data-start=\"498\" data-end=\"767\">Ta napredna enota podpira do 1000 prstnih odtisov in 2000 kartic, kar omogo\u010da u\u010dinkovito identifikacijo ve\u010djih ekip ali uporabnikov. Avtentikacija poteka hitro in natan\u010dno \u2014 z RFID kartico, prstnim odtisom ali kombinacijo obeh.<\/p>\n<p data-start=\"769\" data-end=\"1015\">Ohi\u0161je je izdelano iz antivandal kovinskega materiala, ki pove\u010duje odpornost na mehanske po\u0161kodbe in neugodna vremenska razmerja, zato je IN-F6EM-W idealna izbira tako za notranjo kot zunanjo monta\u017eo.<\/p>\n<h4 data-start=\"1017\" data-end=\"1044\">Klju\u010dne prednosti:<\/h4>\n<ul data-start=\"1045\" data-end=\"1695\">\n<li data-start=\"1045\" data-end=\"1179\">\n<p data-start=\"1047\" data-end=\"1179\">Kompatibilnost z RFID karticami EM 125 kHz in biometri\u010dno verifikacijo prstnih odtisov<\/p>\n<\/li>\n<li data-start=\"1180\" data-end=\"1273\">\n<p data-start=\"1182\" data-end=\"1273\">1000 prstnih odtisov in 2000 kartic v spominu<\/p>\n<\/li>\n<li data-start=\"1274\" data-end=\"1375\">\n<p data-start=\"1276\" data-end=\"1375\">Vremensko odporen IP67 \u2013 primeren tudi za zunanjo uporabo<\/p>\n<\/li>\n<li data-start=\"1376\" data-end=\"1466\">\n<p data-start=\"1378\" data-end=\"1466\">Antivandal kovinsko ohi\u0161je za ve\u010djo robustnost<\/p>\n<\/li>\n<li data-start=\"1467\" data-end=\"1544\">\n<p data-start=\"1469\" data-end=\"1544\">Hitro prepoznavanje uporabnika (&lt;1 s)<\/p>\n<\/li>\n<li data-start=\"1545\" data-end=\"1632\">\n<p data-start=\"1547\" data-end=\"1632\">Programiranje preko kartice ali IR daljinca<\/p>\n<\/li>\n<li data-start=\"1633\" data-end=\"1695\">\n<p data-start=\"1635\" data-end=\"1695\">Napajanje: 12 V DC<\/p>\n<\/li>\n<\/ul>\n<p data-start=\"1697\" data-end=\"1944\">IN-F6EM-W je odli\u010dna izbira za poslovne objekte, hale, skladi\u0161\u010da ali katero koli lokacijo, kjer potrebujete zanesljiv, vzdr\u017eljiv in u\u010dinkovit sistem kontrole pristopa \u2014 \u0161e posebej v zahtevnej\u0161ih okoljih.<\/p>\n<p data-start=\"1697\" data-end=\"1944\"><img loading=\"lazy\" decoding=\"async\" class=\"\" src=\"https:\/\/cse.jo\/image\/catalog\/products\/access%20control\/F6EM-W-8.jpg\" width=\"522\" height=\"521\" \/><\/p>","protected":false},"excerpt":{"rendered":"<p>Samostojni \u010ditalec prstnih odtisov in RFID brezsti\u010dnih kartic frekvence 125kHz -IN-F6EM, s kapaciteto 1000 prstnih odtisov in 2000 kartic vam omogo\u010da kontrolo pristopa in evidenco delovnega \u010dasa. Ima za\u0161\u010dito IP 68, zato je namenjen zunanji monta\u017ei. Programiranje je omogo\u010deno preko \u201dmaster\u201d prstnega odtisa ali kartice.<br \/>\nNapajanje: 12 VDC<\/p>\n<p>Oglejte si \u0161e ostalo ponudbo\u00a0<a href=\"https:\/\/www.tada.si\/en\/product-category\/citalci\/\">\u010ditalcev za kontrolo vstopa na na\u0161i spletni strani.<\/a><\/p>","protected":false},"featured_media":9958,"comment_status":"closed","ping_status":"closed","template":"","meta":{"inline_featured_image":false},"product_brand":[],"product_cat":[178],"product_tag":[],"class_list":{"0":"post-2489","1":"product","2":"type-product","3":"status-publish","4":"has-post-thumbnail","6":"product_cat-citalci","7":"pa_barva-214","9":"first","10":"instock","11":"taxable","12":"shipping-taxable","13":"purchasable","14":"product-type-simple","15":"czr-hentry"},"_links":{"self":[{"href":"https:\/\/www.tada.si\/en\/wp-json\/wp\/v2\/product\/2489","targetHints":{"allow":["GET"]}}],"collection":[{"href":"https:\/\/www.tada.si\/en\/wp-json\/wp\/v2\/product"}],"about":[{"href":"https:\/\/www.tada.si\/en\/wp-json\/wp\/v2\/types\/product"}],"replies":[{"embeddable":true,"href":"https:\/\/www.tada.si\/en\/wp-json\/wp\/v2\/comments?post=2489"}],"wp:featuredmedia":[{"embeddable":true,"href":"https:\/\/www.tada.si\/en\/wp-json\/wp\/v2\/media\/9958"}],"wp:attachment":[{"href":"https:\/\/www.tada.si\/en\/wp-json\/wp\/v2\/media?parent=2489"}],"wp:term":[{"taxonomy":"product_brand","embeddable":true,"href":"https:\/\/www.tada.si\/en\/wp-json\/wp\/v2\/product_brand?post=2489"},{"taxonomy":"product_cat","embeddable":true,"href":"https:\/\/www.tada.si\/en\/wp-json\/wp\/v2\/product_cat?post=2489"},{"taxonomy":"product_tag","embeddable":true,"href":"https:\/\/www.tada.si\/en\/wp-json\/wp\/v2\/product_tag?post=2489"}],"curies":[{"name":"wp","href":"https:\/\/api.w.org\/{rel}","templated":true}]}}