{"id":2494,"date":"2020-07-17T09:01:27","date_gmt":"2020-07-17T09:01:27","guid":{"rendered":"http:\/\/www.tada.si\/?post_type=product&#038;p=2494"},"modified":"2026-02-09T22:25:49","modified_gmt":"2026-02-09T20:25:49","slug":"citalec-in-h3mf-w-mifare","status":"publish","type":"product","link":"https:\/\/www.tada.si\/en\/trgovina\/avtomatizacija-doma\/citalci\/citalec-in-h3mf-w-mifare\/","title":{"rendered":"\u010citalec IN-H3MF-W\/mifare"},"content":{"rendered":"<p>Samostojni \u010ditalec brezsti\u010dnih kartic MiFare z vgrajeno tipkovnico v vodoodpornem antivandal ohi\u0161ju vam zagotavlja \u017ea\u0161\u010dito po IP standardu &#8211; IP68. Omogo\u010da vam uporabo za max. 2000 uporabnikov. Im kromirano ohi\u0161je z antisabota\u017enim stikalom. Napajanje: 12\/24 Vdc<\/p>\n<p>Uporablja se lahko kot Weigand 26-bitni \u010ditalec kartic s tipkovnico. Podpira razli\u010dne na\u010din dela, kot so:<\/p>\n<ul>\n<li>samo kartica,<\/li>\n<li>samo PIN koda,<\/li>\n<li>Kartica + PIN koda.<\/li>\n<\/ul>","protected":false},"excerpt":{"rendered":"<p>Samostojni \u010ditalec brezsti\u010dnih kartic MiFare z vgrajeno tipkovnico v vodoodpornem antivandal ohi\u0161ju vam zagotavlja \u017ea\u0161\u010dito po IP standardu &#8211; IP68. Omogo\u010da vam uporabo za max. 2000 uporabnikov. Im kromirano ohi\u0161je z antisabota\u017enim stikalom. Napajanje: 12\/24 Vdc<\/p>\n<p>Uporablja se lahko kot Weigand 26-bitni \u010ditalec kartic s tipkovnico. Podpira razli\u010dne na\u010din dela, kot so:<\/p>\n<ul>\n<li>samo kartica,<\/li>\n<li>samo PIN koda,<\/li>\n<li>Kartica + PIN koda.<\/li>\n<\/ul>","protected":false},"featured_media":2495,"comment_status":"closed","ping_status":"closed","template":"","meta":{"inline_featured_image":false},"product_brand":[],"product_cat":[178],"product_tag":[],"class_list":{"0":"post-2494","1":"product","2":"type-product","3":"status-publish","4":"has-post-thumbnail","6":"product_cat-citalci","7":"pa_barva-214","9":"first","10":"instock","11":"taxable","12":"shipping-taxable","13":"purchasable","14":"product-type-simple","15":"czr-hentry"},"_links":{"self":[{"href":"https:\/\/www.tada.si\/en\/wp-json\/wp\/v2\/product\/2494","targetHints":{"allow":["GET"]}}],"collection":[{"href":"https:\/\/www.tada.si\/en\/wp-json\/wp\/v2\/product"}],"about":[{"href":"https:\/\/www.tada.si\/en\/wp-json\/wp\/v2\/types\/product"}],"replies":[{"embeddable":true,"href":"https:\/\/www.tada.si\/en\/wp-json\/wp\/v2\/comments?post=2494"}],"wp:featuredmedia":[{"embeddable":true,"href":"https:\/\/www.tada.si\/en\/wp-json\/wp\/v2\/media\/2495"}],"wp:attachment":[{"href":"https:\/\/www.tada.si\/en\/wp-json\/wp\/v2\/media?parent=2494"}],"wp:term":[{"taxonomy":"product_brand","embeddable":true,"href":"https:\/\/www.tada.si\/en\/wp-json\/wp\/v2\/product_brand?post=2494"},{"taxonomy":"product_cat","embeddable":true,"href":"https:\/\/www.tada.si\/en\/wp-json\/wp\/v2\/product_cat?post=2494"},{"taxonomy":"product_tag","embeddable":true,"href":"https:\/\/www.tada.si\/en\/wp-json\/wp\/v2\/product_tag?post=2494"}],"curies":[{"name":"wp","href":"https:\/\/api.w.org\/{rel}","templated":true}]}}