{"id":2496,"date":"2020-07-17T09:10:10","date_gmt":"2020-07-17T07:10:10","guid":{"rendered":"http:\/\/www.tada.si\/?post_type=product&#038;p=2496"},"modified":"2026-02-09T22:25:22","modified_gmt":"2026-02-09T20:25:22","slug":"citalec-in-h4em-w","status":"publish","type":"product","link":"https:\/\/www.tada.si\/en\/trgovina\/avtomatizacija-doma\/citalci\/citalec-in-h4em-w\/","title":{"rendered":"\u010citalec IN-H4EM-W"},"content":{"rendered":"<p>Samostojni \u010ditalec brezsti\u010dnih kartic 125 kHz z vgrajeno tipkovnico v vodoodpornem antivandal ohi\u0161ju, katero ustreza standardu IP68. Omogo\u010da vam uporabo za max. 2000 uporabnikov.Ima kromirano ohi\u0161je z antisabota\u017enim stikalom.\u00a0 Napajanje: 12\/24 Vdc<\/p>\n<p>Uporablja se lahko kot Weigand 26-bitni \u010ditalec kartic s tipkovnico. Podpira ve\u010d raz\u010di\u010dnih na\u010dinov dela, kot so:<\/p>\n<ul>\n<li>samo kartica,<\/li>\n<li>samo PIN koda,<\/li>\n<li>Kartica + PIN koda.<\/li>\n<\/ul>","protected":false},"excerpt":{"rendered":"<p>Samostojni \u010ditalec brezsti\u010dnih kartic 125 kHz z vgrajeno tipkovnico v vodoodpornem antivandal ohi\u0161ju, katero ustreza standardu IP68. Omogo\u010da vam uporabo za max. 2000 uporabnikov. Ima kromirano ohi\u0161je z antisabota\u017enim stikalom.\u00a0 Napajanje: 12\/24 Vdc<\/p>\n<p>Uporablja se lahko kot Weigand 26-bitni \u010ditalec kartic s tipkovnico. Podpira ve\u010d raz\u010di\u010dnih na\u010dinov dela, kot so:<\/p>\n<ul>\n<li>samo kartica,<\/li>\n<li>samo PIN koda,<\/li>\n<li>Kartica + PIN koda.<\/li>\n<\/ul>","protected":false},"featured_media":2497,"comment_status":"closed","ping_status":"closed","template":"","meta":{"inline_featured_image":false},"product_brand":[],"product_cat":[178],"product_tag":[],"class_list":{"0":"post-2496","1":"product","2":"type-product","3":"status-publish","4":"has-post-thumbnail","6":"product_cat-citalci","7":"pa_barva-214","9":"first","10":"instock","11":"taxable","12":"shipping-taxable","13":"purchasable","14":"product-type-simple","15":"czr-hentry"},"_links":{"self":[{"href":"https:\/\/www.tada.si\/en\/wp-json\/wp\/v2\/product\/2496","targetHints":{"allow":["GET"]}}],"collection":[{"href":"https:\/\/www.tada.si\/en\/wp-json\/wp\/v2\/product"}],"about":[{"href":"https:\/\/www.tada.si\/en\/wp-json\/wp\/v2\/types\/product"}],"replies":[{"embeddable":true,"href":"https:\/\/www.tada.si\/en\/wp-json\/wp\/v2\/comments?post=2496"}],"wp:featuredmedia":[{"embeddable":true,"href":"https:\/\/www.tada.si\/en\/wp-json\/wp\/v2\/media\/2497"}],"wp:attachment":[{"href":"https:\/\/www.tada.si\/en\/wp-json\/wp\/v2\/media?parent=2496"}],"wp:term":[{"taxonomy":"product_brand","embeddable":true,"href":"https:\/\/www.tada.si\/en\/wp-json\/wp\/v2\/product_brand?post=2496"},{"taxonomy":"product_cat","embeddable":true,"href":"https:\/\/www.tada.si\/en\/wp-json\/wp\/v2\/product_cat?post=2496"},{"taxonomy":"product_tag","embeddable":true,"href":"https:\/\/www.tada.si\/en\/wp-json\/wp\/v2\/product_tag?post=2496"}],"curies":[{"name":"wp","href":"https:\/\/api.w.org\/{rel}","templated":true}]}}