{"id":2498,"date":"2020-07-17T09:34:49","date_gmt":"2020-07-17T09:34:49","guid":{"rendered":"http:\/\/www.tada.si\/?post_type=product&#038;p=2498"},"modified":"2026-02-09T22:25:08","modified_gmt":"2026-02-09T20:25:08","slug":"citalec-in-h4mf-w-mifare","status":"publish","type":"product","link":"https:\/\/www.tada.si\/en\/trgovina\/avtomatizacija-doma\/citalci\/citalec-in-h4mf-w-mifare\/","title":{"rendered":"\u010citalec IN-H4MF-W"},"content":{"rendered":"<p>Samostojni \u010ditalec brezsti\u010dnih kartic, s frekvenco 13,56MHz, z vgrajeno tipkovnico, v vodoodpornem antivandal ohi\u0161ju. (IP68) za max. 2000 uporabnikov. Uporablja se lahko kot Weigand 26-bitni \u010ditalec kartic s tipkovnico. Podpira na\u010din dela: samo kartica, samo PIN koda, Kartica + PIN koda. Kromirano ohi\u0161je z antisabota\u017enim stikalom. Napajanje: 12\/24 Vdc. Dimenzije: 118x81x26 mm.<\/p>","protected":false},"excerpt":{"rendered":"<p>Samostojni \u010ditalec brezsti\u010dnih kartic, s frekvenco 13,56MHz, z vgrajeno tipkovnico, v vodoodpornem antivandal ohi\u0161ju. (IP68) za max. 2000 uporabnikov. Uporablja se lahko kot Weigand 26-bitni \u010ditalec kartic s tipkovnico. Podpira na\u010din dela: samo kartica, samo PIN koda, Kartica + PIN koda. Kromirano ohi\u0161je z antisabota\u017enim stikalom. Napajanje: 12\/24 Vdc. Dimenzije: 118x81x26 mm.<\/p>","protected":false},"featured_media":2499,"comment_status":"closed","ping_status":"closed","template":"","meta":{"inline_featured_image":false},"product_brand":[],"product_cat":[178],"product_tag":[],"class_list":{"0":"post-2498","1":"product","2":"type-product","3":"status-publish","4":"has-post-thumbnail","6":"product_cat-citalci","7":"pa_barva-214","9":"first","10":"instock","11":"taxable","12":"shipping-taxable","13":"purchasable","14":"product-type-simple","15":"czr-hentry"},"_links":{"self":[{"href":"https:\/\/www.tada.si\/en\/wp-json\/wp\/v2\/product\/2498","targetHints":{"allow":["GET"]}}],"collection":[{"href":"https:\/\/www.tada.si\/en\/wp-json\/wp\/v2\/product"}],"about":[{"href":"https:\/\/www.tada.si\/en\/wp-json\/wp\/v2\/types\/product"}],"replies":[{"embeddable":true,"href":"https:\/\/www.tada.si\/en\/wp-json\/wp\/v2\/comments?post=2498"}],"wp:featuredmedia":[{"embeddable":true,"href":"https:\/\/www.tada.si\/en\/wp-json\/wp\/v2\/media\/2499"}],"wp:attachment":[{"href":"https:\/\/www.tada.si\/en\/wp-json\/wp\/v2\/media?parent=2498"}],"wp:term":[{"taxonomy":"product_brand","embeddable":true,"href":"https:\/\/www.tada.si\/en\/wp-json\/wp\/v2\/product_brand?post=2498"},{"taxonomy":"product_cat","embeddable":true,"href":"https:\/\/www.tada.si\/en\/wp-json\/wp\/v2\/product_cat?post=2498"},{"taxonomy":"product_tag","embeddable":true,"href":"https:\/\/www.tada.si\/en\/wp-json\/wp\/v2\/product_tag?post=2498"}],"curies":[{"name":"wp","href":"https:\/\/api.w.org\/{rel}","templated":true}]}}