{"id":2504,"date":"2020-07-17T09:59:35","date_gmt":"2020-07-17T07:59:35","guid":{"rendered":"http:\/\/www.tada.si\/?post_type=product&#038;p=2504"},"modified":"2026-02-09T22:24:42","modified_gmt":"2026-02-09T20:24:42","slug":"citalec-in-t3em","status":"publish","type":"product","link":"https:\/\/www.tada.si\/en\/trgovina\/avtomatizacija-doma\/citalci\/citalec-in-t3em\/","title":{"rendered":"\u010citalec IN-T3EM"},"content":{"rendered":"<p>Samostojni \u010ditalec EM 125 kHz kartic s tipkovnico ob\u010dutljivo na dotik v vodoodpornem, antivandal ohi\u0161ju, ki vam omogo\u010da za\u0161\u010dito po standardu IP65. Omogo\u010da vam uporabo za max. 2000 uporabnikov. Ima anti-sabota\u017eni senzor. Lahko se uporablja tudi kot Wiegand 26-bitni \u010ditalec kartic s tipkovnico. Podpira ve\u010d razli\u010dnih na\u010dinov delovanja, kot so:<\/p>\n<ul>\n<li>samo kartica,<\/li>\n<li>samo PIN koda,<\/li>\n<li>kartica + PIN koda.<\/li>\n<\/ul>","protected":false},"excerpt":{"rendered":"<p>Samostojni \u010ditalec EM 125 kHz kartic s tipkovnico ob\u010dutljivo na dotik v vodoodpornem, antivandal ohi\u0161ju, ki vam omogo\u010da za\u0161\u010dito po standardu IP65. Omogo\u010da vam uporabo za max. 2000 uporabnikov. Ima anti-sabota\u017eni senzor. Lahko se uporablja tudi kot Wiegand 26-bitni \u010ditalec kartic s tipkovnico. Podpira ve\u010d razli\u010dnih na\u010dinov delovanja, kot so:<\/p>\n<ul>\n<li>samo kartica,<\/li>\n<li>samo PIN koda,<\/li>\n<li>kartica + PIN koda.<\/li>\n<\/ul>","protected":false},"featured_media":9084,"comment_status":"closed","ping_status":"closed","template":"","meta":{"inline_featured_image":false},"product_brand":[],"product_cat":[178],"product_tag":[],"class_list":{"0":"post-2504","1":"product","2":"type-product","3":"status-publish","4":"has-post-thumbnail","6":"product_cat-citalci","7":"pa_barva-214","9":"first","10":"instock","11":"taxable","12":"shipping-taxable","13":"purchasable","14":"product-type-simple","15":"czr-hentry"},"_links":{"self":[{"href":"https:\/\/www.tada.si\/en\/wp-json\/wp\/v2\/product\/2504","targetHints":{"allow":["GET"]}}],"collection":[{"href":"https:\/\/www.tada.si\/en\/wp-json\/wp\/v2\/product"}],"about":[{"href":"https:\/\/www.tada.si\/en\/wp-json\/wp\/v2\/types\/product"}],"replies":[{"embeddable":true,"href":"https:\/\/www.tada.si\/en\/wp-json\/wp\/v2\/comments?post=2504"}],"wp:featuredmedia":[{"embeddable":true,"href":"https:\/\/www.tada.si\/en\/wp-json\/wp\/v2\/media\/9084"}],"wp:attachment":[{"href":"https:\/\/www.tada.si\/en\/wp-json\/wp\/v2\/media?parent=2504"}],"wp:term":[{"taxonomy":"product_brand","embeddable":true,"href":"https:\/\/www.tada.si\/en\/wp-json\/wp\/v2\/product_brand?post=2504"},{"taxonomy":"product_cat","embeddable":true,"href":"https:\/\/www.tada.si\/en\/wp-json\/wp\/v2\/product_cat?post=2504"},{"taxonomy":"product_tag","embeddable":true,"href":"https:\/\/www.tada.si\/en\/wp-json\/wp\/v2\/product_tag?post=2504"}],"curies":[{"name":"wp","href":"https:\/\/api.w.org\/{rel}","templated":true}]}}