{"id":2506,"date":"2020-07-17T10:08:46","date_gmt":"2020-07-17T10:08:46","guid":{"rendered":"http:\/\/www.tada.si\/?post_type=product&#038;p=2506"},"modified":"2026-02-09T22:24:11","modified_gmt":"2026-02-09T20:24:11","slug":"citalec-in-t3mf-w-mifare","status":"publish","type":"product","link":"https:\/\/www.tada.si\/en\/trgovina\/avtomatizacija-doma\/citalci\/citalec-in-t3mf-w-mifare\/","title":{"rendered":"\u010citalec IN-T3MF-W\/mifare"},"content":{"rendered":"<p>Samostojni \u010ditalec MF 13,56 MHz kartic s tipkovnico ob\u010dutljivo na dotik. Ima anti-sabota\u017eni senzor.<\/p>\n<p>Lahko se uporablja tudi kot wiegand 26-bitni \u010ditalec kartic s tipkovnico. Podpira ve\u010d re\u017eimov delovanja, kot so:<\/p>\n<ul>\n<li>samo kartica,<\/li>\n<li>samo PIN koda,<\/li>\n<li>kartica + PIN koda.<\/li>\n<\/ul>","protected":false},"excerpt":{"rendered":"<p>Samostojni \u010ditalec MF 13,56 MHz kartic s tipkovnico ob\u010dutljivo na dotik. Ima anti-sabota\u017eni senzor.<\/p>\n<p>Lahko se uporablja tudi kot Wiegand 26-bitni \u010ditalec kartic s tipkovnico. Podpira ve\u010d re\u017eimov delovanja, kot so:<\/p>\n<ul>\n<li>samo kartica,<\/li>\n<li>samo PIN koda,<\/li>\n<li>kartica + PIN koda.<\/li>\n<\/ul>","protected":false},"featured_media":2507,"comment_status":"closed","ping_status":"closed","template":"","meta":{"inline_featured_image":false},"product_brand":[],"product_cat":[178],"product_tag":[],"class_list":{"0":"post-2506","1":"product","2":"type-product","3":"status-publish","4":"has-post-thumbnail","6":"product_cat-citalci","7":"pa_barva-214","9":"first","10":"instock","11":"taxable","12":"shipping-taxable","13":"purchasable","14":"product-type-simple","15":"czr-hentry"},"_links":{"self":[{"href":"https:\/\/www.tada.si\/en\/wp-json\/wp\/v2\/product\/2506","targetHints":{"allow":["GET"]}}],"collection":[{"href":"https:\/\/www.tada.si\/en\/wp-json\/wp\/v2\/product"}],"about":[{"href":"https:\/\/www.tada.si\/en\/wp-json\/wp\/v2\/types\/product"}],"replies":[{"embeddable":true,"href":"https:\/\/www.tada.si\/en\/wp-json\/wp\/v2\/comments?post=2506"}],"wp:featuredmedia":[{"embeddable":true,"href":"https:\/\/www.tada.si\/en\/wp-json\/wp\/v2\/media\/2507"}],"wp:attachment":[{"href":"https:\/\/www.tada.si\/en\/wp-json\/wp\/v2\/media?parent=2506"}],"wp:term":[{"taxonomy":"product_brand","embeddable":true,"href":"https:\/\/www.tada.si\/en\/wp-json\/wp\/v2\/product_brand?post=2506"},{"taxonomy":"product_cat","embeddable":true,"href":"https:\/\/www.tada.si\/en\/wp-json\/wp\/v2\/product_cat?post=2506"},{"taxonomy":"product_tag","embeddable":true,"href":"https:\/\/www.tada.si\/en\/wp-json\/wp\/v2\/product_tag?post=2506"}],"curies":[{"name":"wp","href":"https:\/\/api.w.org\/{rel}","templated":true}]}}