{"id":2508,"date":"2020-07-17T10:20:06","date_gmt":"2020-07-17T10:20:06","guid":{"rendered":"http:\/\/www.tada.si\/?post_type=product&#038;p=2508"},"modified":"2026-01-31T20:01:05","modified_gmt":"2026-01-31T18:01:05","slug":"citalec-in-t4em","status":"publish","type":"product","link":"https:\/\/www.tada.si\/en\/trgovina\/avtomatizacija-doma\/citalci\/citalec-in-t4em\/","title":{"rendered":"\u010citalec IN-T4EM"},"content":{"rendered":"<p data-start=\"297\" data-end=\"714\">IN\u2011T4EM je zmogljiv samostojni RFID brezsti\u010dni \u010ditalec 125\u202fkHz z vgrajeno tipkovnico, zasnovan za u\u010dinkovito in varno kontrolo pristopa in uporabo v razli\u010dnih poslovnih ter industrijskih okoljih. Zaradi robustne konstrukcije in vsestranske funkcionalnosti je idealna izbira za podjetja, pisarne, skladi\u0161\u010da, ve\u010dstanovanjske objekte ali druge to\u010dke, kjer \u017eelite nadzor dostopa brez kompleksnih sistemov.<\/p>\n<p data-start=\"716\" data-end=\"1186\">Omogo\u010da identifikacijo uporabnikov preko brezkontaktnih kartic, PIN kod ali kombinacije obeh \u2014 kar pomeni ve\u010djo fleksibilnost in vi\u0161jo stopnjo varnosti. Zaradi tipkovnice z mo\u017enostjo vnosa PIN kode je naprava primerna tudi za samostojno uporabo tam, kjer \u017eelite nadzor ne samo z RFID karticami, ampak tudi z dodatno kodo. Poleg tega podpira standard Wiegand 26\u2011bit, kar omogo\u010da povezavo z obstoje\u010dimi sistemi kontrole dostopa in alarmnimi centralami.<\/p>\n<p data-start=\"1188\" data-end=\"1411\">Robustno IP65 vodoodporno antivandal ohi\u0161je omogo\u010da zunanjo monta\u017eo in odli\u010dno odpornost proti prahu, vlagi ter mehanskim vplivom. Napajanje 12\/24\u202fV DC omogo\u010da enostavno integracijo v razli\u010dne instalacijske razmere.<\/p>\n<h4 data-start=\"1413\" data-end=\"1438\">Klju\u010dne prednosti:<\/h4>\n<ul data-start=\"1439\" data-end=\"1782\">\n<li data-start=\"1439\" data-end=\"1478\">\n<p data-start=\"1441\" data-end=\"1478\">Samostojni RFID \u010ditalec 125\u202fkHz<\/p>\n<\/li>\n<li data-start=\"1479\" data-end=\"1543\">\n<p data-start=\"1481\" data-end=\"1543\">Vgrajena tipkovnica za PIN ali kombinacijo kartica + PIN<\/p>\n<\/li>\n<li data-start=\"1544\" data-end=\"1583\">\n<p data-start=\"1546\" data-end=\"1583\">Podpora za Wiegand 26\u2011bit izhod<\/p>\n<\/li>\n<li data-start=\"1584\" data-end=\"1626\">\n<p data-start=\"1586\" data-end=\"1626\">IP65 vodoodporen antivandal ohi\u0161je<\/p>\n<\/li>\n<li data-start=\"1627\" data-end=\"1673\">\n<p data-start=\"1629\" data-end=\"1673\">Enostavna monta\u017ea in robustna konstrukcija<\/p>\n<\/li>\n<li data-start=\"1674\" data-end=\"1711\">\n<p data-start=\"1676\" data-end=\"1711\">Fleksibilni na\u010dini identifikacije<\/p>\n<\/li>\n<li data-start=\"1712\" data-end=\"1740\">\n<p data-start=\"1714\" data-end=\"1740\">Napajanje 12\/24\u202fV DC<\/p>\n<\/li>\n<li data-start=\"1741\" data-end=\"1782\">\n<p data-start=\"1743\" data-end=\"1782\">Primeren za notranjo in zunanjo uporabo<\/p>\n<\/li>\n<\/ul>\n<p data-start=\"1784\" data-end=\"1938\">IN\u2011T4EM predstavlja zanesljivo in prilagodljivo re\u0161itev kontrole pristopa, ki zdru\u017euje enostavnost uporabe, robustnost in profesionalno delovanje.<\/p>","protected":false},"excerpt":{"rendered":"<p>Samostojni \u010ditalec EM 125 kHz kartic s tipkovnico ob\u010dutljivo na dotik v vodoodpornem ohi\u0161ju, katero vam zagotavlja za\u0161\u010dito po standardu IP65. Omogo\u010da vam uporabo za max. 2000 uporabnikov. Ima anti-sabota\u017eni senzor.<\/p>\n<p>Lahko se uporablja tudi kot Wiegand 26-bitni \u010ditalec kartic s tipkovnico. Podpira ve\u010d re\u017eimov delovanja:<\/p>\n<ul>\n<li>samo kartica,<\/li>\n<li>samo PIN koda,<\/li>\n<li>kartica + PIN koda.<\/li>\n<\/ul>\n<p>Oglejte si \u0161e ostalo ponudbo\u00a0<a href=\"https:\/\/www.tada.si\/en\/product-category\/citalci\/\">\u010ditalcev za kontrolo vstopa na na\u0161i spletni strani.<\/a><\/p>","protected":false},"featured_media":9971,"comment_status":"closed","ping_status":"closed","template":"","meta":{"inline_featured_image":false},"product_brand":[],"product_cat":[178],"product_tag":[],"class_list":{"0":"post-2508","1":"product","2":"type-product","3":"status-publish","4":"has-post-thumbnail","6":"product_cat-citalci","7":"pa_barva-214","9":"first","10":"instock","11":"taxable","12":"shipping-taxable","13":"purchasable","14":"product-type-simple","15":"czr-hentry"},"_links":{"self":[{"href":"https:\/\/www.tada.si\/en\/wp-json\/wp\/v2\/product\/2508","targetHints":{"allow":["GET"]}}],"collection":[{"href":"https:\/\/www.tada.si\/en\/wp-json\/wp\/v2\/product"}],"about":[{"href":"https:\/\/www.tada.si\/en\/wp-json\/wp\/v2\/types\/product"}],"replies":[{"embeddable":true,"href":"https:\/\/www.tada.si\/en\/wp-json\/wp\/v2\/comments?post=2508"}],"wp:featuredmedia":[{"embeddable":true,"href":"https:\/\/www.tada.si\/en\/wp-json\/wp\/v2\/media\/9971"}],"wp:attachment":[{"href":"https:\/\/www.tada.si\/en\/wp-json\/wp\/v2\/media?parent=2508"}],"wp:term":[{"taxonomy":"product_brand","embeddable":true,"href":"https:\/\/www.tada.si\/en\/wp-json\/wp\/v2\/product_brand?post=2508"},{"taxonomy":"product_cat","embeddable":true,"href":"https:\/\/www.tada.si\/en\/wp-json\/wp\/v2\/product_cat?post=2508"},{"taxonomy":"product_tag","embeddable":true,"href":"https:\/\/www.tada.si\/en\/wp-json\/wp\/v2\/product_tag?post=2508"}],"curies":[{"name":"wp","href":"https:\/\/api.w.org\/{rel}","templated":true}]}}