{"id":2514,"date":"2020-07-17T10:33:49","date_gmt":"2020-07-17T10:33:49","guid":{"rendered":"http:\/\/www.tada.si\/?post_type=product&#038;p=2514"},"modified":"2026-02-09T22:22:47","modified_gmt":"2026-02-09T20:22:47","slug":"citalec-in-t10mf-w-mifare","status":"publish","type":"product","link":"https:\/\/www.tada.si\/en\/trgovina\/avtomatizacija-doma\/citalci\/citalec-in-t10mf-w-mifare\/","title":{"rendered":"\u010citalec IN-T10MF-W\/mifare"},"content":{"rendered":"<p>Samostojni \u010ditalec MF 13,56 MHz kartic s tipkovnico v antivandal ohi\u0161ju, vam omogo\u010da uporabo za max. 2000 uporabnikov. Ima kromirano ohi\u0161je in anti sabota\u017eni senzor.<\/p>\n<div id=\"ContentPlaceHolder1_FormViewProductDetails_ActiveItem\">\n<div id=\"ContentPlaceHolder1_FormViewProductDetails_PanelStock\"><\/div>\n<\/div>\n<p>Lahko se uporablja tudi kot Wiegand 26-bitni \u010ditalec kartic s tipkovnico. Podpira ve\u010d re\u017eimov delovanja:<\/p>\n<ul>\n<li>samo kartica,<\/li>\n<li>samo PIN koda,<\/li>\n<li>kartica + PIN koda.<\/li>\n<\/ul>","protected":false},"excerpt":{"rendered":"<p>Samostojni \u010ditalec MF 13,56 MHz kartic s tipkovnico v antivandal ohi\u0161ju, vam omogo\u010da uporabo za max. 2000 uporabnikov. Ima kromirano ohi\u0161je in anti sabota\u017eni senzor.<\/p>\n<div id=\"ContentPlaceHolder1_FormViewProductDetails_ActiveItem\">\n<div id=\"ContentPlaceHolder1_FormViewProductDetails_PanelStock\"><\/div>\n<\/div>\n<p>Lahko se uporablja tudi kot Wiegand 26-bitni \u010ditalec kartic s tipkovnico. Podpira ve\u010d re\u017eimov delovanja:<\/p>\n<ul>\n<li>samo kartica,<\/li>\n<li>samo PIN koda,<\/li>\n<li>kartica + PIN koda.<\/li>\n<\/ul>","protected":false},"featured_media":2515,"comment_status":"closed","ping_status":"closed","template":"","meta":{"inline_featured_image":false},"product_brand":[],"product_cat":[178],"product_tag":[],"class_list":{"0":"post-2514","1":"product","2":"type-product","3":"status-publish","4":"has-post-thumbnail","6":"product_cat-citalci","7":"pa_barva-214","9":"first","10":"instock","11":"taxable","12":"shipping-taxable","13":"purchasable","14":"product-type-simple","15":"czr-hentry"},"_links":{"self":[{"href":"https:\/\/www.tada.si\/en\/wp-json\/wp\/v2\/product\/2514","targetHints":{"allow":["GET"]}}],"collection":[{"href":"https:\/\/www.tada.si\/en\/wp-json\/wp\/v2\/product"}],"about":[{"href":"https:\/\/www.tada.si\/en\/wp-json\/wp\/v2\/types\/product"}],"replies":[{"embeddable":true,"href":"https:\/\/www.tada.si\/en\/wp-json\/wp\/v2\/comments?post=2514"}],"wp:featuredmedia":[{"embeddable":true,"href":"https:\/\/www.tada.si\/en\/wp-json\/wp\/v2\/media\/2515"}],"wp:attachment":[{"href":"https:\/\/www.tada.si\/en\/wp-json\/wp\/v2\/media?parent=2514"}],"wp:term":[{"taxonomy":"product_brand","embeddable":true,"href":"https:\/\/www.tada.si\/en\/wp-json\/wp\/v2\/product_brand?post=2514"},{"taxonomy":"product_cat","embeddable":true,"href":"https:\/\/www.tada.si\/en\/wp-json\/wp\/v2\/product_cat?post=2514"},{"taxonomy":"product_tag","embeddable":true,"href":"https:\/\/www.tada.si\/en\/wp-json\/wp\/v2\/product_tag?post=2514"}],"curies":[{"name":"wp","href":"https:\/\/api.w.org\/{rel}","templated":true}]}}