{"id":2518,"date":"2020-07-17T10:44:04","date_gmt":"2020-07-17T08:44:04","guid":{"rendered":"http:\/\/www.tada.si\/?post_type=product&#038;p=2518"},"modified":"2026-02-09T22:22:22","modified_gmt":"2026-02-09T20:22:22","slug":"citalec-in-m2","status":"publish","type":"product","link":"https:\/\/www.tada.si\/en\/trgovina\/avtomatizacija-doma\/citalci\/citalec-in-m2\/","title":{"rendered":"\u010citalec IN-M2"},"content":{"rendered":"<p>Samostojni \u010ditalec EM 125 kHz kartic v antivandal ohi\u0161ju vam omogo\u010da uporabo za max. 10 000 uporabnikov z relejnim izhodom. Ima kromirano\u00a0 ter vodootporno ohi\u0161je, ki ustreza standardom IP68. Programiranje je mogo\u010de z Master kartico in daljinskim upravljalnikom. Vgrajen ima tudi anti sabota\u017eni senzor.<\/p>","protected":false},"excerpt":{"rendered":"<p>Samostojni \u010ditalec EM 125 kHz kartic v antivandal ohi\u0161ju vam omogo\u010da uporabo za max. 10 000 uporabnikov z relejnim izhodom. Ima kromirano\u00a0 ter vodootporno ohi\u0161je, ki ustreza standardom IP68. Programiranje je mogo\u010de z Master kartico in daljinskim upravljalnikom. Vgrajen ima tudi anti sabota\u017eni senzor.<\/p>","protected":false},"featured_media":2519,"comment_status":"closed","ping_status":"closed","template":"","meta":{"inline_featured_image":false},"product_brand":[],"product_cat":[178],"product_tag":[],"class_list":{"0":"post-2518","1":"product","2":"type-product","3":"status-publish","4":"has-post-thumbnail","6":"product_cat-citalci","7":"pa_barva-214","9":"first","10":"instock","11":"taxable","12":"shipping-taxable","13":"purchasable","14":"product-type-simple","15":"czr-hentry"},"_links":{"self":[{"href":"https:\/\/www.tada.si\/en\/wp-json\/wp\/v2\/product\/2518","targetHints":{"allow":["GET"]}}],"collection":[{"href":"https:\/\/www.tada.si\/en\/wp-json\/wp\/v2\/product"}],"about":[{"href":"https:\/\/www.tada.si\/en\/wp-json\/wp\/v2\/types\/product"}],"replies":[{"embeddable":true,"href":"https:\/\/www.tada.si\/en\/wp-json\/wp\/v2\/comments?post=2518"}],"wp:featuredmedia":[{"embeddable":true,"href":"https:\/\/www.tada.si\/en\/wp-json\/wp\/v2\/media\/2519"}],"wp:attachment":[{"href":"https:\/\/www.tada.si\/en\/wp-json\/wp\/v2\/media?parent=2518"}],"wp:term":[{"taxonomy":"product_brand","embeddable":true,"href":"https:\/\/www.tada.si\/en\/wp-json\/wp\/v2\/product_brand?post=2518"},{"taxonomy":"product_cat","embeddable":true,"href":"https:\/\/www.tada.si\/en\/wp-json\/wp\/v2\/product_cat?post=2518"},{"taxonomy":"product_tag","embeddable":true,"href":"https:\/\/www.tada.si\/en\/wp-json\/wp\/v2\/product_tag?post=2518"}],"curies":[{"name":"wp","href":"https:\/\/api.w.org\/{rel}","templated":true}]}}