{"id":2520,"date":"2020-07-17T10:56:43","date_gmt":"2020-07-17T08:56:43","guid":{"rendered":"http:\/\/www.tada.si\/?post_type=product&#038;p=2520"},"modified":"2026-02-09T22:22:05","modified_gmt":"2026-02-09T20:22:05","slug":"citalec-in-k8em-w","status":"publish","type":"product","link":"https:\/\/www.tada.si\/en\/trgovina\/avtomatizacija-doma\/citalci\/citalec-in-k8em-w\/","title":{"rendered":"\u010citalec IN-K8EM-W"},"content":{"rendered":"<p>Samostojni \u010ditalec EM 125 kHz kartic s tipkovnico v vodoodpornem ter anti-vandalnem ohi\u0161ju, ki zagotavlja odpornost po standardu IP68. Omogo\u010da vam uporabo\u00a0 za max. 2000 uporabnikov. Ima kromirano ohi\u0161je z anti-sabota\u017enim senzorjem.<\/p>\n<p>Podpira razli\u010dne re\u017eime delovanja:<\/p>\n<ul>\n<li>samo kartica,<\/li>\n<li>samo PIN koda,<\/li>\n<li>kartica + PIN koda.<\/li>\n<\/ul>","protected":false},"excerpt":{"rendered":"<p>Samostojni \u010ditalec EM 125 kHz kartic s tipkovnico v vodoodpornem ter anti-vandalnem ohi\u0161ju, ki zagotavlja odpornost po standardu IP68. Omogo\u010da vam uporabo\u00a0 za max. 2000 uporabnikov. Ima kromirano ohi\u0161je z anti-sabota\u017enim senzorjem.<\/p>\n<p>Podpira razli\u010dne re\u017eime delovanja:<\/p>\n<ul>\n<li>samo kartica,<\/li>\n<li>samo PIN koda,<\/li>\n<li>kartica + PIN koda.<\/li>\n<\/ul>","protected":false},"featured_media":2521,"comment_status":"closed","ping_status":"closed","template":"","meta":{"inline_featured_image":false},"product_brand":[],"product_cat":[178],"product_tag":[],"class_list":{"0":"post-2520","1":"product","2":"type-product","3":"status-publish","4":"has-post-thumbnail","6":"product_cat-citalci","7":"pa_barva-214","9":"first","10":"instock","11":"taxable","12":"shipping-taxable","13":"purchasable","14":"product-type-simple","15":"czr-hentry"},"_links":{"self":[{"href":"https:\/\/www.tada.si\/en\/wp-json\/wp\/v2\/product\/2520","targetHints":{"allow":["GET"]}}],"collection":[{"href":"https:\/\/www.tada.si\/en\/wp-json\/wp\/v2\/product"}],"about":[{"href":"https:\/\/www.tada.si\/en\/wp-json\/wp\/v2\/types\/product"}],"replies":[{"embeddable":true,"href":"https:\/\/www.tada.si\/en\/wp-json\/wp\/v2\/comments?post=2520"}],"wp:featuredmedia":[{"embeddable":true,"href":"https:\/\/www.tada.si\/en\/wp-json\/wp\/v2\/media\/2521"}],"wp:attachment":[{"href":"https:\/\/www.tada.si\/en\/wp-json\/wp\/v2\/media?parent=2520"}],"wp:term":[{"taxonomy":"product_brand","embeddable":true,"href":"https:\/\/www.tada.si\/en\/wp-json\/wp\/v2\/product_brand?post=2520"},{"taxonomy":"product_cat","embeddable":true,"href":"https:\/\/www.tada.si\/en\/wp-json\/wp\/v2\/product_cat?post=2520"},{"taxonomy":"product_tag","embeddable":true,"href":"https:\/\/www.tada.si\/en\/wp-json\/wp\/v2\/product_tag?post=2520"}],"curies":[{"name":"wp","href":"https:\/\/api.w.org\/{rel}","templated":true}]}}