{"id":2621,"date":"2020-07-22T10:35:37","date_gmt":"2020-07-22T08:35:37","guid":{"rendered":"http:\/\/www.tada.si\/?post_type=product&#038;p=2621"},"modified":"2025-11-20T09:55:27","modified_gmt":"2025-11-20T07:55:27","slug":"ajax-rex","status":"publish","type":"product","link":"https:\/\/www.tada.si\/en\/trgovina\/alarmni-in-video-nadzor\/ajax\/razsiritveni-moduli-ajax\/ajax-rex\/","title":{"rendered":"AJAX ReX"},"content":{"rendered":"<p>Brez\u017ei\u010dni repeater signala za Ajax sisteme, oja\u010da signal do 2x, napajanje 220VAC, vgrajena back-up Li-Ion 2A baterija (autonomno delovanje samo z baterijo do 35 ur). Garancija 2 leti razen na vgrajene baterije. Na voljo v \u010drni in beli barvi.<\/p>","protected":false},"excerpt":{"rendered":"<p>Brez\u017ei\u010dni repeater signala za Ajax sisteme, oja\u010da signal do 2x, napajanje 220VAC, vgrajena back-up Li-Ion 2A baterija (autonomno delovanje samo z baterijo do 35 ur). Garancija 2 leti razen na vgrajene baterije. Na voljo v \u010drni in beli barvi.<\/p>","protected":false},"featured_media":6679,"comment_status":"open","ping_status":"closed","template":"","meta":{"inline_featured_image":false},"product_brand":[],"product_cat":[87,72,124],"product_tag":[],"class_list":{"0":"post-2621","1":"product","2":"type-product","3":"status-publish","4":"has-post-thumbnail","6":"product_cat-ajax","7":"product_cat-alarmni-in-video-nadzor","8":"product_cat-razsiritveni-moduli-ajax","9":"pa_barva-bela","10":"pa_barva-crna","12":"first","13":"instock","14":"taxable","15":"shipping-taxable","16":"purchasable","17":"product-type-variable","18":"czr-hentry"},"_links":{"self":[{"href":"https:\/\/www.tada.si\/en\/wp-json\/wp\/v2\/product\/2621","targetHints":{"allow":["GET"]}}],"collection":[{"href":"https:\/\/www.tada.si\/en\/wp-json\/wp\/v2\/product"}],"about":[{"href":"https:\/\/www.tada.si\/en\/wp-json\/wp\/v2\/types\/product"}],"replies":[{"embeddable":true,"href":"https:\/\/www.tada.si\/en\/wp-json\/wp\/v2\/comments?post=2621"}],"wp:featuredmedia":[{"embeddable":true,"href":"https:\/\/www.tada.si\/en\/wp-json\/wp\/v2\/media\/6679"}],"wp:attachment":[{"href":"https:\/\/www.tada.si\/en\/wp-json\/wp\/v2\/media?parent=2621"}],"wp:term":[{"taxonomy":"product_brand","embeddable":true,"href":"https:\/\/www.tada.si\/en\/wp-json\/wp\/v2\/product_brand?post=2621"},{"taxonomy":"product_cat","embeddable":true,"href":"https:\/\/www.tada.si\/en\/wp-json\/wp\/v2\/product_cat?post=2621"},{"taxonomy":"product_tag","embeddable":true,"href":"https:\/\/www.tada.si\/en\/wp-json\/wp\/v2\/product_tag?post=2621"}],"curies":[{"name":"wp","href":"https:\/\/api.w.org\/{rel}","templated":true}]}}