{"id":2643,"date":"2020-07-23T12:31:11","date_gmt":"2020-07-23T12:31:11","guid":{"rendered":"http:\/\/www.tada.si\/?post_type=product&#038;p=2643"},"modified":"2024-04-18T11:52:08","modified_gmt":"2024-04-18T09:52:08","slug":"dvc-ix850","status":"publish","type":"product","link":"https:\/\/www.tada.si\/en\/trgovina\/alarmni-in-video-nadzor\/video-domofonski-sistem\/dvc-ix850\/","title":{"rendered":"DVC IX850"},"content":{"rendered":"<p>Zunanja IP video klicna enota s 720p fish-eye barvno kamero in 5&#8221; TFT ekranom. Ima vgrajeno tipkovnico in RFID 125kHz \u010ditalec kartic. Ima za\u0161\u010dito po standardu IP54. S svojim delovanjem vam omogo\u010da izbiranje stanovalcev preko TFT ekrana ali klicnih \u0161tevilk. Namenjen je za nadumetno vgradnjo.<\/p>","protected":false},"excerpt":{"rendered":"<p>Zunanja IP video klicna enota s 720p fish-eye barvno kamero in 5&#8221; TFT ekranom. Ima vgrajeno tipkovnico in RFID 125kHz \u010ditalec kartic. Ima za\u0161\u010dito po standardu IP54. S svojim delovanjem vam omogo\u010da izbiranje stanovalcev preko TFT ekrana ali klicnih \u0161tevlik. Namenjen je za nadometno vgradnjo.<\/p>","protected":false},"featured_media":2648,"comment_status":"closed","ping_status":"closed","template":"","meta":{"inline_featured_image":false},"product_brand":[],"product_cat":[180],"product_tag":[],"class_list":{"0":"post-2643","1":"product","2":"type-product","3":"status-publish","4":"has-post-thumbnail","6":"product_cat-video-domofonski-sistem","7":"pa_barva-214","9":"first","10":"instock","11":"taxable","12":"shipping-taxable","13":"purchasable","14":"product-type-simple","15":"czr-hentry"},"_links":{"self":[{"href":"https:\/\/www.tada.si\/en\/wp-json\/wp\/v2\/product\/2643","targetHints":{"allow":["GET"]}}],"collection":[{"href":"https:\/\/www.tada.si\/en\/wp-json\/wp\/v2\/product"}],"about":[{"href":"https:\/\/www.tada.si\/en\/wp-json\/wp\/v2\/types\/product"}],"replies":[{"embeddable":true,"href":"https:\/\/www.tada.si\/en\/wp-json\/wp\/v2\/comments?post=2643"}],"wp:featuredmedia":[{"embeddable":true,"href":"https:\/\/www.tada.si\/en\/wp-json\/wp\/v2\/media\/2648"}],"wp:attachment":[{"href":"https:\/\/www.tada.si\/en\/wp-json\/wp\/v2\/media?parent=2643"}],"wp:term":[{"taxonomy":"product_brand","embeddable":true,"href":"https:\/\/www.tada.si\/en\/wp-json\/wp\/v2\/product_brand?post=2643"},{"taxonomy":"product_cat","embeddable":true,"href":"https:\/\/www.tada.si\/en\/wp-json\/wp\/v2\/product_cat?post=2643"},{"taxonomy":"product_tag","embeddable":true,"href":"https:\/\/www.tada.si\/en\/wp-json\/wp\/v2\/product_tag?post=2643"}],"curies":[{"name":"wp","href":"https:\/\/api.w.org\/{rel}","templated":true}]}}