{"id":2649,"date":"2020-07-23T12:45:10","date_gmt":"2020-07-23T12:45:10","guid":{"rendered":"http:\/\/www.tada.si\/?post_type=product&#038;p=2649"},"modified":"2024-04-18T11:52:42","modified_gmt":"2024-04-18T09:52:42","slug":"dvc-ix850f","status":"publish","type":"product","link":"https:\/\/www.tada.si\/en\/trgovina\/alarmni-in-video-nadzor\/video-domofonski-sistem\/dvc-ix850f\/","title":{"rendered":"DVC IX850F"},"content":{"rendered":"<p>Zunanja IP video klicna enota s 720p fish-eye barvno kamero in 5&#8221; TFT ekranom. Ima vgrajeno tipkovnico in RFID 125 kHz in 13,56MHz \u010ditalec kartic . Njeno delovanje omogo\u010da:<\/p>\n<ul>\n<li>zbiranje stanovalcev preko TFT ekrana ali<\/li>\n<li>klicnih \u0161tevilk.<\/li>\n<\/ul>\n<p>Namenjena je nadometni vgradnji.<\/p>","protected":false},"excerpt":{"rendered":"<p>Zunanja IP video klicna enota s 720p fish-eye barvno kamero in 5&#8221; TFT ekranom. Ima vgrajeno tipkovnico in RFID 125 kHz in 13,56MHz \u010ditalec kartic . Omogo\u010da Vam odpornost po standardu IP 54 za\u0161\u010dita. Njeno delovanje omogo\u010da:<\/p>\n<ul>\n<li>zbiranje stanovalcev preko TFT ekrana ali<\/li>\n<li>klicnih \u0161tevilk.<\/li>\n<\/ul>\n<p>Namenjena je nadometni vgradnji.<\/p>","protected":false},"featured_media":2650,"comment_status":"closed","ping_status":"closed","template":"","meta":{"inline_featured_image":false},"product_brand":[],"product_cat":[180],"product_tag":[],"class_list":{"0":"post-2649","1":"product","2":"type-product","3":"status-publish","4":"has-post-thumbnail","6":"product_cat-video-domofonski-sistem","7":"pa_barva-214","9":"first","10":"instock","11":"taxable","12":"shipping-taxable","13":"purchasable","14":"product-type-simple","15":"czr-hentry"},"_links":{"self":[{"href":"https:\/\/www.tada.si\/en\/wp-json\/wp\/v2\/product\/2649","targetHints":{"allow":["GET"]}}],"collection":[{"href":"https:\/\/www.tada.si\/en\/wp-json\/wp\/v2\/product"}],"about":[{"href":"https:\/\/www.tada.si\/en\/wp-json\/wp\/v2\/types\/product"}],"replies":[{"embeddable":true,"href":"https:\/\/www.tada.si\/en\/wp-json\/wp\/v2\/comments?post=2649"}],"wp:featuredmedia":[{"embeddable":true,"href":"https:\/\/www.tada.si\/en\/wp-json\/wp\/v2\/media\/2650"}],"wp:attachment":[{"href":"https:\/\/www.tada.si\/en\/wp-json\/wp\/v2\/media?parent=2649"}],"wp:term":[{"taxonomy":"product_brand","embeddable":true,"href":"https:\/\/www.tada.si\/en\/wp-json\/wp\/v2\/product_brand?post=2649"},{"taxonomy":"product_cat","embeddable":true,"href":"https:\/\/www.tada.si\/en\/wp-json\/wp\/v2\/product_cat?post=2649"},{"taxonomy":"product_tag","embeddable":true,"href":"https:\/\/www.tada.si\/en\/wp-json\/wp\/v2\/product_tag?post=2649"}],"curies":[{"name":"wp","href":"https:\/\/api.w.org\/{rel}","templated":true}]}}