{"id":2658,"date":"2020-07-23T13:10:37","date_gmt":"2020-07-23T11:10:37","guid":{"rendered":"http:\/\/www.tada.si\/?post_type=product&#038;p=2658"},"modified":"2023-02-16T15:07:43","modified_gmt":"2023-02-16T13:07:43","slug":"dvc-ix-dj401-b","status":"publish","type":"product","link":"https:\/\/www.tada.si\/en\/trgovina\/alarmni-in-video-nadzor\/video-domofonski-sistem\/dvc-ix-dj401-b\/","title":{"rendered":"DVC IX-DJ401\/B"},"content":{"rendered":"<p>Zvo\u010dne slu\u0161alke za DVC intercom sisteme DVC, ki se uporabljajo za pretvorbo prostoro\u010dnega monitorja DVC IX471 ali IX439 v monitor slu\u0161alk. Obvezna uporaba dodatnega nosilca DVC IX.<\/p>","protected":false},"excerpt":{"rendered":"<p>Zvo\u010dne slu\u0161alke za DVC intercom sisteme DVC, ki se uporabljajo za pretvorbo prostoro\u010dnega monitorja DVC IX471 ali IX439 v monitor slu\u0161alk. Obvezna uporaba dodatnega nosilca DVC IX<\/p>","protected":false},"featured_media":2659,"comment_status":"closed","ping_status":"closed","template":"","meta":{"inline_featured_image":false},"product_brand":[],"product_cat":[180],"product_tag":[],"class_list":{"0":"post-2658","1":"product","2":"type-product","3":"status-publish","4":"has-post-thumbnail","6":"product_cat-video-domofonski-sistem","7":"pa_barva-214","9":"first","10":"instock","11":"taxable","12":"shipping-taxable","13":"purchasable","14":"product-type-simple","15":"czr-hentry"},"_links":{"self":[{"href":"https:\/\/www.tada.si\/en\/wp-json\/wp\/v2\/product\/2658","targetHints":{"allow":["GET"]}}],"collection":[{"href":"https:\/\/www.tada.si\/en\/wp-json\/wp\/v2\/product"}],"about":[{"href":"https:\/\/www.tada.si\/en\/wp-json\/wp\/v2\/types\/product"}],"replies":[{"embeddable":true,"href":"https:\/\/www.tada.si\/en\/wp-json\/wp\/v2\/comments?post=2658"}],"wp:featuredmedia":[{"embeddable":true,"href":"https:\/\/www.tada.si\/en\/wp-json\/wp\/v2\/media\/2659"}],"wp:attachment":[{"href":"https:\/\/www.tada.si\/en\/wp-json\/wp\/v2\/media?parent=2658"}],"wp:term":[{"taxonomy":"product_brand","embeddable":true,"href":"https:\/\/www.tada.si\/en\/wp-json\/wp\/v2\/product_brand?post=2658"},{"taxonomy":"product_cat","embeddable":true,"href":"https:\/\/www.tada.si\/en\/wp-json\/wp\/v2\/product_cat?post=2658"},{"taxonomy":"product_tag","embeddable":true,"href":"https:\/\/www.tada.si\/en\/wp-json\/wp\/v2\/product_tag?post=2658"}],"curies":[{"name":"wp","href":"https:\/\/api.w.org\/{rel}","templated":true}]}}