{"id":2781,"date":"2020-07-24T09:54:17","date_gmt":"2020-07-24T07:54:17","guid":{"rendered":"http:\/\/www.tada.si\/?post_type=product&#038;p=2781"},"modified":"2026-02-02T13:10:01","modified_gmt":"2026-02-02T11:10:01","slug":"modul-dvc-821-mk","status":"publish","type":"product","link":"https:\/\/www.tada.si\/en\/trgovina\/alarmni-in-video-nadzor\/video-domofonski-sistem\/modul-dvc-821-mk\/","title":{"rendered":"Modul DVC 821\/MK"},"content":{"rendered":"<p data-start=\"148\" data-end=\"383\">Modul <strong data-start=\"154\" data-end=\"168\"><a href=\"https:\/\/www.dvc.video\/sl\" target=\"_blank\" rel=\"noopener\">DVC<\/a> 821\/MK<\/strong> je\u00a0kakovostna mehanska tipkovnica z osvetlitvijo ozadja, namenjena vgradnji v okvir serije 821. Zdru\u017eljiv je s sistemom 2-Easy in omogo\u010da zanesljivo ter enostavno upravljanje dostopnih sistemov.<\/p>\n<p data-start=\"406\" data-end=\"633\">Z 12 mehanskimi tipkami zagotavlja natan\u010den in odziven vnos, osvetlitev ozadja pa omogo\u010da dobro vidljivost tudi v slab\u0161ih svetlobnih pogojih. Zasnova za podometno monta\u017eo poskrbi za \u010dist, moderen in profesionalen videz.<\/p>\n<p data-start=\"635\" data-end=\"788\">Zaradi kompaktnih dimenzij 82 \u00d7 83 mm je primeren tako za stanovanjske kot poslovne objekte.<\/p>\n<p data-start=\"790\" data-end=\"811\"><strong data-start=\"790\" data-end=\"811\">Glavne prednosti:<\/strong><\/p>\n<ul data-start=\"809\" data-end=\"973\">\n<li data-start=\"812\" data-end=\"850\">\n<p data-start=\"814\" data-end=\"850\">mehanska tipkovnica z osvetlitvijo<\/p>\n<\/li>\n<li data-start=\"851\" data-end=\"888\">\n<p data-start=\"853\" data-end=\"888\">12 tipk za zanesljivo upravljanje<\/p>\n<\/li>\n<li data-start=\"889\" data-end=\"923\">\n<p data-start=\"891\" data-end=\"923\">zdru\u017eljivost s sistemom 2-Easy<\/p>\n<\/li>\n<li data-start=\"924\" data-end=\"945\">\n<p data-start=\"926\" data-end=\"945\">podometna monta\u017ea<\/p>\n<\/li>\n<li data-start=\"946\" data-end=\"977\">\n<p data-start=\"948\" data-end=\"977\">namenjen okvirju serije 821<\/p>\n<\/li>\n<\/ul>","protected":false},"excerpt":{"rendered":"<p>Modul z osvetljeno mehansko tipkovnico in 12 tipkami za sistem 2-Easy. Podometna monta\u017ea, zdru\u017eljiv s serijo 821.<\/p>\n<p>Ogleje si \u0161e ostalo ponudbo\u00a0<a href=\"https:\/\/www.tada.si\/en\/product-category\/video-domofonski-sistem\/\">video domofonskega sistema na na\u0161i spletni strani.<\/a><\/p>","protected":false},"featured_media":9973,"comment_status":"closed","ping_status":"closed","template":"","meta":{"inline_featured_image":false},"product_brand":[],"product_cat":[180],"product_tag":[],"class_list":{"0":"post-2781","1":"product","2":"type-product","3":"status-publish","4":"has-post-thumbnail","6":"product_cat-video-domofonski-sistem","7":"pa_barva-214","9":"first","10":"instock","11":"taxable","12":"shipping-taxable","13":"purchasable","14":"product-type-simple","15":"czr-hentry"},"_links":{"self":[{"href":"https:\/\/www.tada.si\/en\/wp-json\/wp\/v2\/product\/2781","targetHints":{"allow":["GET"]}}],"collection":[{"href":"https:\/\/www.tada.si\/en\/wp-json\/wp\/v2\/product"}],"about":[{"href":"https:\/\/www.tada.si\/en\/wp-json\/wp\/v2\/types\/product"}],"replies":[{"embeddable":true,"href":"https:\/\/www.tada.si\/en\/wp-json\/wp\/v2\/comments?post=2781"}],"wp:featuredmedia":[{"embeddable":true,"href":"https:\/\/www.tada.si\/en\/wp-json\/wp\/v2\/media\/9973"}],"wp:attachment":[{"href":"https:\/\/www.tada.si\/en\/wp-json\/wp\/v2\/media?parent=2781"}],"wp:term":[{"taxonomy":"product_brand","embeddable":true,"href":"https:\/\/www.tada.si\/en\/wp-json\/wp\/v2\/product_brand?post=2781"},{"taxonomy":"product_cat","embeddable":true,"href":"https:\/\/www.tada.si\/en\/wp-json\/wp\/v2\/product_cat?post=2781"},{"taxonomy":"product_tag","embeddable":true,"href":"https:\/\/www.tada.si\/en\/wp-json\/wp\/v2\/product_tag?post=2781"}],"curies":[{"name":"wp","href":"https:\/\/api.w.org\/{rel}","templated":true}]}}