{"id":2783,"date":"2020-07-24T09:55:13","date_gmt":"2020-07-24T07:55:13","guid":{"rendered":"http:\/\/www.tada.si\/?post_type=product&#038;p=2783"},"modified":"2026-02-02T16:19:00","modified_gmt":"2026-02-02T14:19:00","slug":"modul-dvc-821-dr","status":"publish","type":"product","link":"https:\/\/www.tada.si\/en\/trgovina\/alarmni-in-video-nadzor\/video-domofonski-sistem\/modul-dvc-821-dr\/","title":{"rendered":"Modul DVC 821\/DR"},"content":{"rendered":"<p data-start=\"185\" data-end=\"433\">Modul <a href=\"https:\/\/www.dvc.video\/sl\" target=\"_blank\" rel=\"noopener\">DVC<\/a> 821\/DR z <strong data-start=\"193\" data-end=\"220\">dvojnim \u010ditalcem kartic<\/strong> omogo\u010da zanesljivo in hitro identifikacijo uporabnikov z uporabo tehnologij <strong data-start=\"297\" data-end=\"319\">MIFARE (13,56 MHz)<\/strong> in <strong data-start=\"323\" data-end=\"339\">EM (125 kHz)<\/strong>. Namenjen je vgradnji v okvir <strong data-start=\"370\" data-end=\"384\">serije 821<\/strong> in je popolnoma zdru\u017eljiv s sistemom <strong data-start=\"422\" data-end=\"432\">2-Easy<\/strong>.<\/p>\n<p data-start=\"435\" data-end=\"737\">Podpora dvema frekven\u010dnima standardoma zagotavlja \u0161iroko kompatibilnost z obstoje\u010dimi karticami in obeski, zato je idealna re\u0161itev za nadzor dostopa v stanovanjskih, poslovnih in javnih objektih. Zasnovan je za <strong data-start=\"652\" data-end=\"673\">podometno monta\u017eo<\/strong>, kar zagotavlja estetsko in profesionalno integracijo v sistem.<\/p>\n<p data-start=\"739\" data-end=\"848\">S kompaktno velikostjo <strong data-start=\"762\" data-end=\"776\">82 \u00d7 83 mm<\/strong> je primeren za diskretno vgradnjo brez kompromisov pri funkcionalnosti.<\/p>\n<p data-start=\"850\" data-end=\"871\"><strong data-start=\"850\" data-end=\"871\">Glavne prednosti:<\/strong><\/p>\n<ul data-start=\"872\" data-end=\"1058\">\n<li data-start=\"872\" data-end=\"928\">\n<p data-start=\"874\" data-end=\"928\">dvojni \u010ditalec kartic: MIFARE 13,56 MHz + EM 125 kHz<\/p>\n<\/li>\n<li data-start=\"929\" data-end=\"972\">\n<p data-start=\"931\" data-end=\"972\">\u0161iroka kompatibilnost kartic in obeskov<\/p>\n<\/li>\n<li data-start=\"973\" data-end=\"1004\">\n<p data-start=\"975\" data-end=\"1004\">zdru\u017eljiv s sistemom 2-Easy<\/p>\n<\/li>\n<li data-start=\"1005\" data-end=\"1026\">\n<p data-start=\"1007\" data-end=\"1026\">podometna monta\u017ea<\/p>\n<\/li>\n<li data-start=\"1027\" data-end=\"1058\">\n<p data-start=\"1029\" data-end=\"1058\">namenjen okvirju serije 821<\/p>\n<\/li>\n<\/ul>","protected":false},"excerpt":{"rendered":"<p>Modul z dvojnim \u010ditalcem Mifare (13.56 Mhz) + EM (125 Khz), za namestitev v okvir serije DVC 821<\/p>\n<div id=\"ContentPlaceHolder1_FormViewProductDetails_ActiveItem\">\n<div id=\"ContentPlaceHolder1_FormViewProductDetails_PanelStock\">Ogleje si \u0161e ostalo ponudbo\u00a0<a href=\"https:\/\/www.tada.si\/en\/product-category\/video-domofonski-sistem\/\">video domofonskega sistema na na\u0161i spletni strani.<\/a><\/div>\n<\/div>","protected":false},"featured_media":9976,"comment_status":"closed","ping_status":"closed","template":"","meta":{"inline_featured_image":false},"product_brand":[],"product_cat":[180],"product_tag":[],"class_list":{"0":"post-2783","1":"product","2":"type-product","3":"status-publish","4":"has-post-thumbnail","6":"product_cat-video-domofonski-sistem","7":"pa_barva-214","9":"first","10":"instock","11":"taxable","12":"shipping-taxable","13":"purchasable","14":"product-type-simple","15":"czr-hentry"},"_links":{"self":[{"href":"https:\/\/www.tada.si\/en\/wp-json\/wp\/v2\/product\/2783","targetHints":{"allow":["GET"]}}],"collection":[{"href":"https:\/\/www.tada.si\/en\/wp-json\/wp\/v2\/product"}],"about":[{"href":"https:\/\/www.tada.si\/en\/wp-json\/wp\/v2\/types\/product"}],"replies":[{"embeddable":true,"href":"https:\/\/www.tada.si\/en\/wp-json\/wp\/v2\/comments?post=2783"}],"wp:featuredmedia":[{"embeddable":true,"href":"https:\/\/www.tada.si\/en\/wp-json\/wp\/v2\/media\/9976"}],"wp:attachment":[{"href":"https:\/\/www.tada.si\/en\/wp-json\/wp\/v2\/media?parent=2783"}],"wp:term":[{"taxonomy":"product_brand","embeddable":true,"href":"https:\/\/www.tada.si\/en\/wp-json\/wp\/v2\/product_brand?post=2783"},{"taxonomy":"product_cat","embeddable":true,"href":"https:\/\/www.tada.si\/en\/wp-json\/wp\/v2\/product_cat?post=2783"},{"taxonomy":"product_tag","embeddable":true,"href":"https:\/\/www.tada.si\/en\/wp-json\/wp\/v2\/product_tag?post=2783"}],"curies":[{"name":"wp","href":"https:\/\/api.w.org\/{rel}","templated":true}]}}