{"id":2797,"date":"2020-07-24T10:06:10","date_gmt":"2020-07-24T10:06:10","guid":{"rendered":"http:\/\/www.tada.si\/?post_type=product&#038;p=2797"},"modified":"2023-02-16T15:07:50","modified_gmt":"2023-02-16T13:07:50","slug":"dvc-821-3x2-s","status":"publish","type":"product","link":"https:\/\/www.tada.si\/en\/trgovina\/alarmni-in-video-nadzor\/video-domofonski-sistem\/dvc-821-3x2-s\/","title":{"rendered":"DVC 821\/3X2-S"},"content":{"rendered":"<p>Okvir serije DVC 821 za namestitev 6 modulov v dveh stolpcih, sprednji del iz nerjave\u010dega jekla, ohi\u0161je in okvir za za\u0161\u010dito pred de\u017ejem, nadometna vgradnja.<\/p>\n<div id=\"ContentPlaceHolder1_FormViewProductDetails_ActiveItem\">\n<div id=\"ContentPlaceHolder1_FormViewProductDetails_PanelStock\"><\/div>\n<\/div>","protected":false},"excerpt":{"rendered":"<p>Okvir serije DVC 821 za namestitev 6 modulov v dveh stolpcih, sprednji del iz nerjave\u010dega jekla, ohi\u0161je in okvir za za\u0161\u010dito pred de\u017ejem, nadometna vgradnja.<\/p>\n<div id=\"ContentPlaceHolder1_FormViewProductDetails_ActiveItem\">\n<div id=\"ContentPlaceHolder1_FormViewProductDetails_PanelStock\"><\/div>\n<\/div>","protected":false},"featured_media":3743,"comment_status":"closed","ping_status":"closed","template":"","meta":{"inline_featured_image":false},"product_brand":[],"product_cat":[180],"product_tag":[],"class_list":{"0":"post-2797","1":"product","2":"type-product","3":"status-publish","4":"has-post-thumbnail","6":"product_cat-video-domofonski-sistem","7":"pa_barva-214","9":"first","10":"instock","11":"taxable","12":"shipping-taxable","13":"purchasable","14":"product-type-simple","15":"czr-hentry"},"_links":{"self":[{"href":"https:\/\/www.tada.si\/en\/wp-json\/wp\/v2\/product\/2797","targetHints":{"allow":["GET"]}}],"collection":[{"href":"https:\/\/www.tada.si\/en\/wp-json\/wp\/v2\/product"}],"about":[{"href":"https:\/\/www.tada.si\/en\/wp-json\/wp\/v2\/types\/product"}],"replies":[{"embeddable":true,"href":"https:\/\/www.tada.si\/en\/wp-json\/wp\/v2\/comments?post=2797"}],"wp:featuredmedia":[{"embeddable":true,"href":"https:\/\/www.tada.si\/en\/wp-json\/wp\/v2\/media\/3743"}],"wp:attachment":[{"href":"https:\/\/www.tada.si\/en\/wp-json\/wp\/v2\/media?parent=2797"}],"wp:term":[{"taxonomy":"product_brand","embeddable":true,"href":"https:\/\/www.tada.si\/en\/wp-json\/wp\/v2\/product_brand?post=2797"},{"taxonomy":"product_cat","embeddable":true,"href":"https:\/\/www.tada.si\/en\/wp-json\/wp\/v2\/product_cat?post=2797"},{"taxonomy":"product_tag","embeddable":true,"href":"https:\/\/www.tada.si\/en\/wp-json\/wp\/v2\/product_tag?post=2797"}],"curies":[{"name":"wp","href":"https:\/\/api.w.org\/{rel}","templated":true}]}}