{"id":2837,"date":"2020-07-30T12:13:39","date_gmt":"2020-07-30T10:13:39","guid":{"rendered":"http:\/\/www.tada.si\/?post_type=product&#038;p=2837"},"modified":"2026-02-19T15:20:42","modified_gmt":"2026-02-19T13:20:42","slug":"fonestar-fs-3000rgub","status":"publish","type":"product","link":"https:\/\/www.tada.si\/en\/trgovina\/ozvocenje\/fonestar-fs-3000rgub\/","title":{"rendered":"Fonestar FS-3000RGUB"},"content":{"rendered":"<h3><a href=\"https:\/\/fonestar.com\/en\/fs-3000rgub\/\" target=\"_blank\" rel=\"noopener\">Fonestar FS-3000RGUB<\/a><\/h3>\n<p data-start=\"117\" data-end=\"593\"><strong data-start=\"117\" data-end=\"132\">FS-3000RGUB<\/strong> je vsestranski USB\/SD\/FM\/Bluetooth mikser in predvajalnik, zasnovan za profesionalno uporabo v studiu, na odru ali pri PA sistemih. Omogo\u010da enostavno predvajanje glasbe z USB klju\u010dev, SD kartic, FM radia ali prek Bluetooth povezave, hkrati pa zagotavlja kakovosten zvok in fleksibilne mo\u017enosti povezovanja. Kompaktna 1U konstrukcija omogo\u010da monta\u017eo v standardni 19-pal\u010dni rack, kar zagotavlja profesionalen videz in enostavno integracijo v obstoje\u010de sisteme.<\/p>\n<p data-start=\"595\" data-end=\"620\"><strong data-start=\"595\" data-end=\"618\">Tehni\u010dne lastnosti:<\/strong><\/p>\n<ul data-start=\"621\" data-end=\"1102\">\n<li data-start=\"621\" data-end=\"811\">\n<p data-start=\"623\" data-end=\"635\"><strong data-start=\"623\" data-end=\"633\">Vhodi:<\/strong><\/p>\n<ul data-start=\"638\" data-end=\"811\">\n<li data-start=\"638\" data-end=\"705\">\n<p data-start=\"640\" data-end=\"705\">1 balansirani mikrofon\/vhod (XLR in 6,3 mm kombiniran konektor)<\/p>\n<\/li>\n<li data-start=\"708\" data-end=\"731\">\n<p data-start=\"710\" data-end=\"731\">1 stereo avdio vhod<\/p>\n<\/li>\n<li data-start=\"734\" data-end=\"750\">\n<p data-start=\"736\" data-end=\"750\">2 \u00d7 RCA vhod<\/p>\n<\/li>\n<li data-start=\"753\" data-end=\"774\">\n<p data-start=\"755\" data-end=\"774\">3,5 mm avdio vhod<\/p>\n<\/li>\n<li data-start=\"777\" data-end=\"792\">\n<p data-start=\"779\" data-end=\"792\">3 AUX vhodi<\/p>\n<\/li>\n<li data-start=\"795\" data-end=\"811\">\n<p data-start=\"797\" data-end=\"811\">2 \u00d7 RCA vhod<\/p>\n<\/li>\n<\/ul>\n<\/li>\n<li data-start=\"813\" data-end=\"988\">\n<p data-start=\"815\" data-end=\"828\"><strong data-start=\"815\" data-end=\"826\">Izhodi:<\/strong><\/p>\n<ul data-start=\"831\" data-end=\"988\">\n<li data-start=\"831\" data-end=\"867\">\n<p data-start=\"833\" data-end=\"867\">1 balansirani stereo avdio izhod<\/p>\n<\/li>\n<li data-start=\"870\" data-end=\"888\">\n<p data-start=\"872\" data-end=\"888\">2 \u00d7 XLR izhoda<\/p>\n<\/li>\n<li data-start=\"891\" data-end=\"916\">\n<p data-start=\"893\" data-end=\"916\">2 stereo avdio izhoda<\/p>\n<\/li>\n<li data-start=\"919\" data-end=\"937\">\n<p data-start=\"921\" data-end=\"937\">2 \u00d7 RCA izhoda<\/p>\n<\/li>\n<li data-start=\"940\" data-end=\"988\">\n<p data-start=\"942\" data-end=\"988\">1 stereo izhod za slu\u0161alke (6,3 mm konektor)<\/p>\n<\/li>\n<\/ul>\n<\/li>\n<li data-start=\"990\" data-end=\"1033\">\n<p data-start=\"992\" data-end=\"1033\"><strong data-start=\"992\" data-end=\"1008\">Predvajanje:<\/strong> USB, SD, FM, Bluetooth<\/p>\n<\/li>\n<li data-start=\"1034\" data-end=\"1072\">\n<p data-start=\"1036\" data-end=\"1072\"><strong data-start=\"1036\" data-end=\"1050\">Dimenzije:<\/strong> 430 \u00d7 44,5 \u00d7 150 mm<\/p>\n<\/li>\n<li data-start=\"1073\" data-end=\"1102\">\n<p data-start=\"1075\" data-end=\"1102\"><strong data-start=\"1075\" data-end=\"1087\">Monta\u017ea:<\/strong> 1U, 19&#8243; rack<\/p>\n<\/li>\n<\/ul>","protected":false},"excerpt":{"rendered":"<p><strong data-start=\"57\" data-end=\"72\">FS-3000RGUB<\/strong> je profesionalni USB\/SD\/FM\/Bluetooth mikser in predvajalnik z ve\u010d vhodi in izhodi, ki omogo\u010da enostavno predvajanje glasbe in povezovanje razli\u010dnih naprav. Kompaktna 1U konstrukcija omogo\u010da monta\u017eo v standardni 19-pal\u010dni rack, kar zagotavlja priro\u010dno in profesionalno uporabo.<\/p>\n<p><a href=\"https:\/\/www.tada.si\/en\/product-category\/ozvocenje\/\">Oglejte si \u0161e ostalo na\u0161o Fonestar ponudbo<\/a><\/p>","protected":false},"featured_media":6734,"comment_status":"closed","ping_status":"closed","template":"","meta":{"inline_featured_image":false},"product_brand":[],"product_cat":[181],"product_tag":[],"class_list":{"0":"post-2837","1":"product","2":"type-product","3":"status-publish","4":"has-post-thumbnail","6":"product_cat-ozvocenje","7":"pa_barva-214","9":"first","10":"instock","11":"taxable","12":"shipping-taxable","13":"purchasable","14":"product-type-simple","15":"czr-hentry"},"_links":{"self":[{"href":"https:\/\/www.tada.si\/en\/wp-json\/wp\/v2\/product\/2837","targetHints":{"allow":["GET"]}}],"collection":[{"href":"https:\/\/www.tada.si\/en\/wp-json\/wp\/v2\/product"}],"about":[{"href":"https:\/\/www.tada.si\/en\/wp-json\/wp\/v2\/types\/product"}],"replies":[{"embeddable":true,"href":"https:\/\/www.tada.si\/en\/wp-json\/wp\/v2\/comments?post=2837"}],"wp:featuredmedia":[{"embeddable":true,"href":"https:\/\/www.tada.si\/en\/wp-json\/wp\/v2\/media\/6734"}],"wp:attachment":[{"href":"https:\/\/www.tada.si\/en\/wp-json\/wp\/v2\/media?parent=2837"}],"wp:term":[{"taxonomy":"product_brand","embeddable":true,"href":"https:\/\/www.tada.si\/en\/wp-json\/wp\/v2\/product_brand?post=2837"},{"taxonomy":"product_cat","embeddable":true,"href":"https:\/\/www.tada.si\/en\/wp-json\/wp\/v2\/product_cat?post=2837"},{"taxonomy":"product_tag","embeddable":true,"href":"https:\/\/www.tada.si\/en\/wp-json\/wp\/v2\/product_tag?post=2837"}],"curies":[{"name":"wp","href":"https:\/\/api.w.org\/{rel}","templated":true}]}}