{"id":2873,"date":"2020-08-07T08:16:26","date_gmt":"2020-08-07T08:16:26","guid":{"rendered":"http:\/\/www.tada.si\/?post_type=product&#038;p=2873"},"modified":"2026-02-19T15:10:46","modified_gmt":"2026-02-19T13:10:46","slug":"fonestar-gat-801","status":"publish","type":"product","link":"https:\/\/www.tada.si\/en\/trgovina\/ozvocenje\/zvocniki\/fonestar-gat-801\/","title":{"rendered":"Fonestar GAT-801"},"content":{"rendered":"<h3><a href=\"https:\/\/fonestar.com\/en\/gat-801\/\" target=\"_blank\" rel=\"noopener\"><strong>Fonestar GAT-801<\/strong><\/a><\/h3>\n<p>Zvo\u010dnik za stropno monta\u017eo z 100 V linijskim pretvornikom in okroglo re\u0161etko; za PA; kristalno \u010dist zvok; hitra in\u0161talacija<\/p>\n<p>MO\u010c: 10 W RMS<\/p>\n<p>ZVO\u010cNIKI: 8&#8243; dvostranska membrana<\/p>\n<p>ODZIVNOST: 75 &#8211; 16 000 Hz<\/p>\n<p>IMPEDANCA: 10 W RMS @ 100 V (1000 \u03a9); 5 W RMS @ 100 V (2000 \u03a9)<\/p>\n<p>OB\u010cUTLJIVOST: 93 dB \u00b1 3 dB pri 1 W \/ 1 m<\/p>\n<p>MATERIAL: ABS in jeklena re\u0161etka<\/p>\n<p>BARVA: bela (RAL 9003)<\/p>\n<p>DIMENZIJE: 228 mm \u00d8 x 90 mm<\/p>\n<p>ODPRTINA: 205 mm \u00d8<\/p>\n<p>TE\u017dA: 0.8 kg<\/p>","protected":false},"excerpt":{"rendered":"<p><strong data-start=\"62\" data-end=\"82\">Fonestar GAT-801<\/strong> je stropni PA zvo\u010dnik z 100 V linijskim pretvornikom in okroglo re\u0161etko, ki zagotavlja kristalno \u010dist zvok ter omogo\u010da hitro in enostavno monta\u017eo. Opremljen je z 8-pal\u010dnimi zvo\u010dniki z dvostransko membrano, mo\u010djo 10 W RMS, frekven\u010dnim odzivom 75\u201316.000 Hz in ob\u010dutljivostjo 93 dB \u00b13 dB. Njegovo ohi\u0161je iz ABS plastike in jeklena re\u0161etka v beli barvi (RAL 9003) se elegantno prilega stropu, dimenzije zna\u0161ajo \u00d8228 \u00d7 90 mm (odprtina \u00d8205 mm), te\u017ea pa 0,8 kg.<\/p>\n<p><a href=\"https:\/\/www.tada.si\/en\/product-category\/ozvocenje\/\">Oglejte si \u0161e ostalo na\u0161o Fonestar ponudbo<\/a><\/p>","protected":false},"featured_media":6739,"comment_status":"closed","ping_status":"closed","template":"","meta":{"inline_featured_image":false},"product_brand":[],"product_cat":[181,201],"product_tag":[],"class_list":{"0":"post-2873","1":"product","2":"type-product","3":"status-publish","4":"has-post-thumbnail","6":"product_cat-ozvocenje","7":"product_cat-zvocniki","8":"pa_barva-214","10":"first","11":"instock","12":"taxable","13":"shipping-taxable","14":"purchasable","15":"product-type-simple","16":"czr-hentry"},"_links":{"self":[{"href":"https:\/\/www.tada.si\/en\/wp-json\/wp\/v2\/product\/2873","targetHints":{"allow":["GET"]}}],"collection":[{"href":"https:\/\/www.tada.si\/en\/wp-json\/wp\/v2\/product"}],"about":[{"href":"https:\/\/www.tada.si\/en\/wp-json\/wp\/v2\/types\/product"}],"replies":[{"embeddable":true,"href":"https:\/\/www.tada.si\/en\/wp-json\/wp\/v2\/comments?post=2873"}],"wp:featuredmedia":[{"embeddable":true,"href":"https:\/\/www.tada.si\/en\/wp-json\/wp\/v2\/media\/6739"}],"wp:attachment":[{"href":"https:\/\/www.tada.si\/en\/wp-json\/wp\/v2\/media?parent=2873"}],"wp:term":[{"taxonomy":"product_brand","embeddable":true,"href":"https:\/\/www.tada.si\/en\/wp-json\/wp\/v2\/product_brand?post=2873"},{"taxonomy":"product_cat","embeddable":true,"href":"https:\/\/www.tada.si\/en\/wp-json\/wp\/v2\/product_cat?post=2873"},{"taxonomy":"product_tag","embeddable":true,"href":"https:\/\/www.tada.si\/en\/wp-json\/wp\/v2\/product_tag?post=2873"}],"curies":[{"name":"wp","href":"https:\/\/api.w.org\/{rel}","templated":true}]}}