{"id":2875,"date":"2020-08-07T08:31:07","date_gmt":"2020-08-07T08:31:07","guid":{"rendered":"http:\/\/www.tada.si\/?post_type=product&#038;p=2875"},"modified":"2026-02-19T15:03:29","modified_gmt":"2026-02-19T13:03:29","slug":"fonestar-gat-601","status":"publish","type":"product","link":"https:\/\/www.tada.si\/en\/trgovina\/ozvocenje\/zvocniki\/fonestar-gat-601\/","title":{"rendered":"Fonestar GAT-601"},"content":{"rendered":"<h3><a href=\"https:\/\/fonestar.com\/en\/gat-601\/\" target=\"_blank\" rel=\"noopener\">Fonestar GAT-601<\/a><\/h3>\n<p>Zvo\u010dnik za stropno monta\u017eo z 100 V linijskim pretvornikom in okroglo re\u0161etko; za PA; kristalno \u010dist zvok; hitra in\u0161talacija<\/p>\n<p>MO\u010c: 6 W RMS<\/p>\n<p>ZVO\u010cNIKI: 6 1\/2&#8243; dvostranska membrana<\/p>\n<p>ODZIVNOST: 140 &#8211; 20 000 Hz<\/p>\n<p>IMPEDANCA: 6 W RMS @ 100 V (1660 \u03a9); 3 W RMS @ 100 V (3330 \u03a9)<\/p>\n<p>OB\u010cUTLJIVOST: 92 dB \u00b1 3 dB pri 1 W \/ 1 m<\/p>\n<p>MATERIAL: ABS in jeklena re\u0161etka<\/p>\n<p>BARVA: bela (RAL 9003)<\/p>\n<p>DIMENZIJE: 188 mm \u00d8 x 80 mm<\/p>\n<p>ODPRTINA: 168 mm \u00d8<\/p>\n<p>TE\u017dA: 0.6 kg<\/p>","protected":false},"excerpt":{"rendered":"<p><strong>Fonestar GAT-601<\/strong> je stropni PA zvo\u010dnik z 100 V linijskim pretvornikom in okroglo re\u0161etko, ki zagotavlja kristalno \u010dist zvok ter omogo\u010da hitro in enostavno monta\u017eo. Opremljen je s 6,5-pal\u010dnimi zvo\u010dniki z dvostransko membrano, mo\u010djo 6 W RMS, frekven\u010dnim odzivom 140\u201320.000 Hz in ob\u010dutljivostjo 92 dB \u00b13 dB. Njegovo ohi\u0161je iz ABS plastike in jeklena re\u0161etka v beli barvi (RAL 9003) se elegantno prilega stropu, dimenzije zna\u0161ajo \u00d8188 \u00d7 80 mm (odprtina \u00d8168 mm), te\u017ea pa 0,6 kg.<\/p>\n<p><a href=\"https:\/\/www.tada.si\/en\/product-category\/ozvocenje\/\">Oglejte si \u0161e ostalo na\u0161o Fonestar ponudbo<\/a><\/p>","protected":false},"featured_media":6738,"comment_status":"closed","ping_status":"closed","template":"","meta":{"inline_featured_image":false},"product_brand":[],"product_cat":[181,201],"product_tag":[],"class_list":{"0":"post-2875","1":"product","2":"type-product","3":"status-publish","4":"has-post-thumbnail","6":"product_cat-ozvocenje","7":"product_cat-zvocniki","8":"pa_barva-214","10":"first","11":"instock","12":"taxable","13":"shipping-taxable","14":"purchasable","15":"product-type-simple","16":"czr-hentry"},"_links":{"self":[{"href":"https:\/\/www.tada.si\/en\/wp-json\/wp\/v2\/product\/2875","targetHints":{"allow":["GET"]}}],"collection":[{"href":"https:\/\/www.tada.si\/en\/wp-json\/wp\/v2\/product"}],"about":[{"href":"https:\/\/www.tada.si\/en\/wp-json\/wp\/v2\/types\/product"}],"replies":[{"embeddable":true,"href":"https:\/\/www.tada.si\/en\/wp-json\/wp\/v2\/comments?post=2875"}],"wp:featuredmedia":[{"embeddable":true,"href":"https:\/\/www.tada.si\/en\/wp-json\/wp\/v2\/media\/6738"}],"wp:attachment":[{"href":"https:\/\/www.tada.si\/en\/wp-json\/wp\/v2\/media?parent=2875"}],"wp:term":[{"taxonomy":"product_brand","embeddable":true,"href":"https:\/\/www.tada.si\/en\/wp-json\/wp\/v2\/product_brand?post=2875"},{"taxonomy":"product_cat","embeddable":true,"href":"https:\/\/www.tada.si\/en\/wp-json\/wp\/v2\/product_cat?post=2875"},{"taxonomy":"product_tag","embeddable":true,"href":"https:\/\/www.tada.si\/en\/wp-json\/wp\/v2\/product_tag?post=2875"}],"curies":[{"name":"wp","href":"https:\/\/api.w.org\/{rel}","templated":true}]}}