{"id":3126,"date":"2021-04-16T10:46:04","date_gmt":"2021-04-16T08:46:04","guid":{"rendered":"http:\/\/www.tada.si\/?post_type=product&#038;p=3126"},"modified":"2025-11-27T15:36:33","modified_gmt":"2025-11-27T13:36:33","slug":"ajax-double-button-brezzicna-panik-tipka","status":"publish","type":"product","link":"https:\/\/www.tada.si\/en\/trgovina\/alarmni-in-video-nadzor\/ajax\/tipkovnice-in-upravljalni-moduli-ajax\/ajax-double-button-brezzicna-panik-tipka\/","title":{"rendered":"AJAX Double Button, brez\u017ei\u010dna panik tipka"},"content":{"rendered":"<p>Brez\u017ei\u010dna panik tipka z dvema tipkama, s sistemom proti nenamerni aktivaciji. Aktiviranje s pritiskom na tipko za ve\u010d kot 1,5 sekunde, ali z dvojnim pritiskom s premorom manj kot 0,5 sekunde. Kratka zelena signalizacija ob uspe\u0161ni aktivaciji. IP54 za\u0161\u010dita, povezava le s HUB-i. Garancija 2 leti razen na vgrajene baterije. Na voljo v \u010drni in beli barvi.<\/p>","protected":false},"excerpt":{"rendered":"<p>Brez\u017ei\u010dni panik gumb z dvema tipkama, s sistemom proti namerni aktivaciji.<\/p>","protected":false},"featured_media":6614,"comment_status":"open","ping_status":"closed","template":"","meta":{"inline_featured_image":false},"product_brand":[],"product_cat":[87,72,112],"product_tag":[],"class_list":{"0":"post-3126","1":"product","2":"type-product","3":"status-publish","4":"has-post-thumbnail","6":"product_cat-ajax","7":"product_cat-alarmni-in-video-nadzor","8":"product_cat-tipkovnice-in-upravljalni-moduli-ajax","9":"pa_barva-bela","10":"pa_barva-crna","12":"first","13":"instock","14":"taxable","15":"shipping-taxable","16":"purchasable","17":"product-type-variable","18":"czr-hentry"},"_links":{"self":[{"href":"https:\/\/www.tada.si\/en\/wp-json\/wp\/v2\/product\/3126","targetHints":{"allow":["GET"]}}],"collection":[{"href":"https:\/\/www.tada.si\/en\/wp-json\/wp\/v2\/product"}],"about":[{"href":"https:\/\/www.tada.si\/en\/wp-json\/wp\/v2\/types\/product"}],"replies":[{"embeddable":true,"href":"https:\/\/www.tada.si\/en\/wp-json\/wp\/v2\/comments?post=3126"}],"wp:featuredmedia":[{"embeddable":true,"href":"https:\/\/www.tada.si\/en\/wp-json\/wp\/v2\/media\/6614"}],"wp:attachment":[{"href":"https:\/\/www.tada.si\/en\/wp-json\/wp\/v2\/media?parent=3126"}],"wp:term":[{"taxonomy":"product_brand","embeddable":true,"href":"https:\/\/www.tada.si\/en\/wp-json\/wp\/v2\/product_brand?post=3126"},{"taxonomy":"product_cat","embeddable":true,"href":"https:\/\/www.tada.si\/en\/wp-json\/wp\/v2\/product_cat?post=3126"},{"taxonomy":"product_tag","embeddable":true,"href":"https:\/\/www.tada.si\/en\/wp-json\/wp\/v2\/product_tag?post=3126"}],"curies":[{"name":"wp","href":"https:\/\/api.w.org\/{rel}","templated":true}]}}