{"id":3133,"date":"2021-04-16T10:59:19","date_gmt":"2021-04-16T10:59:19","guid":{"rendered":"http:\/\/www.tada.si\/?post_type=product&#038;p=3133"},"modified":"2026-03-10T16:25:28","modified_gmt":"2026-03-10T14:25:28","slug":"ajax-hub2-plus","status":"publish","type":"product","link":"https:\/\/www.tada.si\/en\/trgovina\/alarmni-in-video-nadzor\/ajax\/alarmne-centrale-ajax\/ajax-hub2-plus\/","title":{"rendered":"AJAX Hub2 Plus"},"content":{"rendered":"<p>Centralna enota (HUB) brez\u017ei\u010dnega protivlomnega sistema z integriranim LAN in Dual-SIM 2G\/3G\/LTE in WiFi komunikatorjem, omogo\u010da dodajanje in delovanje z do 200 brez\u017ei\u010dnih elementov, 25 skupin (particij) max 200 uporabnikov, 64 scenarijev. Vgrajena back-up baterija. Podpira video verifikacijo z uporabo MotionCamera detektorjev. Garancija 2 leti razen na vgrajene baterije. Na volji v \u010drni in beli barvi.<\/p>","protected":false},"excerpt":{"rendered":"<p>Centralna enota (HUB) brez\u017ei\u010dnega protivlomnega sistema z integriranim LAN in Dual-SIM 2G\/3G\/LTE in WiFi komunikatorjem, omogo\u010da dodajanje in delovanje z do 200 brez\u017ei\u010dnih elementov, 25 skupin (particij) max 200 uporabnikov, 64 scenarijev. Vgrajena back-up baterija. Podpira video verifikacijo z uporabo MotionCamera detektorjev. Garancija 2 leti razen na vgrajene baterije. Na volji v \u010drni in beli [&hellip;]<\/p>\n","protected":false},"featured_media":6643,"comment_status":"closed","ping_status":"closed","template":"","meta":{"inline_featured_image":false},"product_brand":[],"product_cat":[87,123,72],"product_tag":[],"class_list":{"0":"post-3133","1":"product","2":"type-product","3":"status-publish","4":"has-post-thumbnail","6":"product_cat-ajax","7":"product_cat-alarmne-centrale-ajax","8":"product_cat-alarmni-in-video-nadzor","9":"pa_barva-bela","10":"pa_barva-crna","12":"first","13":"instock","14":"taxable","15":"shipping-taxable","16":"purchasable","17":"product-type-variable","18":"czr-hentry"},"_links":{"self":[{"href":"https:\/\/www.tada.si\/en\/wp-json\/wp\/v2\/product\/3133","targetHints":{"allow":["GET"]}}],"collection":[{"href":"https:\/\/www.tada.si\/en\/wp-json\/wp\/v2\/product"}],"about":[{"href":"https:\/\/www.tada.si\/en\/wp-json\/wp\/v2\/types\/product"}],"replies":[{"embeddable":true,"href":"https:\/\/www.tada.si\/en\/wp-json\/wp\/v2\/comments?post=3133"}],"wp:featuredmedia":[{"embeddable":true,"href":"https:\/\/www.tada.si\/en\/wp-json\/wp\/v2\/media\/6643"}],"wp:attachment":[{"href":"https:\/\/www.tada.si\/en\/wp-json\/wp\/v2\/media?parent=3133"}],"wp:term":[{"taxonomy":"product_brand","embeddable":true,"href":"https:\/\/www.tada.si\/en\/wp-json\/wp\/v2\/product_brand?post=3133"},{"taxonomy":"product_cat","embeddable":true,"href":"https:\/\/www.tada.si\/en\/wp-json\/wp\/v2\/product_cat?post=3133"},{"taxonomy":"product_tag","embeddable":true,"href":"https:\/\/www.tada.si\/en\/wp-json\/wp\/v2\/product_tag?post=3133"}],"curies":[{"name":"wp","href":"https:\/\/api.w.org\/{rel}","templated":true}]}}