{"id":3134,"date":"2020-04-16T11:04:46","date_gmt":"2020-04-16T09:04:46","guid":{"rendered":"http:\/\/www.tada.si\/?post_type=product&#038;p=3134"},"modified":"2023-02-28T12:45:30","modified_gmt":"2023-02-28T10:45:30","slug":"ajax-motionprotect-outdoor-hood","status":"publish","type":"product","link":"https:\/\/www.tada.si\/en\/trgovina\/alarmni-in-video-nadzor\/ajax\/pribor-in-oprema-ajax\/ajax-motionprotect-outdoor-hood\/","title":{"rendered":"AJAX MotionProtect Out. Hood"},"content":{"rendered":"<p>Dodatni stre\u0161ica za Ajax MotionProtect Outdoor zunanji detektor. Prepre\u010duje la\u017eno pro\u017eenje antimasking funkcije zaradi de\u017eja ali snega. Samo v beli barvi.<\/p>","protected":false},"excerpt":{"rendered":"<p>Dodatni stre\u0161ica za Ajax MotionProtect Outdoor zunanji detektor. Prepre\u010duje la\u017eno pro\u017eenje antimasking funkcije zaradi de\u017eja ali snega. Samo v beli barvi.<\/p>","protected":false},"featured_media":6664,"comment_status":"open","ping_status":"closed","template":"","meta":{"inline_featured_image":false},"product_brand":[],"product_cat":[87,72,182],"product_tag":[],"class_list":{"0":"post-3134","1":"product","2":"type-product","3":"status-publish","4":"has-post-thumbnail","6":"product_cat-ajax","7":"product_cat-alarmni-in-video-nadzor","8":"product_cat-pribor-in-oprema-ajax","9":"pa_barva-214","11":"first","12":"instock","13":"taxable","14":"shipping-taxable","15":"purchasable","16":"product-type-simple","17":"czr-hentry"},"_links":{"self":[{"href":"https:\/\/www.tada.si\/en\/wp-json\/wp\/v2\/product\/3134","targetHints":{"allow":["GET"]}}],"collection":[{"href":"https:\/\/www.tada.si\/en\/wp-json\/wp\/v2\/product"}],"about":[{"href":"https:\/\/www.tada.si\/en\/wp-json\/wp\/v2\/types\/product"}],"replies":[{"embeddable":true,"href":"https:\/\/www.tada.si\/en\/wp-json\/wp\/v2\/comments?post=3134"}],"wp:featuredmedia":[{"embeddable":true,"href":"https:\/\/www.tada.si\/en\/wp-json\/wp\/v2\/media\/6664"}],"wp:attachment":[{"href":"https:\/\/www.tada.si\/en\/wp-json\/wp\/v2\/media?parent=3134"}],"wp:term":[{"taxonomy":"product_brand","embeddable":true,"href":"https:\/\/www.tada.si\/en\/wp-json\/wp\/v2\/product_brand?post=3134"},{"taxonomy":"product_cat","embeddable":true,"href":"https:\/\/www.tada.si\/en\/wp-json\/wp\/v2\/product_cat?post=3134"},{"taxonomy":"product_tag","embeddable":true,"href":"https:\/\/www.tada.si\/en\/wp-json\/wp\/v2\/product_tag?post=3134"}],"curies":[{"name":"wp","href":"https:\/\/api.w.org\/{rel}","templated":true}]}}