{"id":3136,"date":"2020-04-16T11:16:52","date_gmt":"2020-04-16T09:16:52","guid":{"rendered":"http:\/\/www.tada.si\/?post_type=product&#038;p=3136"},"modified":"2024-04-17T13:56:19","modified_gmt":"2024-04-17T11:56:19","slug":"ajax-multi-transmitter-wh","status":"publish","type":"product","link":"https:\/\/www.tada.si\/en\/trgovina\/alarmni-in-video-nadzor\/ajax\/razsiritveni-moduli-ajax\/ajax-multi-transmitter-wh\/","title":{"rendered":"AJAX Multi Transmitter"},"content":{"rendered":"<p>Modul za priklju\u010ditev poljubnih \u017ei\u010dnih detektorjev in brez\u017ei\u010dni prenos informacij na Ajax Hub-e. Vsebuje 18 alarmnih vhodov (NO, NC, EOL), nastavljiv zaklju\u010dni EOL upor od 1 k\u03a9 do 7.5 k\u03a9, napetostni izhod na zunanje porabnike 12VDC\/1A, potrebuje 220VAC napajanje, vsebuje dvojno sabota\u017eno stikalo (odstranitev in odpiranje naprave), prostor za back-up akumulator 12V@7Ah ali 4Ah, lo\u010deno napajanje po\u017earnih detektorjev z mo\u017enostjo resetiranja, kompatibilen z vsemi HUB-i, dometa do 2KM, monta\u017ea vsaj 1m od HUB-a, zavzame mesto ene naprave v Hub-u, deluje preko Ajax ReX, ni zdru\u017eljiv z ocBridge Plus in uartBridge. Na voljo v beli barvi in \u010drni barvi.<\/p>","protected":false},"excerpt":{"rendered":"<p>Modul za priklju\u010ditev poljubnih \u017ei\u010dnih detektorjev in brez\u017ei\u010dni prenos informacij na Ajax Hub-e. Vsebuje 18 alarmnih vhodov (NO, NC, EOL), nastavljiv zaklju\u010dni EOL upor od 1 k\u03a9 do 7.5 k\u03a9, napetostni izhod na zunanje porabnike 12VDC\/1A, potrebuje 220VAC napajanje, vsebuje dvojno sabota\u017eno stikalo (odstranitev in odpiranje naprave), prostor za back-up akumulator 12V@7Ah ali 4Ah, lo\u010deno [&hellip;]<\/p>\n","protected":false},"featured_media":7651,"comment_status":"open","ping_status":"closed","template":"","meta":{"inline_featured_image":false},"product_brand":[],"product_cat":[87,72,124],"product_tag":[],"class_list":{"0":"post-3136","1":"product","2":"type-product","3":"status-publish","4":"has-post-thumbnail","6":"product_cat-ajax","7":"product_cat-alarmni-in-video-nadzor","8":"product_cat-razsiritveni-moduli-ajax","9":"pa_barva-bela","10":"pa_barva-crna","12":"first","13":"instock","14":"taxable","15":"shipping-taxable","16":"purchasable","17":"product-type-variable","18":"czr-hentry"},"_links":{"self":[{"href":"https:\/\/www.tada.si\/en\/wp-json\/wp\/v2\/product\/3136","targetHints":{"allow":["GET"]}}],"collection":[{"href":"https:\/\/www.tada.si\/en\/wp-json\/wp\/v2\/product"}],"about":[{"href":"https:\/\/www.tada.si\/en\/wp-json\/wp\/v2\/types\/product"}],"replies":[{"embeddable":true,"href":"https:\/\/www.tada.si\/en\/wp-json\/wp\/v2\/comments?post=3136"}],"wp:featuredmedia":[{"embeddable":true,"href":"https:\/\/www.tada.si\/en\/wp-json\/wp\/v2\/media\/7651"}],"wp:attachment":[{"href":"https:\/\/www.tada.si\/en\/wp-json\/wp\/v2\/media?parent=3136"}],"wp:term":[{"taxonomy":"product_brand","embeddable":true,"href":"https:\/\/www.tada.si\/en\/wp-json\/wp\/v2\/product_brand?post=3136"},{"taxonomy":"product_cat","embeddable":true,"href":"https:\/\/www.tada.si\/en\/wp-json\/wp\/v2\/product_cat?post=3136"},{"taxonomy":"product_tag","embeddable":true,"href":"https:\/\/www.tada.si\/en\/wp-json\/wp\/v2\/product_tag?post=3136"}],"curies":[{"name":"wp","href":"https:\/\/api.w.org\/{rel}","templated":true}]}}