{"id":3149,"date":"2021-04-21T11:41:06","date_gmt":"2021-04-21T09:41:06","guid":{"rendered":"http:\/\/www.tada.si\/?post_type=product&#038;p=3149"},"modified":"2026-04-13T12:59:16","modified_gmt":"2026-04-13T10:59:16","slug":"odganjalec-kun","status":"publish","type":"product","link":"https:\/\/www.tada.si\/en\/trgovina\/avto-oprema\/odganjalci-zivali\/odganjalec-kun\/","title":{"rendered":"Odganjalec kun KEMO M248"},"content":{"rendered":"<h3 data-start=\"531\" data-end=\"571\">Najnovej\u0161a ultrazvo\u010dna tehnologija<\/h3>\n<p data-start=\"572\" data-end=\"805\">Odganjalec uporablja <strong data-start=\"593\" data-end=\"623\">visokofrekven\u010dni ultrazvok<\/strong>, ki je za kune in glodalce izjemno mote\u010d, za ljudi in hi\u0161ne ljubljen\u010dke pa neopazen. Deluje preventivno in pomaga prepre\u010diti po\u0161kodbe kablov, izolacije ter drugih ob\u010dutljivih delov.<\/p>\n<p data-start=\"572\" data-end=\"805\"><strong>Za optimalno za\u0161\u010dito priporo\u010damo redno uporabo in kombinacijo z repelenti ter <a href=\"https:\/\/www.tada.si\/en\/trgovina\/avto-oprema\/odganjalci-zivali\/odstranjevalec-vonjav-kun-kemo-z101\/\">odstranjevalci vonja<\/a>, saj se kune rade vra\u010dajo na isto mesto<\/strong>.<\/p>\n<figure style=\"width: 260px\" class=\"wp-caption alignleft\"><a href=\"https:\/\/www.tada.si\/en\/trgovina\/avto-oprema\/odganjalci-zivali\/odstranjevalec-vonjav-kun-kemo-z101\/\" target=\"_blank\" rel=\"https:\/\/www.tada.si\/trgovina\/avto-oprema\/odganjalci-zivali\/odstranjevalec-vonjav-kun-kemo-z101 noopener\"><img loading=\"lazy\" decoding=\"async\" src=\"https:\/\/www.tada.si\/wp-content\/uploads\/2026\/03\/KEMO-Z101-sprej-za-odstranjevanje-vonja.jpg\" alt=\"Odstranjevalec vonjav kun KEMO Z101\" width=\"260\" height=\"260\" \/><\/a><figcaption class=\"wp-caption-text\">Odstranjevalec vonjav kun KEMO Z101<\/figcaption><\/figure>\n<p>&nbsp;<\/p>\n<h3 data-start=\"807\" data-end=\"862\"><\/h3>\n<h3 data-start=\"807\" data-end=\"862\"><\/h3>\n<h3 data-start=\"807\" data-end=\"862\"><\/h3>\n<h3 data-start=\"807\" data-end=\"862\"><\/h3>\n<h3 data-start=\"807\" data-end=\"862\"><\/h3>\n<h3 data-start=\"807\" data-end=\"862\"><\/h3>\n<h2 data-start=\"1072\" data-end=\"1213\"><strong>Popolna za\u0161\u010dita brez monta\u017ee<\/strong><\/h2>\n<p data-start=\"1072\" data-end=\"1213\"><strong>Takoj pripravljen za uporabo<\/strong> \u2013 brez vrtanja, kablov ali strokovne monta\u017ee. Preprosto ga namestite tja, kjer ga potrebujete.<\/p>\n<h3 data-start=\"1215\" data-end=\"1236\">\u0160iroka uporaba<\/h3>\n<p data-start=\"1237\" data-end=\"1249\">Primeren za:<\/p>\n<ul>\n<li>avtomobile in kombije<\/li>\n<li>gara\u017ee in nadstre\u0161ke<\/li>\n<li>domove in vrtne hi\u0161e<\/li>\n<li>vozila, ki so dalj \u010dasa parkirana<\/li>\n<\/ul>\n<p data-start=\"1365\" data-end=\"1437\">Zaradi baterijskega napajanja je idealen za lokacije <strong data-start=\"1418\" data-end=\"1436\">brez elektrike<\/strong>.<\/p>\n<h3 data-start=\"1439\" data-end=\"1463\"><a href=\"https:\/\/www.kemo-electronic.de\/\" target=\"_blank\" rel=\"noopener\">\ud83c\udde9\ud83c\uddea Nem\u0161ka kakovost<\/a><\/h3>\n<p data-start=\"1464\" data-end=\"1574\">Izdelek je izdelan v Nem\u010diji in izpolnjuje visoke standarde kakovosti ter zanesljivosti za dolgoro\u010dno za\u0161\u010dito.<\/p>\n<hr data-start=\"1576\" data-end=\"1579\" \/>\n<h3 data-start=\"1581\" data-end=\"1604\">Glavne prednosti:<\/h3>\n<p data-start=\"1605\" data-end=\"1847\">\u2714 Ultrazvo\u010dno delovanje<br data-start=\"1646\" data-end=\"1649\" \/>\u2714 Delovanje brez 230 V napajanja<br data-start=\"1681\" data-end=\"1684\" \/>\u2714 Brez monta\u017ee \u2013 takoj\u0161nja uporaba<br data-start=\"1718\" data-end=\"1721\" \/>\u2714 Do 12 mesecev delovanja<br data-start=\"1746\" data-end=\"1749\" \/>\u2714 Napajanje z 2 \u00d7 AA baterijama<br data-start=\"1780\" data-end=\"1783\" \/>\u2714 Primeren za avto, dom in gara\u017eo<br data-start=\"1816\" data-end=\"1819\" \/>\u2714 Nem\u0161ka kakovost izdelave<\/p>\n<hr data-start=\"1849\" data-end=\"1852\" \/>\n<h3 data-start=\"1854\" data-end=\"1893\">Zanesljiva za\u0161\u010dita brez zapletov<\/h3>\n<p data-start=\"1894\" data-end=\"2020\">Idealna re\u0161itev za vse, ki \u017eelite <strong data-start=\"1928\" data-end=\"1976\">enostavno, u\u010dinkovito in dolgotrajno za\u0161\u010dito<\/strong> pred kunami in glodalci \u2013 doma ali na poti.<\/p>\n<h3 data-start=\"807\" data-end=\"862\"><\/h3>\n<h3 data-start=\"807\" data-end=\"862\"><a href=\"https:\/\/www.tada.si\/en\/trgovina\/oprema-za-dom\/akumulatorji-baterije\/baterije\/baterija-gp-aa-ultra-alkalna-plus-15aup-lr6\/\" target=\"_blank\" rel=\"https:\/\/www.tada.si\/trgovina\/oprema-za-dom\/akumulatorji-baterije\/baterije\/baterija-gp-aa-ultra-alkalna-plus-15aup-lr6\/ noopener\"><img loading=\"lazy\" decoding=\"async\" class=\"wp-image-9089 size-medium alignleft\" src=\"https:\/\/www.tada.si\/wp-content\/uploads\/2026\/01\/ultra_alkalna_plus_aa_gp_baterija_15aup_lr6_3-300x240.jpg\" alt=\"Baterija GP AA Ultra Alkalna Plus\" width=\"300\" height=\"240\" srcset=\"https:\/\/www.tada.si\/wp-content\/uploads\/2026\/01\/ultra_alkalna_plus_aa_gp_baterija_15aup_lr6_3-300x240.jpg 300w, https:\/\/www.tada.si\/wp-content\/uploads\/2026\/01\/ultra_alkalna_plus_aa_gp_baterija_15aup_lr6_3-768x614.jpg 768w, https:\/\/www.tada.si\/wp-content\/uploads\/2026\/01\/ultra_alkalna_plus_aa_gp_baterija_15aup_lr6_3-15x12.jpg 15w, https:\/\/www.tada.si\/wp-content\/uploads\/2026\/01\/ultra_alkalna_plus_aa_gp_baterija_15aup_lr6_3-570x456.jpg 570w, https:\/\/www.tada.si\/wp-content\/uploads\/2026\/01\/ultra_alkalna_plus_aa_gp_baterija_15aup_lr6_3-600x480.jpg 600w, https:\/\/www.tada.si\/wp-content\/uploads\/2026\/01\/ultra_alkalna_plus_aa_gp_baterija_15aup_lr6_3-64x51.jpg 64w, https:\/\/www.tada.si\/wp-content\/uploads\/2026\/01\/ultra_alkalna_plus_aa_gp_baterija_15aup_lr6_3.jpg 800w\" sizes=\"auto, (max-width: 300px) 100vw, 300px\" \/><\/a><\/h3>\n<h3 data-start=\"807\" data-end=\"862\"><\/h3>\n<h3 data-start=\"807\" data-end=\"862\">Dolga \u017eivljenjska doba \u2013 do 12 mesecev delovanja<\/h3>\n<p data-start=\"863\" data-end=\"1034\">Optimalni, do 12-mese\u010dni \u010das delovanja brez vzdr\u017eevanja je mogo\u010de dose\u010di le z visokokakovostnimi alkalno-manganovimi <a href=\"https:\/\/www.tada.si\/en\/trgovina\/alarmni-sistemi\/ajax\/pribor-in-oprema-ajax\/baterija-gp-aa-ultra-alkalna-plus-15aup-lr6\/\">baterijami (2 x 1,5 V AA, niso prilo\u017eene).<\/a><\/p>\n<p>&nbsp;<\/p>\n<h2 data-start=\"1072\" data-end=\"1213\"><\/h2>\n<h2 data-start=\"1072\" data-end=\"1213\"><\/h2>\n<h2 data-start=\"1072\" data-end=\"1213\"><\/h2>\n<p>&nbsp;<\/p>","protected":false},"excerpt":{"rendered":"<p data-start=\"172\" data-end=\"260\">Univerzalni ultrazvo\u010dni odganjalec kun in glodalcev \u2013 brez napajanja, brez monta\u017ee<\/p>\n<p data-start=\"262\" data-end=\"529\">Za\u0161\u010ditite svoje vozilo, dom in druge prostore pred kunami in glodalci z univerzalnim ultrazvo\u010dnim odganjalcem, ki deluje popolnoma brez elektri\u010dne vti\u010dnice 230 V. Naprava je visokokakovosten nem\u0161ki izdelek in deluje na <a href=\"https:\/\/www.tada.si\/en\/trgovina\/alarmni-sistemi\/ajax\/pribor-in-oprema-ajax\/baterija-gp-aa-ultra-alkalna-plus-15aup-lr6\/\">2 AA bateriji (niso prilo\u017eene)<\/a>, kar omogo\u010da dolgotrajno, enostavno in zanesljivo za\u0161\u010dito brez vzdr\u017eevanja ali monta\u017ee.<\/p>\n<p data-start=\"262\" data-end=\"529\">Oglejte si \u0161e\u00a0<a href=\"https:\/\/www.tada.si\/en\/product-category\/avto-oprema\/odganjalci-zivali\/\">ostalo ponudbo odganjalcev \u017eivali na na\u0161i spletni strani.<\/a><\/p>","protected":false},"featured_media":7135,"comment_status":"closed","ping_status":"closed","template":"","meta":{"inline_featured_image":false},"product_brand":[],"product_cat":[244,192],"product_tag":[],"class_list":{"0":"post-3149","1":"product","2":"type-product","3":"status-publish","4":"has-post-thumbnail","6":"product_cat-avto-oprema","7":"product_cat-odganjalci-zivali","9":"first","10":"instock","11":"taxable","12":"shipping-taxable","13":"purchasable","14":"product-type-simple","15":"czr-hentry"},"_links":{"self":[{"href":"https:\/\/www.tada.si\/en\/wp-json\/wp\/v2\/product\/3149","targetHints":{"allow":["GET"]}}],"collection":[{"href":"https:\/\/www.tada.si\/en\/wp-json\/wp\/v2\/product"}],"about":[{"href":"https:\/\/www.tada.si\/en\/wp-json\/wp\/v2\/types\/product"}],"replies":[{"embeddable":true,"href":"https:\/\/www.tada.si\/en\/wp-json\/wp\/v2\/comments?post=3149"}],"wp:featuredmedia":[{"embeddable":true,"href":"https:\/\/www.tada.si\/en\/wp-json\/wp\/v2\/media\/7135"}],"wp:attachment":[{"href":"https:\/\/www.tada.si\/en\/wp-json\/wp\/v2\/media?parent=3149"}],"wp:term":[{"taxonomy":"product_brand","embeddable":true,"href":"https:\/\/www.tada.si\/en\/wp-json\/wp\/v2\/product_brand?post=3149"},{"taxonomy":"product_cat","embeddable":true,"href":"https:\/\/www.tada.si\/en\/wp-json\/wp\/v2\/product_cat?post=3149"},{"taxonomy":"product_tag","embeddable":true,"href":"https:\/\/www.tada.si\/en\/wp-json\/wp\/v2\/product_tag?post=3149"}],"curies":[{"name":"wp","href":"https:\/\/api.w.org\/{rel}","templated":true}]}}