{"id":3174,"date":"2021-05-26T07:24:27","date_gmt":"2021-05-26T07:24:27","guid":{"rendered":"http:\/\/www.tada.si\/?post_type=product&#038;p=3174"},"modified":"2026-04-09T11:19:06","modified_gmt":"2026-04-09T09:19:06","slug":"dca-pm220x0","status":"publish","type":"product","link":"https:\/\/www.tada.si\/en\/trgovina\/alarmni-in-video-nadzor\/dvc\/ahd-kamere\/dca-pm220x0\/","title":{"rendered":"DVC Video kamera DCA-PM220X0"},"content":{"rendered":"<p>PTZ AHD IR video kamera, lo\u010dljivosti 1080p, 1\/3&#8243; Sony Exmor IMX323 CMOS, 20x opti\u010dni zoom, objektiv 4.7-94 mm, 128 presetov, Pan hitrost 220 \u00b0 \/ sec., 9 array IR LED dometa do 100m, samo AHD na\u010din delovanja, napajanje 24V DC v kompletu, IP66 za\u0161\u010dita, dimenzije FI 185 x 374 mm, upravljanje preko koaksialnega kabla (COC), 2 leti garancije. Zidni nosilec v kompletu.<\/p>","protected":false},"excerpt":{"rendered":"<p>PTZ AHD IR video kamera, lo\u010dljivosti 1080p, 1\/3&#8243; Sony Exmor IMX323 CMOS, 20x opti\u010dni zoom, objektiv 4.7-94 mm, 128 presetov, Pan hitrost 220 \u00b0 \/ sec., 9 array IR LED dometa do 100m, samo AHD na\u010din delovanja, napajanje 24V DC v kompletu, IP66 za\u0161\u010dita, dimenzije FI 185 x 374 mm, upravljanje preko koaksialnega kabla (COC), [&hellip;]<\/p>\n","protected":false},"featured_media":7102,"comment_status":"closed","ping_status":"closed","template":"","meta":{"inline_featured_image":false},"product_brand":[],"product_cat":[125,72,89],"product_tag":[],"class_list":{"0":"post-3174","1":"product","2":"type-product","3":"status-publish","4":"has-post-thumbnail","6":"product_cat-ahd-kamere","7":"product_cat-alarmni-in-video-nadzor","8":"product_cat-dvc","9":"pa_barva-214","11":"first","12":"instock","13":"taxable","14":"shipping-taxable","15":"purchasable","16":"product-type-simple","17":"czr-hentry"},"_links":{"self":[{"href":"https:\/\/www.tada.si\/en\/wp-json\/wp\/v2\/product\/3174","targetHints":{"allow":["GET"]}}],"collection":[{"href":"https:\/\/www.tada.si\/en\/wp-json\/wp\/v2\/product"}],"about":[{"href":"https:\/\/www.tada.si\/en\/wp-json\/wp\/v2\/types\/product"}],"replies":[{"embeddable":true,"href":"https:\/\/www.tada.si\/en\/wp-json\/wp\/v2\/comments?post=3174"}],"wp:featuredmedia":[{"embeddable":true,"href":"https:\/\/www.tada.si\/en\/wp-json\/wp\/v2\/media\/7102"}],"wp:attachment":[{"href":"https:\/\/www.tada.si\/en\/wp-json\/wp\/v2\/media?parent=3174"}],"wp:term":[{"taxonomy":"product_brand","embeddable":true,"href":"https:\/\/www.tada.si\/en\/wp-json\/wp\/v2\/product_brand?post=3174"},{"taxonomy":"product_cat","embeddable":true,"href":"https:\/\/www.tada.si\/en\/wp-json\/wp\/v2\/product_cat?post=3174"},{"taxonomy":"product_tag","embeddable":true,"href":"https:\/\/www.tada.si\/en\/wp-json\/wp\/v2\/product_tag?post=3174"}],"curies":[{"name":"wp","href":"https:\/\/api.w.org\/{rel}","templated":true}]}}