{"id":3176,"date":"2021-05-26T07:26:59","date_gmt":"2021-05-26T05:26:59","guid":{"rendered":"http:\/\/www.tada.si\/?post_type=product&#038;p=3176"},"modified":"2026-04-09T11:18:55","modified_gmt":"2026-04-09T09:18:55","slug":"dca-pm210x6","status":"publish","type":"product","link":"https:\/\/www.tada.si\/en\/trgovina\/alarmni-in-video-nadzor\/dvc\/ahd-kamere\/dca-pm210x6\/","title":{"rendered":"DVC Video kamera DCA-PM210X6"},"content":{"rendered":"<p>PTZ AHD video kamera, lo\u010dljivost 1080p, 10x opti\u010dni zoom, le\u010da 5,1-51 mm, 128 prednastavitev, Pan hitrost 80\u00b0\/s, 6 polje IR LED domet do 60 m, samo AHD na\u010din delovanja, napajanje 12V DC v set, za\u0161\u010dita IP66, prilo\u017een stenski nosilec.<\/p>","protected":false},"excerpt":{"rendered":"<p>PTZ AHD video kamera, lo\u010dljivost 1080p, 10x opti\u010dni zoom, le\u010da 5,1-51 mm, 128 prednastavitev, Pan hitrost 80\u00b0\/s, 6 polje IR LED domet do 60 m, samo AHD na\u010din delovanja, napajanje 12V DC v set, za\u0161\u010dita IP66, prilo\u017een stenski nosilec.<\/p>","protected":false},"featured_media":7103,"comment_status":"closed","ping_status":"closed","template":"","meta":{"inline_featured_image":false},"product_brand":[],"product_cat":[125,72,89],"product_tag":[],"class_list":{"0":"post-3176","1":"product","2":"type-product","3":"status-publish","4":"has-post-thumbnail","6":"product_cat-ahd-kamere","7":"product_cat-alarmni-in-video-nadzor","8":"product_cat-dvc","9":"pa_barva-214","11":"first","12":"instock","13":"taxable","14":"shipping-taxable","15":"purchasable","16":"product-type-simple","17":"czr-hentry"},"_links":{"self":[{"href":"https:\/\/www.tada.si\/en\/wp-json\/wp\/v2\/product\/3176","targetHints":{"allow":["GET"]}}],"collection":[{"href":"https:\/\/www.tada.si\/en\/wp-json\/wp\/v2\/product"}],"about":[{"href":"https:\/\/www.tada.si\/en\/wp-json\/wp\/v2\/types\/product"}],"replies":[{"embeddable":true,"href":"https:\/\/www.tada.si\/en\/wp-json\/wp\/v2\/comments?post=3176"}],"wp:featuredmedia":[{"embeddable":true,"href":"https:\/\/www.tada.si\/en\/wp-json\/wp\/v2\/media\/7103"}],"wp:attachment":[{"href":"https:\/\/www.tada.si\/en\/wp-json\/wp\/v2\/media?parent=3176"}],"wp:term":[{"taxonomy":"product_brand","embeddable":true,"href":"https:\/\/www.tada.si\/en\/wp-json\/wp\/v2\/product_brand?post=3176"},{"taxonomy":"product_cat","embeddable":true,"href":"https:\/\/www.tada.si\/en\/wp-json\/wp\/v2\/product_cat?post=3176"},{"taxonomy":"product_tag","embeddable":true,"href":"https:\/\/www.tada.si\/en\/wp-json\/wp\/v2\/product_tag?post=3176"}],"curies":[{"name":"wp","href":"https:\/\/api.w.org\/{rel}","templated":true}]}}