{"id":3969,"date":"2022-07-20T10:51:13","date_gmt":"2022-07-20T10:51:13","guid":{"rendered":"http:\/\/www.tada.si\/?post_type=product&#038;p=3969"},"modified":"2026-02-19T14:53:50","modified_gmt":"2026-02-19T12:53:50","slug":"fonestar-sonora-4tb","status":"publish","type":"product","link":"https:\/\/www.tada.si\/en\/trgovina\/ozvocenje\/zvocniki\/fonestar-sonora-4tb\/","title":{"rendered":"Fonestar zvo\u010dnik SONORA-4TB"},"content":{"rendered":"<h3><a href=\"https:\/\/fonestar.com\/en\/sonora-4tb\/\" target=\"_blank\" rel=\"noopener\">Fonestar SONORA-4TB<\/a><\/h3>\n<p>PA zvo\u010dnik z 100 V linijskim pretvornikom in nizko impedanco; primeren za zunanjo uporabo, odporen na vodo in korozijo; visoka kvaliteta zvoka; hitra in preprosta in\u0161talacija<\/p>\n<p>MO\u010c: 60 W max, 30 W RMS<\/p>\n<p>ZVO\u010cNIKI: 1 x 4 &#8221; polipropilen woofer; 1 x 1 &#8221; visokotonec<\/p>\n<p>ODZIVNOST: 120 &#8211; 20 000 Hz<\/p>\n<p>IMPEDANCA: 30 W RMS @ 100 V (333 \u03a9); 15 W RMS @ 100 V (667 \u03a9); 7.5 W RMS @ 100 V (1333 \u03a9); 3.75 W RMS @ 100 V (2667 \u03a9); Low Z: 8 \u03a9<\/p>\n<p>OB\u010cUTLJIVOST: 84 dB @ 1 W\/1 m; 73 dB @ 1 W\/1 m<\/p>\n<p>MAX ZVO\u010cNI PRITISK: 98 dB @ max W\/1 m; 87 dB @ max W\/1 m<\/p>\n<p>KOT POKRITJA: 270\u00b0 @ 500 Hz; 130\u00b0 @ 1 kHz; 85\u00b0 @ 2 kHz; 70\u00b0 @ 4 kHz\u00a0 (-6 dB)<\/p>\n<p>ZA\u0160\u010cITA: IP-66; IEC 60068-2-11 okoljski test (Salt mist)<\/p>\n<p>MATERIAL: aluminijasta mre\u017ea; nosilec odporen na vremenske pogoje; vijaki iz nerjave\u010dega jekla<\/p>\n<p>STIKALO: izbor W pri High Z in Low Z<\/p>\n<p>KONEKTORJI: euroblock za kabel 0.25 &#8211; 2.5 mm2 pre\u010dni prerez<\/p>\n<p>TEMPERATURNI RAZMAK: -10 \u00b0C do 60 \u00b0C<\/p>\n<p>BARVA: bela (RAL 9003)<\/p>\n<p>DIMENZIJE: 125 x 202 x 125 mm<\/p>\n<p>TE\u017dA: 1.7 kg<\/p>","protected":false},"excerpt":{"rendered":"<p><strong>Fonestar SONORA-4TB<\/strong> je kompakten PA zvo\u010dnik z 100 V linijskim pretvornikom in mo\u017enostjo nizke impedance (8 \u03a9), primeren za notranjo in zunanjo uporabo. Odlikujejo ga vodoodporna in protikorozijska zasnova (IP66), kakovosten in jasen zvok ter hitra, enostavna monta\u017ea. Zaradi manj\u0161ih dimenzij in \u0161irokega kota pokritja je idealen za diskretne profesionalne ozvo\u010ditve manj\u0161ih prostorov in zunanjih povr\u0161in.<\/p>\n<p><a href=\"https:\/\/www.tada.si\/en\/product-category\/ozvocenje\/\">Oglejte si \u0161e ostalo na\u0161o Fonestar ponudbo<\/a><\/p>","protected":false},"featured_media":6755,"comment_status":"open","ping_status":"closed","template":"","meta":{"inline_featured_image":false},"product_brand":[],"product_cat":[181,201],"product_tag":[],"class_list":{"0":"post-3969","1":"product","2":"type-product","3":"status-publish","4":"has-post-thumbnail","6":"product_cat-ozvocenje","7":"product_cat-zvocniki","8":"pa_barva-214","10":"first","11":"instock","12":"taxable","13":"shipping-taxable","14":"purchasable","15":"product-type-simple","16":"czr-hentry"},"_links":{"self":[{"href":"https:\/\/www.tada.si\/en\/wp-json\/wp\/v2\/product\/3969","targetHints":{"allow":["GET"]}}],"collection":[{"href":"https:\/\/www.tada.si\/en\/wp-json\/wp\/v2\/product"}],"about":[{"href":"https:\/\/www.tada.si\/en\/wp-json\/wp\/v2\/types\/product"}],"replies":[{"embeddable":true,"href":"https:\/\/www.tada.si\/en\/wp-json\/wp\/v2\/comments?post=3969"}],"wp:featuredmedia":[{"embeddable":true,"href":"https:\/\/www.tada.si\/en\/wp-json\/wp\/v2\/media\/6755"}],"wp:attachment":[{"href":"https:\/\/www.tada.si\/en\/wp-json\/wp\/v2\/media?parent=3969"}],"wp:term":[{"taxonomy":"product_brand","embeddable":true,"href":"https:\/\/www.tada.si\/en\/wp-json\/wp\/v2\/product_brand?post=3969"},{"taxonomy":"product_cat","embeddable":true,"href":"https:\/\/www.tada.si\/en\/wp-json\/wp\/v2\/product_cat?post=3969"},{"taxonomy":"product_tag","embeddable":true,"href":"https:\/\/www.tada.si\/en\/wp-json\/wp\/v2\/product_tag?post=3969"}],"curies":[{"name":"wp","href":"https:\/\/api.w.org\/{rel}","templated":true}]}}