{"id":3974,"date":"2022-07-20T11:28:22","date_gmt":"2022-07-20T11:28:22","guid":{"rendered":"http:\/\/www.tada.si\/?post_type=product&#038;p=3974"},"modified":"2026-02-19T14:56:23","modified_gmt":"2026-02-19T12:56:23","slug":"fonestar-sonora-5tb","status":"publish","type":"product","link":"https:\/\/www.tada.si\/en\/trgovina\/ozvocenje\/zvocniki\/fonestar-sonora-5tb\/","title":{"rendered":"Fonestar zvo\u010dnik SONORA-5TB"},"content":{"rendered":"<h3><a href=\"https:\/\/fonestar.com\/en\/sonora-5tb\/\" target=\"_blank\" rel=\"noopener\">Fonestar SONORA-5TB<\/a><\/h3>\n<p>PA zvo\u010dnik z 100 V linijskim pretvornikom in nizko impedanco; primeren za zunanjo uporabo, odporen na vodo in korozijo; visoka kvaliteta zvoka; hitra in preprosta in\u0161talacija<\/p>\n<p>MO\u010c: 80 W max, 40 W RMS<\/p>\n<p>ZVO\u010cNIKI: 1 x 5 1\/4 &#8221; polipropilen woofer; 1 x 1 &#8221; visokotonec<\/p>\n<p>ODZIVNOST: 80 &#8211; 20 000 Hz<\/p>\n<p>IMPEDANCA: 40 W RMS @ 100 V (250 \u03a9); 20 W RMS @ 100 V (500 \u03a9); 10 W RMS @ 100 V (1000 \u03a9); 5 W RMS @ 100 V (2000 \u03a9); Low Z: 8 \u03a9<\/p>\n<p>OB\u010cUTLJIVOST: 86 dB @ 1 W\/1 m; 74 dB @ 1 W\/1 m<\/p>\n<p>MAX ZVO\u010cNI PRITISK: 99 dB @ max W\/1 m; 89 dB @ max W\/1 m<\/p>\n<p>KOT POKRITJA: H\/V: 200\u00b0 \/ 200\u00b0 @ 500 Hz; 135\u00b0 \/ 135\u00b0 @ 1 kHz; 100\u00b0 \/ 120\u00b0 @ 2 kHz; 60\u00b0 \/ 80\u00b0 @ 4 kHz\u00a0 (-6 dB)<\/p>\n<p>ZA\u0160\u010cITA: IP-66 glede na EN 60529; IEC 60068-2-11 okoljski test (Salt mist)<\/p>\n<p>MATERIAL: aluminijasta mre\u017ea; nosilec odporen na vremenske pogoje; vijaki iz nerjave\u010dega jekla<\/p>\n<p>STIKALO: izbor W pri High Z in Low Z<\/p>\n<p>KONEKTORJI: euroblock za kabel 0.25 &#8211; 2.5 mm2 pre\u010dni prerez<\/p>\n<p>TEMPERATURNI RAZMAK: -10 \u00b0C do 60 \u00b0C<\/p>\n<p>BARVA: bela (RAL 9004)<\/p>\n<p>DIMENZIJE: 162 x 262 x 147 mm<\/p>\n<p>TE\u017dA: 2.2 kg<\/p>","protected":false},"excerpt":{"rendered":"<p>Kompakten PA zvo\u010dnik z 100 V linijskim pretvornikom in mo\u017enostjo nizke impedance (8 \u03a9), namenjen zanesljivi notranji in zunanji uporabi. Odporen je na vodo in korozijo (IP66), nudi \u010disto in kakovostno reprodukcijo zvoka ter omogo\u010da hitro in enostavno monta\u017eo. Zaradi uravnote\u017eene mo\u010di, \u0161irokega frekven\u010dnega razpona in velikega kota pokritja je primeren za profesionalne ozvo\u010ditve manj\u0161ih in srednjih prostorov.<\/p>\n<p><a href=\"https:\/\/www.tada.si\/en\/product-category\/ozvocenje\/\">Oglejte si \u0161e ostalo na\u0161o Fonestar ponudbo<\/a><\/p>","protected":false},"featured_media":6756,"comment_status":"open","ping_status":"closed","template":"","meta":{"inline_featured_image":false},"product_brand":[],"product_cat":[181,201],"product_tag":[],"class_list":{"0":"post-3974","1":"product","2":"type-product","3":"status-publish","4":"has-post-thumbnail","6":"product_cat-ozvocenje","7":"product_cat-zvocniki","8":"pa_barva-214","10":"first","11":"instock","12":"taxable","13":"shipping-taxable","14":"purchasable","15":"product-type-simple","16":"czr-hentry"},"_links":{"self":[{"href":"https:\/\/www.tada.si\/en\/wp-json\/wp\/v2\/product\/3974","targetHints":{"allow":["GET"]}}],"collection":[{"href":"https:\/\/www.tada.si\/en\/wp-json\/wp\/v2\/product"}],"about":[{"href":"https:\/\/www.tada.si\/en\/wp-json\/wp\/v2\/types\/product"}],"replies":[{"embeddable":true,"href":"https:\/\/www.tada.si\/en\/wp-json\/wp\/v2\/comments?post=3974"}],"wp:featuredmedia":[{"embeddable":true,"href":"https:\/\/www.tada.si\/en\/wp-json\/wp\/v2\/media\/6756"}],"wp:attachment":[{"href":"https:\/\/www.tada.si\/en\/wp-json\/wp\/v2\/media?parent=3974"}],"wp:term":[{"taxonomy":"product_brand","embeddable":true,"href":"https:\/\/www.tada.si\/en\/wp-json\/wp\/v2\/product_brand?post=3974"},{"taxonomy":"product_cat","embeddable":true,"href":"https:\/\/www.tada.si\/en\/wp-json\/wp\/v2\/product_cat?post=3974"},{"taxonomy":"product_tag","embeddable":true,"href":"https:\/\/www.tada.si\/en\/wp-json\/wp\/v2\/product_tag?post=3974"}],"curies":[{"name":"wp","href":"https:\/\/api.w.org\/{rel}","templated":true}]}}