{"id":3977,"date":"2022-07-20T11:32:27","date_gmt":"2022-07-20T11:32:27","guid":{"rendered":"http:\/\/www.tada.si\/?post_type=product&#038;p=3977"},"modified":"2026-02-19T14:54:37","modified_gmt":"2026-02-19T12:54:37","slug":"fonestar-sonora-6tn","status":"publish","type":"product","link":"https:\/\/www.tada.si\/en\/trgovina\/ozvocenje\/zvocniki\/fonestar-sonora-6tn\/","title":{"rendered":"Fonestar zvo\u010dnik SONORA-6TN"},"content":{"rendered":"<h3><a href=\"https:\/\/fonestar.com\/en\/sonora-6tn\/\" target=\"_blank\" rel=\"noopener\">Fonestar SONORA-6TN<\/a><\/h3>\n<p>PA zvo\u010dnik z 100 V linijskim pretvornikom in nizko impedanco; primeren za zunanjo uporabo, odporen na vodo in korozijo; visoka kvaliteta zvoka; hitra in preprosta in\u0161talacija<\/p>\n<p>MO\u010c: 100 W max, 60 W RMS<\/p>\n<p>ZVO\u010cNIKI: 1 x 6 &#8221; polipropilen woofer; 1 x 1 &#8221; visokotonec<\/p>\n<p>ODZIVNOST: 75 &#8211; 20 000 Hz<\/p>\n<p>IMPEDANCA: 60 W RMS @ 100 V (165 \u03a9); 30 W RMS @ 100 V (330 \u03a9); 15 W RMS @ 100 V (660 \u03a9); 7.5 W RMS @ 100 V (1320 \u03a9); Low Z: 8 \u03a9<\/p>\n<p>OB\u010cUTLJIVOST: 84 dB @ 1 W\/1 m; 72 dB @ 1 W\/1 m<\/p>\n<p>MAX ZVO\u010cNI PRITISK: 101 dB @ max W\/1 m; 89 dB @ max W\/1 m<\/p>\n<p>KOT POKRITJA: 150\u00b0 @ 500 Hz; 120\u00b0 @ 1 kHz; 105\u00b0 @ 2 kHz; 135\u00b0 @ 4 kHz\u00a0 (-6 dB)<\/p>\n<p>ZA\u0160\u010cITA: IP-66 glede na EN 60529; IEC 60068-2-11 okoljski test (Salt mist)<\/p>\n<p>MATERIAL: aluminijasta mre\u017ea; nosilec odporen na vremenske pogoje; vijaki iz nerjave\u010dega jekla<\/p>\n<p>STIKALO: izbor W pri High Z in Low Z<\/p>\n<p>KONEKTORJI: euroblock za kabel 0.25 &#8211; 2.5 mm2 pre\u010dni prerez<\/p>\n<p>TEMPERATURNI RAZMAK: -10 \u00b0C do 60 \u00b0C<\/p>\n<p>BARVA: \u010drna (RAL 9004)<\/p>\n<p>DIMENZIJE: 202 x 324 x 175 mm<\/p>\n<p>TE\u017dA: 3 kg<\/p>","protected":false},"excerpt":{"rendered":"<p><strong>Fonestar SONORA-6TN<\/strong> je kakovosten PA zvo\u010dnik za notranjo in zunanjo uporabo, primeren za 100 V linijske sisteme in nizko impedanco (8 \u03a9). Odlikujejo ga odporna, vremensko za\u0161\u010ditena konstrukcija (IP66), visoka kakovost zvoka ter hitra in enostavna monta\u017ea. Z mo\u010djo do 100 W, \u0161irokim frekven\u010dnim razponom in \u0161irokim kotom pokritja je idealen za profesionalne ozvo\u010ditve v zahtevnih okoljih.<\/p>\n<p><a href=\"https:\/\/www.tada.si\/en\/product-category\/ozvocenje\/\">Oglejte si \u0161e ostalo na\u0161o Fonestar ponudbo<\/a><\/p>","protected":false},"featured_media":7137,"comment_status":"open","ping_status":"closed","template":"","meta":{"inline_featured_image":false},"product_brand":[],"product_cat":[181,201],"product_tag":[],"class_list":{"0":"post-3977","1":"product","2":"type-product","3":"status-publish","4":"has-post-thumbnail","6":"product_cat-ozvocenje","7":"product_cat-zvocniki","8":"pa_barva-214","10":"first","11":"instock","12":"taxable","13":"shipping-taxable","14":"purchasable","15":"product-type-simple","16":"czr-hentry"},"_links":{"self":[{"href":"https:\/\/www.tada.si\/en\/wp-json\/wp\/v2\/product\/3977","targetHints":{"allow":["GET"]}}],"collection":[{"href":"https:\/\/www.tada.si\/en\/wp-json\/wp\/v2\/product"}],"about":[{"href":"https:\/\/www.tada.si\/en\/wp-json\/wp\/v2\/types\/product"}],"replies":[{"embeddable":true,"href":"https:\/\/www.tada.si\/en\/wp-json\/wp\/v2\/comments?post=3977"}],"wp:featuredmedia":[{"embeddable":true,"href":"https:\/\/www.tada.si\/en\/wp-json\/wp\/v2\/media\/7137"}],"wp:attachment":[{"href":"https:\/\/www.tada.si\/en\/wp-json\/wp\/v2\/media?parent=3977"}],"wp:term":[{"taxonomy":"product_brand","embeddable":true,"href":"https:\/\/www.tada.si\/en\/wp-json\/wp\/v2\/product_brand?post=3977"},{"taxonomy":"product_cat","embeddable":true,"href":"https:\/\/www.tada.si\/en\/wp-json\/wp\/v2\/product_cat?post=3977"},{"taxonomy":"product_tag","embeddable":true,"href":"https:\/\/www.tada.si\/en\/wp-json\/wp\/v2\/product_tag?post=3977"}],"curies":[{"name":"wp","href":"https:\/\/api.w.org\/{rel}","templated":true}]}}