{"id":3998,"date":"2022-07-27T07:53:55","date_gmt":"2022-07-27T07:53:55","guid":{"rendered":"http:\/\/www.tada.si\/?post_type=product&#038;p=3998"},"modified":"2026-03-27T03:35:06","modified_gmt":"2026-03-27T01:35:06","slug":"ajax-hub2-4g","status":"publish","type":"product","link":"https:\/\/www.tada.si\/en\/trgovina\/alarmni-in-video-nadzor\/ajax\/alarmne-centrale-ajax\/ajax-hub2-4g\/","title":{"rendered":"AJAX Hub2 4G"},"content":{"rendered":"<p>Hub2 LTE 4G centralna enota (HUB2) brez\u017ei\u010dnega protivlomnega sistema z integriranim LAN in Dual-SIM GSM\/GPRS 4G komunikatorjem, omogo\u010da dodajanje in delovanje do 100 brez\u017ei\u010dnih elementov, 9 skupin (particij), do 50 uporabnikov, 50 kod. Vgrajena back-up baterija. Podpira video verifikacijo z uporabo MotionCamera detektorjev. Garancija 2 leti razen na vgrajene baterije. Na voljo v \u010drni in beli barvi.<\/p>","protected":false},"excerpt":{"rendered":"<p>Hub2 LTE 4G centralna enota (HUB2) brez\u017ei\u010dnega protivlomnega sistema z integriranim LAN in Dual-SIM GSM\/GPRS 4G komunikatorjem, omogo\u010da dodajanje in delovanje do 100 brez\u017ei\u010dnih elementov, 9 skupin (particij), do 50 uporabnikov, 50 kod. Vgrajena back-up baterija. Podpira video verifikacijo z uporabo MotionCamera detektorjev. Garancija 2 leti razen na vgrajene baterije. Na voljo v \u010drni in [&hellip;]<\/p>\n","protected":false},"featured_media":6640,"comment_status":"open","ping_status":"closed","template":"","meta":{"inline_featured_image":false},"product_brand":[],"product_cat":[87,123,72],"product_tag":[],"class_list":{"0":"post-3998","1":"product","2":"type-product","3":"status-publish","4":"has-post-thumbnail","6":"product_cat-ajax","7":"product_cat-alarmne-centrale-ajax","8":"product_cat-alarmni-in-video-nadzor","9":"pa_barva-bela","10":"pa_barva-crna","12":"first","13":"instock","14":"taxable","15":"shipping-taxable","16":"purchasable","17":"product-type-variable","18":"czr-hentry"},"_links":{"self":[{"href":"https:\/\/www.tada.si\/en\/wp-json\/wp\/v2\/product\/3998","targetHints":{"allow":["GET"]}}],"collection":[{"href":"https:\/\/www.tada.si\/en\/wp-json\/wp\/v2\/product"}],"about":[{"href":"https:\/\/www.tada.si\/en\/wp-json\/wp\/v2\/types\/product"}],"replies":[{"embeddable":true,"href":"https:\/\/www.tada.si\/en\/wp-json\/wp\/v2\/comments?post=3998"}],"wp:featuredmedia":[{"embeddable":true,"href":"https:\/\/www.tada.si\/en\/wp-json\/wp\/v2\/media\/6640"}],"wp:attachment":[{"href":"https:\/\/www.tada.si\/en\/wp-json\/wp\/v2\/media?parent=3998"}],"wp:term":[{"taxonomy":"product_brand","embeddable":true,"href":"https:\/\/www.tada.si\/en\/wp-json\/wp\/v2\/product_brand?post=3998"},{"taxonomy":"product_cat","embeddable":true,"href":"https:\/\/www.tada.si\/en\/wp-json\/wp\/v2\/product_cat?post=3998"},{"taxonomy":"product_tag","embeddable":true,"href":"https:\/\/www.tada.si\/en\/wp-json\/wp\/v2\/product_tag?post=3998"}],"curies":[{"name":"wp","href":"https:\/\/api.w.org\/{rel}","templated":true}]}}