{"id":3999,"date":"2020-07-22T10:40:23","date_gmt":"2020-07-22T08:40:23","guid":{"rendered":"http:\/\/www.tada.si\/?post_type=product&#038;p=3999"},"modified":"2025-11-20T09:54:03","modified_gmt":"2025-11-20T07:54:03","slug":"ajax-rex-2","status":"publish","type":"product","link":"https:\/\/www.tada.si\/en\/trgovina\/alarmni-in-video-nadzor\/ajax\/razsiritveni-moduli-ajax\/ajax-rex-2\/","title":{"rendered":"AJAX ReX 2"},"content":{"rendered":"<p>Oja\u010devalec signala za Ajax sisteme, vklju\u010duje prenos slike z detektorja z vgrajeno kamero (motion cam), kompatibilen samo s HUB2 in HUB2PLUS, oja\u010da signal do 2x (max. 1700m od Hub 2 ali HUB 2 Plus do Rex 2 in 1700m od REX 2 do brez\u017ei\u010dne naprave), omogo\u010dena povezava med Hub 2 ali HUB2 Plus tudi preko Etherneta, napajanje 220VAC, vgrajena back-up Li-Ion 2A baterija (autonomno delovanje samo z baterijo do 38 ur). Garancija 2 leti razen na vgrajene baterije. Na voljo v \u010drni ali beli barvi.<\/p>","protected":false},"excerpt":{"rendered":"<p>Oja\u010devalec signala za Ajax sisteme, vklju\u010duje prenos slike z detektorja z vgrajeno kamero (motion cam), kompatibilen samo s HUB2 in HUB2PLUS, oja\u010da signal do 2x (max. 1700m od Hub 2 ali HUB 2 Plus do Rex 2 in 1700m od REX 2 do brez\u017ei\u010dne naprave), omogo\u010dena povezava med Hub 2 ali HUB2 Plus tudi preko [&hellip;]<\/p>\n","protected":false},"featured_media":6677,"comment_status":"open","ping_status":"closed","template":"","meta":{"inline_featured_image":false},"product_brand":[],"product_cat":[87,72,124],"product_tag":[],"class_list":{"0":"post-3999","1":"product","2":"type-product","3":"status-publish","4":"has-post-thumbnail","6":"product_cat-ajax","7":"product_cat-alarmni-in-video-nadzor","8":"product_cat-razsiritveni-moduli-ajax","9":"pa_barva-bela","10":"pa_barva-crna","12":"first","13":"instock","14":"taxable","15":"shipping-taxable","16":"purchasable","17":"product-type-variable","18":"czr-hentry"},"_links":{"self":[{"href":"https:\/\/www.tada.si\/en\/wp-json\/wp\/v2\/product\/3999","targetHints":{"allow":["GET"]}}],"collection":[{"href":"https:\/\/www.tada.si\/en\/wp-json\/wp\/v2\/product"}],"about":[{"href":"https:\/\/www.tada.si\/en\/wp-json\/wp\/v2\/types\/product"}],"replies":[{"embeddable":true,"href":"https:\/\/www.tada.si\/en\/wp-json\/wp\/v2\/comments?post=3999"}],"wp:featuredmedia":[{"embeddable":true,"href":"https:\/\/www.tada.si\/en\/wp-json\/wp\/v2\/media\/6677"}],"wp:attachment":[{"href":"https:\/\/www.tada.si\/en\/wp-json\/wp\/v2\/media?parent=3999"}],"wp:term":[{"taxonomy":"product_brand","embeddable":true,"href":"https:\/\/www.tada.si\/en\/wp-json\/wp\/v2\/product_brand?post=3999"},{"taxonomy":"product_cat","embeddable":true,"href":"https:\/\/www.tada.si\/en\/wp-json\/wp\/v2\/product_cat?post=3999"},{"taxonomy":"product_tag","embeddable":true,"href":"https:\/\/www.tada.si\/en\/wp-json\/wp\/v2\/product_tag?post=3999"}],"curies":[{"name":"wp","href":"https:\/\/api.w.org\/{rel}","templated":true}]}}