{"id":4010,"date":"2022-07-26T12:00:01","date_gmt":"2022-07-26T10:00:01","guid":{"rendered":"http:\/\/www.tada.si\/?post_type=product&#038;p=4010"},"modified":"2025-10-09T15:34:55","modified_gmt":"2025-10-09T13:34:55","slug":"ajax-ss-dd-brandplates-wh-bl","status":"publish","type":"product","link":"https:\/\/www.tada.si\/en\/trgovina\/alarmni-in-video-nadzor\/ajax\/pribor-in-oprema-ajax\/ajax-ss-dd-brandplates-wh-bl\/","title":{"rendered":"AJAX SS DD BrandPlates"},"content":{"rendered":"<p>Dodatek z logotipom podjejta za pritrditev na zunanjo brez\u017ei\u010dno sireno StreetSiren DoubleDeck. Na voljo v \u010drni ali beli barvi.<\/p>","protected":false},"excerpt":{"rendered":"<p>Dodatek z logotipom podjejta za pritrditev na zunanjo brez\u017ei\u010dno sireno StreetSiren DoubleDeck. Na voljo v \u010drni ali beli barvi.<\/p>","protected":false},"featured_media":6691,"comment_status":"open","ping_status":"closed","template":"","meta":{"inline_featured_image":false},"product_brand":[],"product_cat":[87,72,182],"product_tag":[],"class_list":{"0":"post-4010","1":"product","2":"type-product","3":"status-publish","4":"has-post-thumbnail","6":"product_cat-ajax","7":"product_cat-alarmni-in-video-nadzor","8":"product_cat-pribor-in-oprema-ajax","9":"pa_barva-bela","10":"pa_barva-crna","12":"first","13":"instock","14":"taxable","15":"shipping-taxable","16":"purchasable","17":"product-type-simple","18":"czr-hentry"},"_links":{"self":[{"href":"https:\/\/www.tada.si\/en\/wp-json\/wp\/v2\/product\/4010","targetHints":{"allow":["GET"]}}],"collection":[{"href":"https:\/\/www.tada.si\/en\/wp-json\/wp\/v2\/product"}],"about":[{"href":"https:\/\/www.tada.si\/en\/wp-json\/wp\/v2\/types\/product"}],"replies":[{"embeddable":true,"href":"https:\/\/www.tada.si\/en\/wp-json\/wp\/v2\/comments?post=4010"}],"wp:featuredmedia":[{"embeddable":true,"href":"https:\/\/www.tada.si\/en\/wp-json\/wp\/v2\/media\/6691"}],"wp:attachment":[{"href":"https:\/\/www.tada.si\/en\/wp-json\/wp\/v2\/media?parent=4010"}],"wp:term":[{"taxonomy":"product_brand","embeddable":true,"href":"https:\/\/www.tada.si\/en\/wp-json\/wp\/v2\/product_brand?post=4010"},{"taxonomy":"product_cat","embeddable":true,"href":"https:\/\/www.tada.si\/en\/wp-json\/wp\/v2\/product_cat?post=4010"},{"taxonomy":"product_tag","embeddable":true,"href":"https:\/\/www.tada.si\/en\/wp-json\/wp\/v2\/product_tag?post=4010"}],"curies":[{"name":"wp","href":"https:\/\/api.w.org\/{rel}","templated":true}]}}