{"id":4057,"date":"2022-07-28T10:06:53","date_gmt":"2022-07-28T08:06:53","guid":{"rendered":"http:\/\/www.tada.si\/?post_type=product&#038;p=4057"},"modified":"2024-04-19T15:01:42","modified_gmt":"2024-04-19T13:01:42","slug":"don-76","status":"publish","type":"product","link":"https:\/\/www.tada.si\/en\/trgovina\/alarmni-in-video-nadzor\/dvc\/snemalniki-dvc\/don-76\/","title":{"rendered":"DON-76"},"content":{"rendered":"<p>DVC pametni Mini Stre\u017enik z in\u0161talirano programsko opremo NVMS 2.0 STD. Majhna, prilagodljiva in stro\u0161kovno u\u010dinkovita re\u0161itev, bo ustrezala potrebam razli\u010dnih aplikacij. Zanesljiv, uporabniku prijazen vmesnik, enostavno vzdr\u017eevanje. Podpira do 256 IP kamer, 64 DVR\/NVR, 128 GB SSD, 1x HDMI priklju\u010dek.<\/p>","protected":false},"excerpt":{"rendered":"<p>DVC pametni Mini Stre\u017enik z in\u0161talirano programsko opremo NVMS 2.0 STD. Majhna, prilagodljiva in stro\u0161kovno u\u010dinkovita re\u0161itev, bo ustrezala potrebam razli\u010dnih aplikacij. Zanesljiv, uporabniku prijazen vmesnik, enostavno vzdr\u017eevanje. Podpira do 256 IP kamer, 64 DVR\/NVR, 128 GB SSD, 1x HDMI priklju\u010dek.<\/p>","protected":false},"featured_media":6857,"comment_status":"open","ping_status":"closed","template":"","meta":{"inline_featured_image":false},"product_brand":[],"product_cat":[89,139],"product_tag":[],"class_list":{"0":"post-4057","1":"product","2":"type-product","3":"status-publish","4":"has-post-thumbnail","6":"product_cat-dvc","7":"product_cat-snemalniki-dvc","8":"pa_barva-214","10":"first","11":"instock","12":"taxable","13":"shipping-taxable","14":"purchasable","15":"product-type-simple","16":"czr-hentry"},"_links":{"self":[{"href":"https:\/\/www.tada.si\/en\/wp-json\/wp\/v2\/product\/4057","targetHints":{"allow":["GET"]}}],"collection":[{"href":"https:\/\/www.tada.si\/en\/wp-json\/wp\/v2\/product"}],"about":[{"href":"https:\/\/www.tada.si\/en\/wp-json\/wp\/v2\/types\/product"}],"replies":[{"embeddable":true,"href":"https:\/\/www.tada.si\/en\/wp-json\/wp\/v2\/comments?post=4057"}],"wp:featuredmedia":[{"embeddable":true,"href":"https:\/\/www.tada.si\/en\/wp-json\/wp\/v2\/media\/6857"}],"wp:attachment":[{"href":"https:\/\/www.tada.si\/en\/wp-json\/wp\/v2\/media?parent=4057"}],"wp:term":[{"taxonomy":"product_brand","embeddable":true,"href":"https:\/\/www.tada.si\/en\/wp-json\/wp\/v2\/product_brand?post=4057"},{"taxonomy":"product_cat","embeddable":true,"href":"https:\/\/www.tada.si\/en\/wp-json\/wp\/v2\/product_cat?post=4057"},{"taxonomy":"product_tag","embeddable":true,"href":"https:\/\/www.tada.si\/en\/wp-json\/wp\/v2\/product_tag?post=4057"}],"curies":[{"name":"wp","href":"https:\/\/api.w.org\/{rel}","templated":true}]}}