{"id":7509,"date":"2023-04-25T10:25:36","date_gmt":"2023-04-25T08:25:36","guid":{"rendered":"https:\/\/www.tada.si\/trgovina\/nekategorizirano\/genuit-doza-box-5\/"},"modified":"2026-03-24T17:10:17","modified_gmt":"2026-03-24T15:10:17","slug":"genuit-doza-box-5","status":"publish","type":"product","link":"https:\/\/www.tada.si\/en\/trgovina\/genuit-instalacija\/doze\/genuit-doza-box-5\/","title":{"rendered":"Genuit doza box 5"},"content":{"rendered":"<h3 data-start=\"0\" data-end=\"220\"><a href=\"https:\/\/genuit.it\/prodotto\/box-5-cassetta-interruttori-per-impianto-elettrico\/\" target=\"_blank\" rel=\"noopener\">Genuit doza box 5<\/a> <strong data-start=\"0\" data-end=\"11\">Wallbox<\/strong> je nadometna 5-modulna doza za stikala v industrijskem slogu, navdihnjena z ladijskimi elektri\u010dnimi in\u0161talacijami. Njena robustna in kompaktna zasnova je idealna za notranje prostore v modernem ali zgodovinskem slogu.<\/h3>\n<p data-start=\"222\" data-end=\"407\">Odprtina za 5 stikal omogo\u010da \u0161tevilne kombinacije stikal in drugih elementov, s \u010dimer zadovolji razli\u010dne tehni\u010dne in estetske zahteve ter omogo\u010da optimalno izvedbo nadometne elektri\u010dne napeljave.<\/p>\n<p data-start=\"409\" data-end=\"736\">Ohi\u0161je Box 5 je izdelano iz tla\u010dno litega aluminija in obogateno s kovinskimi zaklju\u010dki, kot so Graphite, Copper, Corten in Silver, ki poudarjajo naravno teksturo materiala. Sistem se odli\u010dno ujema z nadometnim in\u0161talacijskim sistemom ter omogo\u010da veliko svobodo pri oblikovanju v stanovanjskih in poslovnih projektih.<\/p>\n<p data-start=\"231\" data-end=\"499\" data-is-last-node=\"\" data-is-only-node=\"\"><span class=\"selection-contrast\">Na voljo je v razli\u010dici\u00a0<\/span>s 5 moduli\u00a0<span class=\"selection-contrast\">in z \u0161irokim zaslonom, kar omogo\u010da vgradnjo modulov serij Eikon Evo in Ark\u00e9 proizvajalca VIMAR, vklju\u010dno z elektri\u010dnimi vti\u010dnicami do najnovej\u0161e generacije avtomatizacije doma.<\/span><\/p>\n<p data-start=\"0\" data-end=\"34\"><strong data-start=\"0\" data-end=\"32\">Sistem, enostaven za monta\u017eo:<\/strong><\/p>\n<p data-start=\"36\" data-end=\"229\">Doze Wallbox predstavljajo evolucijo nadometnih elektri\u010dnih napeljav: v primerjavi s tradicionalnimi re\u0161itvami so manj invazivne ter ponujajo prefinjen in funkcionalen industrijski dizajn.<\/p>\n<p data-start=\"231\" data-end=\"499\" data-is-last-node=\"\" data-is-only-node=\"\">Vgrajeni adapterji iz polipropilena omogo\u010dajo varno in stabilno pritrditev cevi, modularna zasnova sistema pa omogo\u010da enostavno prestavljanje in prilagajanje elektri\u010dne napeljave glede na projektne zahteve, pri \u010demer se vedno ohranja sodoben in estetsko dovr\u0161en videz.<\/p>\n<p data-start=\"231\" data-end=\"499\" data-is-last-node=\"\" data-is-only-node=\"\"><strong>Dimenzije:<\/strong> 95 mm x 185 mm \/ V: 65 mm<\/p>\n<p data-start=\"231\" data-end=\"499\" data-is-last-node=\"\" data-is-only-node=\"\"><img loading=\"lazy\" decoding=\"async\" class=\"\" src=\"https:\/\/genuit.b-cdn.net\/wp-content\/uploads\/2024\/05\/ESPLOSO-WALLBOX-3-2.png\" width=\"581\" height=\"484\" \/><\/p>\n<div class=\"flex flex-col text-sm pb-25\">\n<article class=\"text-token-text-primary w-full focus:outline-none [--shadow-height:45px] has-data-writing-block:pointer-events-none has-data-writing-block:-mt-(--shadow-height) has-data-writing-block:pt-(--shadow-height) [&amp;:has([data-writing-block])&gt;*]:pointer-events-auto scroll-mt-[calc(var(--header-height)+min(200px,max(70px,20svh)))]\" dir=\"auto\" tabindex=\"-1\" data-turn-id=\"request-WEB:905e73e6-e4b8-4951-934c-8e46d403d3bf-14\" data-testid=\"conversation-turn-12\" data-scroll-anchor=\"true\" data-turn=\"assistant\">\n<div class=\"text-base my-auto mx-auto pb-10 [--thread-content-margin:--spacing(4)] @w-sm\/main:[--thread-content-margin:--spacing(6)] @w-lg\/main:[--thread-content-margin:--spacing(16)] px-(--thread-content-margin)\">\n<div class=\"[--thread-content-max-width:40rem] @w-lg\/main:[--thread-content-max-width:48rem] mx-auto max-w-(--thread-content-max-width) flex-1 group\/turn-messages focus-visible:outline-hidden relative flex w-full min-w-0 flex-col agent-turn\" tabindex=\"-1\">\n<div class=\"flex max-w-full flex-col grow\">\n<div class=\"min-h-8 text-message relative flex w-full flex-col items-end gap-2 text-start break-words whitespace-normal [.text-message+&amp;]:mt-1\" dir=\"auto\" data-message-author-role=\"assistant\" data-message-id=\"fd58d899-82c2-450c-84a2-5ecb950e69e9\" data-message-model-slug=\"gpt-5-2\">\n<div class=\"flex w-full flex-col gap-1 empty:hidden first:pt-[1px]\">\n<div class=\"markdown prose dark:prose-invert w-full wrap-break-word light markdown-new-styling\">\n<p data-start=\"0\" data-end=\"23\"><strong data-start=\"0\" data-end=\"21\">Integracija mednarodnih modulov:<\/strong><\/p>\n<p data-start=\"0\" data-end=\"23\"><img loading=\"lazy\" decoding=\"async\" class=\"\" src=\"https:\/\/genuit.b-cdn.net\/wp-content\/uploads\/2024\/05\/Moduli_Prese-08.jpg\" width=\"584\" height=\"576\" \/><\/p>\n<\/div>\n<\/div>\n<\/div>\n<\/div>\n<\/div>\n<\/div>\n<\/article>\n<\/div>\n","protected":false},"excerpt":{"rendered":"<p><strong data-start=\"19\" data-end=\"35\">Box 5<\/strong> je industrijsko oblikovana stenska doza za 5 modulov iz tla\u010dno litega aluminija. Omogo\u010da prilagodljivo vgradnjo, integracijo mednarodnih modulov ter estetsko dovr\u0161eno nadometno napeljavo v modernih ali klasi\u010dnih interierjih.<\/p>\n<p>Oglejte si \u0161e <a href=\"https:\/\/www.tada.si\/en\/product-category\/genuit\/doze\/\">ostalo ponudbo doz Genuit na na\u0161i spletni strani.<\/a><\/p>\n<p>\ud83d\udce9 Za ve\u010d informacij in ponudbo po meri nam pi\u0161ite na info@tada.si<br \/>\n\ud83d\udcde ali nas pokli\u010dite na 051 229 229 \u2013 z veseljem vam pripravimo re\u0161itev, prilagojeno va\u0161im potrebam in projektu.<\/p>","protected":false},"featured_media":11340,"comment_status":"open","ping_status":"closed","template":"","meta":{"inline_featured_image":false},"product_brand":[],"product_cat":[218,216],"product_tag":[],"class_list":{"0":"post-7509","1":"product","2":"type-product","3":"status-publish","4":"has-post-thumbnail","6":"product_cat-doze","7":"product_cat-genuit-instalacija","8":"pa_barva-bronasta","9":"pa_barva-crna","10":"pa_barva-srebrna","12":"first","13":"instock","14":"taxable","15":"shipping-taxable","16":"product-type-simple","17":"czr-hentry"},"_links":{"self":[{"href":"https:\/\/www.tada.si\/en\/wp-json\/wp\/v2\/product\/7509","targetHints":{"allow":["GET"]}}],"collection":[{"href":"https:\/\/www.tada.si\/en\/wp-json\/wp\/v2\/product"}],"about":[{"href":"https:\/\/www.tada.si\/en\/wp-json\/wp\/v2\/types\/product"}],"replies":[{"embeddable":true,"href":"https:\/\/www.tada.si\/en\/wp-json\/wp\/v2\/comments?post=7509"}],"wp:featuredmedia":[{"embeddable":true,"href":"https:\/\/www.tada.si\/en\/wp-json\/wp\/v2\/media\/11340"}],"wp:attachment":[{"href":"https:\/\/www.tada.si\/en\/wp-json\/wp\/v2\/media?parent=7509"}],"wp:term":[{"taxonomy":"product_brand","embeddable":true,"href":"https:\/\/www.tada.si\/en\/wp-json\/wp\/v2\/product_brand?post=7509"},{"taxonomy":"product_cat","embeddable":true,"href":"https:\/\/www.tada.si\/en\/wp-json\/wp\/v2\/product_cat?post=7509"},{"taxonomy":"product_tag","embeddable":true,"href":"https:\/\/www.tada.si\/en\/wp-json\/wp\/v2\/product_tag?post=7509"}],"curies":[{"name":"wp","href":"https:\/\/api.w.org\/{rel}","templated":true}]}}