{"id":7510,"date":"2023-04-25T10:25:36","date_gmt":"2023-04-25T08:25:36","guid":{"rendered":"https:\/\/www.tada.si\/trgovina\/nekategorizirano\/genuit-doza-box-3\/"},"modified":"2026-03-24T16:17:52","modified_gmt":"2026-03-24T14:17:52","slug":"genuit-doza-box-3","status":"publish","type":"product","link":"https:\/\/www.tada.si\/en\/trgovina\/genuit-instalacija\/doze\/genuit-doza-box-3\/","title":{"rendered":"Genuit doza box 3"},"content":{"rendered":"<h3><a href=\"https:\/\/genuit.it\/prodotto\/box-3-cassetta-interruttori-impianto-elettrico-a-vista\/\" target=\"_blank\" rel=\"noopener\">Genuit doza box 3<\/a> Wallbox je nadometna 3-modulna doza za stikala v industrijskem slogu, navdihnjena z ladijskimi elektri\u010dnimi in\u0161talacijami. Njena robustna in kompaktna zasnova je idealna za notranje prostore v modernem ali zgodovinskem ambientu.<\/h3>\n<p data-start=\"0\" data-end=\"421\">Odprtina za 3 module omogo\u010da \u0161tevilne kombinacije stikal in drugih elementov, s \u010dimer zadovolji razli\u010dne tehni\u010dne in estetske zahteve ter omogo\u010da optimalno izvedbo nadometne elektri\u010dne napeljave.<\/p>\n<p data-start=\"423\" data-end=\"758\" data-is-last-node=\"\" data-is-only-node=\"\">Ohi\u0161je Box 3 je izdelano iz tla\u010dno litega aluminija in obogateno s kovinskimi zaklju\u010dki, kot so Graphite, Copper, Corten in Silver, ki poudarjajo naravno teksturo materiala. Sistem se odli\u010dno ujema z nadometnim in\u0161talacijskim sistemom ter omogo\u010da veliko svobodo pri oblikovanju v stanovanjskih in poslovnih projektih.<\/p>\n<p data-start=\"423\" data-end=\"758\" data-is-last-node=\"\" data-is-only-node=\"\"><span class=\"selection-contrast\">Na voljo je v razli\u010dici\u00a0<\/span>s 3 moduli <span class=\"selection-contrast\">in z \u0161irokim zaslonom, kar omogo\u010da vgradnjo modulov serij Eikon Evo in Ark\u00e9 proizvajalca VIMAR, vklju\u010dno z elektri\u010dnimi vti\u010dnicami do najnovej\u0161e generacije avtomatizacije doma.<\/span><\/p>\n<p data-start=\"0\" data-end=\"34\"><strong data-start=\"0\" data-end=\"32\">Sistem, enostaven za monta\u017eo:<\/strong><\/p>\n<p data-start=\"36\" data-end=\"229\">Doze Wallbox predstavljajo evolucijo nadometnih elektri\u010dnih napeljav: v primerjavi s tradicionalnimi re\u0161itvami so manj invazivne ter ponujajo prefinjen in funkcionalen industrijski dizajn.<\/p>\n<p data-start=\"231\" data-end=\"499\" data-is-last-node=\"\" data-is-only-node=\"\">Vgrajeni adapterji iz polipropilena omogo\u010dajo varno in stabilno pritrditev cevi, modularna zasnova sistema pa omogo\u010da enostavno prestavljanje in prilagajanje elektri\u010dne napeljave glede na projektne zahteve, pri \u010demer se vedno ohranja sodoben in estetsko dovr\u0161en videz.<\/p>\n<p data-start=\"231\" data-end=\"499\" data-is-last-node=\"\" data-is-only-node=\"\"><strong>Dimenzije:<\/strong> 95 mm x 125mm \/ V: 65 mm<\/p>\n<p data-start=\"231\" data-end=\"499\" data-is-last-node=\"\" data-is-only-node=\"\"><strong>Moduli:\u00a0<\/strong>Seriji Eikon Evo in Ark\u00e9 znamke VIMAR<\/p>\n<div class=\"space-y-3 swiper-slide swiper-slide-active\" role=\"group\" aria-label=\"1 \/ 2\">\n<div class=\"relative w-full aspect-card bg-gray-50\"><img loading=\"lazy\" decoding=\"async\" class=\"object-cover object-center w-full h-full entered lazyloaded\" src=\"https:\/\/genuit.b-cdn.net\/wp-content\/uploads\/2024\/05\/ESPLOSO-WALLBOX-3-2.png\" width=\"580\" height=\"484\" data-lazy-src=\"https:\/\/genuit.b-cdn.net\/wp-content\/uploads\/2024\/05\/ESPLOSO-WALLBOX-3-2.png\" data-ll-status=\"loaded\" \/><\/div>\n<p class=\"h5\"><strong data-start=\"0\" data-end=\"21\">Integracija mednarodnih modulov:<\/strong><\/p>\n<\/div>\n<div class=\"space-y-3 swiper-slide swiper-slide-next\" role=\"group\" aria-label=\"2 \/ 2\">\n<div class=\"relative w-full aspect-card bg-gray-50\"><img loading=\"lazy\" decoding=\"async\" class=\"object-cover object-center w-full h-full entered lazyloaded\" src=\"https:\/\/genuit.b-cdn.net\/wp-content\/uploads\/2024\/05\/Moduli_Prese-08.jpg\" width=\"582\" height=\"574\" data-lazy-src=\"https:\/\/genuit.b-cdn.net\/wp-content\/uploads\/2024\/05\/Moduli_Prese-08.jpg\" data-ll-status=\"loaded\" \/><\/div>\n<\/div>","protected":false},"excerpt":{"rendered":"<p data-start=\"174\" data-end=\"418\"><strong>Box 3<\/strong> je industrijsko oblikovana stenska doza za 3 module iz tla\u010dno litega aluminija. Omogo\u010da enostavno vgradnjo modulov Eikon Evo in Ark\u00e9 ter estetsko dovr\u0161eno vidno napeljavo v modernih ali klasi\u010dnih prostorih.<\/p>\n<p data-start=\"420\" data-end=\"483\" data-is-last-node=\"\" data-is-only-node=\"\">Oglejte si \u0161e <a href=\"https:\/\/www.tada.si\/en\/product-category\/genuit\/doze\/\">ostalo ponudbo doz Genuit na na\u0161i spletni strani.<\/a><\/p>\n<p data-start=\"420\" data-end=\"483\" data-is-last-node=\"\" data-is-only-node=\"\">\ud83d\udce9 Za ve\u010d informacij in ponudbo po meri nam pi\u0161ite na info@tada.si<br \/>\n\ud83d\udcde ali nas pokli\u010dite na 051 229 229 \u2013 z veseljem vam pripravimo re\u0161itev, prilagojeno va\u0161im potrebam in projektu.<\/p>","protected":false},"featured_media":11327,"comment_status":"open","ping_status":"closed","template":"","meta":{"inline_featured_image":false},"product_brand":[],"product_cat":[218,216],"product_tag":[],"class_list":{"0":"post-7510","1":"product","2":"type-product","3":"status-publish","4":"has-post-thumbnail","6":"product_cat-doze","7":"product_cat-genuit-instalacija","8":"pa_barva-bronasta","9":"pa_barva-crna","10":"pa_barva-srebrna","12":"first","13":"instock","14":"taxable","15":"shipping-taxable","16":"product-type-simple","17":"czr-hentry"},"_links":{"self":[{"href":"https:\/\/www.tada.si\/en\/wp-json\/wp\/v2\/product\/7510","targetHints":{"allow":["GET"]}}],"collection":[{"href":"https:\/\/www.tada.si\/en\/wp-json\/wp\/v2\/product"}],"about":[{"href":"https:\/\/www.tada.si\/en\/wp-json\/wp\/v2\/types\/product"}],"replies":[{"embeddable":true,"href":"https:\/\/www.tada.si\/en\/wp-json\/wp\/v2\/comments?post=7510"}],"wp:featuredmedia":[{"embeddable":true,"href":"https:\/\/www.tada.si\/en\/wp-json\/wp\/v2\/media\/11327"}],"wp:attachment":[{"href":"https:\/\/www.tada.si\/en\/wp-json\/wp\/v2\/media?parent=7510"}],"wp:term":[{"taxonomy":"product_brand","embeddable":true,"href":"https:\/\/www.tada.si\/en\/wp-json\/wp\/v2\/product_brand?post=7510"},{"taxonomy":"product_cat","embeddable":true,"href":"https:\/\/www.tada.si\/en\/wp-json\/wp\/v2\/product_cat?post=7510"},{"taxonomy":"product_tag","embeddable":true,"href":"https:\/\/www.tada.si\/en\/wp-json\/wp\/v2\/product_tag?post=7510"}],"curies":[{"name":"wp","href":"https:\/\/api.w.org\/{rel}","templated":true}]}}