{"id":7511,"date":"2023-04-25T10:25:37","date_gmt":"2023-04-25T08:25:37","guid":{"rendered":"https:\/\/www.tada.si\/trgovina\/nekategorizirano\/genuit-doza-box-2\/"},"modified":"2026-03-24T14:01:05","modified_gmt":"2026-03-24T12:01:05","slug":"genuit-doza-box-2","status":"publish","type":"product","link":"https:\/\/www.tada.si\/en\/trgovina\/genuit-instalacija\/doze\/genuit-doza-box-2\/","title":{"rendered":"Genuit doza box 2"},"content":{"rendered":"<h3 data-start=\"0\" data-end=\"220\"><a href=\"https:\/\/genuit.it\/prodotto\/box-2-cassetta-interruttori-impianto-fuori-traccia\/\" target=\"_blank\" rel=\"noopener\">Genuit doza box 2<\/a> <strong data-start=\"0\" data-end=\"11\">Wallbox<\/strong> je nadometna 2-modulna doza za stikala v industrijskem slogu, navdihnjena z ladijskimi elektri\u010dnimi in\u0161talacijami. Njena robustna in kompaktna zasnova je idealna za notranje prostore v modernem ali zgodovinskem slogu.<\/h3>\n<p data-start=\"222\" data-end=\"407\">Odprtina za 2 stikali omogo\u010da \u0161tevilne kombinacije stikal in drugih elementov, s \u010dimer zadovolji razli\u010dne tehni\u010dne in estetske zahteve ter omogo\u010da optimalno izvedbo nadometne elektri\u010dne napeljave.<\/p>\n<p data-start=\"409\" data-end=\"736\">Ohi\u0161je Box 2 je izdelano iz tla\u010dno litega aluminija in obogateno s kovinskimi zaklju\u010dki, kot so Graphite, Copper, Corten in Silver, ki poudarjajo naravno teksturo materiala. Sistem se odli\u010dno ujema z nadometnim in\u0161talacijskim sistemom ter omogo\u010da veliko svobodo pri oblikovanju v stanovanjskih in poslovnih projektih.<\/p>\n<p data-start=\"231\" data-end=\"499\" data-is-last-node=\"\" data-is-only-node=\"\"><span class=\"selection-contrast\">Na voljo je v razli\u010dici 2<\/span> moduloma <span class=\"selection-contrast\">in s \u0161irokim zaslonom, kar omogo\u010da vgradnjo modulov serij Eikon Evo in Ark\u00e9 proizvajalca VIMAR, vklju\u010dno z elektri\u010dnimi vti\u010dnicami do najnovej\u0161e generacije avtomatizacije doma.<\/span><\/p>\n<p data-start=\"0\" data-end=\"34\"><strong data-start=\"0\" data-end=\"32\">Sistem, enostaven za monta\u017eo:<\/strong><\/p>\n<p data-start=\"36\" data-end=\"229\">Doze Wallbox predstavljajo evolucijo nadometnih elektri\u010dnih napeljav: v primerjavi s tradicionalnimi re\u0161itvami so manj invazivne ter ponujajo prefinjen in funkcionalen industrijski dizajn.<\/p>\n<p data-start=\"231\" data-end=\"499\" data-is-last-node=\"\" data-is-only-node=\"\">Vgrajeni adapterji iz polipropilena omogo\u010dajo varno in stabilno pritrditev cevi, modularna zasnova sistema pa omogo\u010da enostavno prestavljanje in prilagajanje elektri\u010dne napeljave glede na projektne zahteve, pri \u010demer se vedno ohranja sodoben in estetsko dovr\u0161en videz.<\/p>\n<p data-start=\"231\" data-end=\"499\" data-is-last-node=\"\" data-is-only-node=\"\"><strong>Dimenzije:<\/strong> 95 mm x 95 mm \/ V: 60 mm<\/p>\n<div class=\"col-span-2\"><strong>Moduli:\u00a0<\/strong>Seriji Eikon Evo in Ark\u00e9 znamke VIMAR<\/div>\n<div>\n<p data-start=\"231\" data-end=\"499\" data-is-last-node=\"\" data-is-only-node=\"\"><strong>Material:<\/strong>\u00a0 Zaradi svoje duktilnosti je aluminij material z odli\u010dnimi lastnostmi za vrtanje, visoko odpornostjo na udarce in dolgo \u017eivljenjsko dobo. Na\u0161i izdelki so izdelani z debelej\u0161imi stenami, da se v celoti izkoristijo prednosti tega materiala.<\/p>\n<ul>\n<li data-start=\"231\" data-end=\"499\"><strong data-start=\"0\" data-end=\"10\">Copper<\/strong><br data-start=\"10\" data-end=\"13\" \/>Krogli\u010dno peskano ohi\u0161je iz tla\u010dno lite aluminijeve zlitine z bakreno povr\u0161insko obdelavo. Zaklju\u010dek Copper je galvanska obdelava z nanosom sloja bakra, katere posebnost je naravna sprememba barvnega odtenka skozi \u010das.<\/li>\n<li data-start=\"231\" data-end=\"499\"><strong data-start=\"455\" data-end=\"465\">Corten<\/strong><br data-start=\"465\" data-end=\"468\" \/>Krogli\u010dno peskano in pra\u0161no barvano ohi\u0161je iz tla\u010dno lite aluminijeve zlitine. Zaklju\u010dek Corten izstopa po svoji izraziti teksturi in poudarjeni odpornosti, ki izdelku daje zna\u010dilen industrijski videz.<\/li>\n<li data-start=\"231\" data-end=\"499\"><strong data-start=\"859\" data-end=\"871\">Graphite<\/strong><br data-start=\"871\" data-end=\"874\" \/>Krogli\u010dno peskano in eloksirano ohi\u0161je iz tla\u010dno lite aluminijeve zlitine. Zaklju\u010dek Graphite odlikuje posebna barvna globina, dose\u017eena s trdo eloksacijo ve\u010dje debeline.<\/li>\n<li data-start=\"0\" data-end=\"12\"><strong data-start=\"0\" data-end=\"10\">Silver<br \/>\n<\/strong>Krogli\u010dno peskano ohi\u0161je, izdelano s tla\u010dnim litjem aluminijeve zlitine. Zaklju\u010dek Silver nima dodatnih za\u0161\u010ditnih povr\u0161inskih obdelav \u2013 aluminij ostaja v svoji naravni, najbolj pristni industrijski podobi.<\/li>\n<\/ul>\n<\/div>\n<div><img loading=\"lazy\" decoding=\"async\" class=\"\" src=\"https:\/\/genuit.b-cdn.net\/wp-content\/uploads\/2024\/05\/ESPLOSO-WALLBOX-2-2.png\" width=\"581\" height=\"484\" \/><\/div>\n<div class=\"flex flex-col text-sm pb-25\">\n<article class=\"text-token-text-primary w-full focus:outline-none [--shadow-height:45px] has-data-writing-block:pointer-events-none has-data-writing-block:-mt-(--shadow-height) has-data-writing-block:pt-(--shadow-height) [&amp;:has([data-writing-block])&gt;*]:pointer-events-auto scroll-mt-[calc(var(--header-height)+min(200px,max(70px,20svh)))]\" dir=\"auto\" tabindex=\"-1\" data-turn-id=\"request-WEB:905e73e6-e4b8-4951-934c-8e46d403d3bf-14\" data-testid=\"conversation-turn-12\" data-scroll-anchor=\"true\" data-turn=\"assistant\">\n<div class=\"text-base my-auto mx-auto pb-10 [--thread-content-margin:--spacing(4)] @w-sm\/main:[--thread-content-margin:--spacing(6)] @w-lg\/main:[--thread-content-margin:--spacing(16)] px-(--thread-content-margin)\">\n<div class=\"[--thread-content-max-width:40rem] @w-lg\/main:[--thread-content-max-width:48rem] mx-auto max-w-(--thread-content-max-width) flex-1 group\/turn-messages focus-visible:outline-hidden relative flex w-full min-w-0 flex-col agent-turn\" tabindex=\"-1\">\n<div class=\"flex max-w-full flex-col grow\">\n<div class=\"min-h-8 text-message relative flex w-full flex-col items-end gap-2 text-start break-words whitespace-normal [.text-message+&amp;]:mt-1\" dir=\"auto\" data-message-author-role=\"assistant\" data-message-id=\"fd58d899-82c2-450c-84a2-5ecb950e69e9\" data-message-model-slug=\"gpt-5-2\">\n<div class=\"flex w-full flex-col gap-1 empty:hidden first:pt-[1px]\">\n<div class=\"markdown prose dark:prose-invert w-full wrap-break-word light markdown-new-styling\">\n<p data-start=\"0\" data-end=\"23\"><strong data-start=\"0\" data-end=\"21\">Integracija mednarodnih modulov:<\/strong><\/p>\n<\/div>\n<\/div>\n<\/div>\n<\/div>\n<div class=\"mt-3 w-full empty:hidden\">\n<div class=\"text-center\"><img loading=\"lazy\" decoding=\"async\" class=\"\" src=\"https:\/\/genuit.b-cdn.net\/wp-content\/uploads\/2024\/05\/Moduli_Prese-08.jpg\" width=\"584\" height=\"576\" \/><\/div>\n<\/div>\n<\/div>\n<\/div>\n<\/article>\n<\/div>\n","protected":false},"excerpt":{"rendered":"<p>Box 2 je industrijsko oblikovana stenska doza za 2 modula iz tla\u010dno litega aluminija. Omogo\u010da prilagodljivo vgradnjo in estetsko dovr\u0161eno vidno napeljavo.<\/p>\n<p>Oglejte si \u0161e <a href=\"https:\/\/www.tada.si\/en\/product-category\/genuit\/doze\/\">ostalo ponudbo doz Genuit na na\u0161i spletni strani.<\/a><\/p>\n<p>\ud83d\udce9 Za ve\u010d informacij in ponudbo po meri nam pi\u0161ite na info@tada.si<br \/>\n\ud83d\udcde ali nas pokli\u010dite na 051 229 229 \u2013 z veseljem vam pripravimo re\u0161itev, prilagojeno va\u0161im potrebam in projektu.<\/p>","protected":false},"featured_media":10610,"comment_status":"open","ping_status":"closed","template":"","meta":{"inline_featured_image":false},"product_brand":[],"product_cat":[218,216],"product_tag":[],"class_list":{"0":"post-7511","1":"product","2":"type-product","3":"status-publish","4":"has-post-thumbnail","6":"product_cat-doze","7":"product_cat-genuit-instalacija","8":"pa_barva-bronasta","9":"pa_barva-crna","10":"pa_barva-srebrna","12":"first","13":"instock","14":"taxable","15":"shipping-taxable","16":"product-type-simple","17":"czr-hentry"},"_links":{"self":[{"href":"https:\/\/www.tada.si\/en\/wp-json\/wp\/v2\/product\/7511","targetHints":{"allow":["GET"]}}],"collection":[{"href":"https:\/\/www.tada.si\/en\/wp-json\/wp\/v2\/product"}],"about":[{"href":"https:\/\/www.tada.si\/en\/wp-json\/wp\/v2\/types\/product"}],"replies":[{"embeddable":true,"href":"https:\/\/www.tada.si\/en\/wp-json\/wp\/v2\/comments?post=7511"}],"wp:featuredmedia":[{"embeddable":true,"href":"https:\/\/www.tada.si\/en\/wp-json\/wp\/v2\/media\/10610"}],"wp:attachment":[{"href":"https:\/\/www.tada.si\/en\/wp-json\/wp\/v2\/media?parent=7511"}],"wp:term":[{"taxonomy":"product_brand","embeddable":true,"href":"https:\/\/www.tada.si\/en\/wp-json\/wp\/v2\/product_brand?post=7511"},{"taxonomy":"product_cat","embeddable":true,"href":"https:\/\/www.tada.si\/en\/wp-json\/wp\/v2\/product_cat?post=7511"},{"taxonomy":"product_tag","embeddable":true,"href":"https:\/\/www.tada.si\/en\/wp-json\/wp\/v2\/product_tag?post=7511"}],"curies":[{"name":"wp","href":"https:\/\/api.w.org\/{rel}","templated":true}]}}