{"id":7523,"date":"2023-04-25T10:25:38","date_gmt":"2023-04-25T08:25:38","guid":{"rendered":"https:\/\/www.tada.si\/trgovina\/nekategorizirano\/genuit-dot-luc\/"},"modified":"2026-03-27T11:45:15","modified_gmt":"2026-03-27T09:45:15","slug":"genuit-dot-luc","status":"publish","type":"product","link":"https:\/\/www.tada.si\/en\/trgovina\/genuit-instalacija\/luci\/genuit-dot-luc\/","title":{"rendered":"Genuit Dot lu\u010d"},"content":{"rendered":"<h3 data-start=\"0\" data-end=\"213\"><a href=\"https:\/\/genuit.it\/en\/product\/light-dot-elegance-and-versatility-lighting\/\" target=\"_blank\" rel=\"noopener\">Genuit Dot lu\u010d<\/a><\/h3>\n<p data-start=\"769\" data-end=\"1011\">Light Dot je vsestranska LED svetilka, zasnovana kot del modularnega sistema nadometnih in\u0161talacij. S svojo kompaktno obliko in premi\u0161ljeno zasnovo omogo\u010da estetsko dovr\u0161ene svetlobne re\u0161itve tako v sodobnih kot tudi zgodovinskih interierjih.<\/p>\n<p data-start=\"1013\" data-end=\"1240\">Njena posebnost je ve\u010dfunkcionalnost \u2013 deluje kot svetlobni element in hkrati kot povezovalna to\u010dka elektroin\u0161talacije. Zaradi mo\u017enosti ve\u010d smernih priklopov omogo\u010da popolno svobodo pri na\u010drtovanju postavitve lu\u010di in napeljave.<\/p>\n<p data-start=\"1242\" data-end=\"1376\">Na voljo z Opal ali Fresnel le\u010do, ki omogo\u010da razli\u010dne svetlobne u\u010dinke \u2013 od mehke ambientalne osvetlitve do bolj usmerjene svetlobe.<\/p>\n<p data-start=\"346\" data-end=\"526\" data-is-last-node=\"\" data-is-only-node=\"\">Model <strong data-start=\"352\" data-end=\"369\">Light Dot 130<\/strong>, ki je na voljo tudi v manj\u0161i razli\u010dici <strong>100<\/strong>, omogo\u010da vgradnjo 24 V LED modulov ali sijalke GX53 ter ponuja izbiro med dvema vrstama le\u010d: Opal ali Fresnel.<\/p>\n<p><img loading=\"lazy\" decoding=\"async\" class=\"alignleft\" src=\"https:\/\/genuit.b-cdn.net\/wp-content\/uploads\/2024\/05\/ESPLOSO-DOTBOX-FRESNEL.png\" width=\"426\" height=\"355\" \/><strong>Dimenzije:<\/strong><br \/>\n\u00d8 135 mm \u2013 vi\u0161ina 58 mm<\/p>\n<p data-section-id=\"6hd14w\" data-start=\"793\" data-end=\"812\"><strong>Mo\u010d:<\/strong><br \/>\n10 W \u2013 24 V<\/p>\n<p data-section-id=\"126p8f2\" data-start=\"841\" data-end=\"867\"><strong>Temperatura svetlobe:<br \/>\n<\/strong>2700 K | 3000 K<\/p>\n<p data-section-id=\"lmjh22\" data-start=\"892\" data-end=\"903\"><strong>Odprtina za cev:<br \/>\n<\/strong>\u00d8 26 mm(za cev \u00d8 22 mm)<\/p>\n<p data-section-id=\"1exmnvr\" data-start=\"1540\" data-end=\"1554\"><strong>Materiali:<\/strong><\/p>\n<ul>\n<li>Ohi\u0161je iz tla\u010dno litega aluminija.<\/li>\n<li>Povr\u0161inska obdelava z mat zaklju\u010dkom zagotavlja sodoben videz in visoko odpornost.<\/li>\n<li>Le\u010da: Opal ali Fresnel za razli\u010dne svetlobne efekte.<\/li>\n<\/ul>\n<p data-section-id=\"qj31oy\" data-start=\"1726\" data-end=\"1742\"><strong>Vzdr\u017eevanje:<\/strong><\/p>\n<p data-start=\"1743\" data-end=\"2119\" data-is-last-node=\"\" data-is-only-node=\"\">Za zagotavljanje dolge \u017eivljenjske dobe in optimalnega delovanja izdelkov Genuit je pomembno upo\u0161tevati dolo\u010dene postopke vzdr\u017eevanja. Svetilko pred \u010di\u0161\u010denjem vedno izklopite in poskrbite, da je popolnoma ohlajena. Uporabite mehko krpo ali rahlo navla\u017eeno gobico, brez agresivnih \u010distil. Izogibajte se kemi\u010dnim topilom ali abrazivnim sredstvom, da ohranite povr\u0161insko obdelavo.<\/p>\n<figure style=\"width: 355px\" class=\"wp-caption alignleft\"><img loading=\"lazy\" decoding=\"async\" src=\"https:\/\/genuit.b-cdn.net\/wp-content\/uploads\/2023\/11\/Fissaggio_FustellaFori.png\" alt=\"\" width=\"355\" height=\"355\" \/><figcaption class=\"wp-caption-text\"><strong>Intuitiven na\u010din vrtanja:<\/strong> Prakti\u010dna \u0161ablona in ozna\u010dbe za poravnavo na zadnji strani omogo\u010dajo natan\u010dno vrtanje. Med monta\u017eo je mogo\u010de vrtati po obodu v korakih 45\u00b0, kar omogo\u010da popolno prilagoditev postavitve glede na projekt.<\/figcaption><\/figure>\n<figure style=\"width: 355px\" class=\"wp-caption alignleft\"><img loading=\"lazy\" decoding=\"async\" src=\"https:\/\/genuit.b-cdn.net\/wp-content\/uploads\/2024\/05\/ESPLOSO-DOTBOX-COMPONENTS-1.png\" alt=\"\" width=\"355\" height=\"355\" \/><figcaption class=\"wp-caption-text\"><strong>Enostaven sistem za sestavljanje:<\/strong> Vrednost vidnih in\u0161talacij, ki so manj invazivne kot klasi\u010dne re\u0161itve, z Dotbox sistemom dobi novo dimenzijo. Za trdno pritrditev cevi je dovolj, da v perforirane odprtine vstavite integrirane polipropilenske adapterje. To zagotavlja preprost, modularen sistem z mo\u017enostjo kasnej\u0161ega prilagajanja ali prestavitve in\u0161talacije.<\/figcaption><\/figure>\n<figure style=\"width: 355px\" class=\"wp-caption alignleft\"><img loading=\"lazy\" decoding=\"async\" class=\"\" src=\"https:\/\/genuit.b-cdn.net\/wp-content\/uploads\/2024\/05\/DOTBOX-FORATURA-LIGHT-OPALE.png\" alt=\"\" width=\"355\" height=\"355\" \/><figcaption class=\"wp-caption-text\"><strong>Do osem mo\u017enosti povezovanja:<\/strong> Dotbox pomeni maksimalno vsestranskost \u2013 omogo\u010da do osem povezovalnih smeri ter dodatno zadnjo odprtino za prehod kablov iz stene. Sistem ponuja popolno svobodo pri oblikovanju in omogo\u010da izvedbo tudi najzahtevnej\u0161ih projektov.<\/figcaption><\/figure>\n<figure style=\"width: 426px\" class=\"wp-caption alignleft\"><img loading=\"lazy\" decoding=\"async\" class=\"\" src=\"https:\/\/genuit.b-cdn.net\/wp-content\/uploads\/2024\/05\/ESPLOSO-DOTBOX-OPALE.png\" alt=\"\" width=\"426\" height=\"355\" \/><figcaption class=\"wp-caption-text\"><strong>Univerzalen sistem:<\/strong> V razli\u010dici Light Dot je ohi\u0161je zasnovano za vgradnjo LED modula ali GX53 sijalke v barvnih temperaturah 2700 K in 3000 K. Menjava svetlobnega vira in le\u010de je izjemno enostavna \u2013 le\u010do lahko zamenjate med Fresnel izvedbo ali Opal razli\u010dico, odvisno od \u017eelenega svetlobnega u\u010dinka.<\/figcaption><\/figure>\n<p>&nbsp;<\/p>\n<p>&nbsp;<\/p>\n<p>&nbsp;<\/p>\n<p>&nbsp;<\/p>\n<p>&nbsp;<\/p>\n<p>&nbsp;<\/p>\n<p>&nbsp;<\/p>\n<p>&nbsp;<\/p>\n<p>&nbsp;<\/p>\n<p>&nbsp;<\/p>\n<p>&nbsp;<\/p>\n<p>&nbsp;<\/p>\n<p>&nbsp;<\/p>\n<p>&nbsp;<\/p>\n<p>&nbsp;<\/p>\n<p>&nbsp;<\/p>\n<p>&nbsp;<\/p>\n<p>&nbsp;<\/p>\n<p>&nbsp;<\/p>\n<p>&nbsp;<\/p>\n<p>&nbsp;<\/p>\n<p>&nbsp;<\/p>\n<p>&nbsp;<\/p>\n<p>&nbsp;<\/p>\n<p>&nbsp;<\/p>\n<p>&nbsp;<\/p>\n<p>&nbsp;<\/p>\n<p><img loading=\"lazy\" decoding=\"async\" class=\"alignnone\" src=\"https:\/\/genuit.b-cdn.net\/wp-content\/uploads\/2024\/05\/dotbox-mobile.jpg\" width=\"420\" height=\"798\" \/> \u00a0<img loading=\"lazy\" decoding=\"async\" class=\"alignnone\" src=\"https:\/\/genuit.b-cdn.net\/wp-content\/uploads\/2023\/11\/15_DOT-BOX-SAND-scaled.jpg\" width=\"532\" height=\"798\" \/><\/p>","protected":false},"excerpt":{"rendered":"<p>Kompaktna LED svetilka industrijskega videza, ki zdru\u017euje eleganco, modularnost in funkcionalnost za sodobne in vidne elektroin\u0161talacije.<\/p>\n<p>Na voljo v barvah Black, Copper, Coral, Corten, Crock, Graphite, Sage, Sand, Silver, White.<\/p>\n<p>Oglejte si \u0161e\u00a0<a href=\"https:\/\/www.tada.si\/en\/product-category\/genuit-instalacija\/luci\/\">ostalo ponudbo lu\u010di Genuit na na\u0161i spletni strani.<\/a><\/p>\n<p><img decoding=\"async\" class=\"emoji\" role=\"img\" draggable=\"false\" src=\"https:\/\/s.w.org\/images\/core\/emoji\/17.0.2\/svg\/1f4e9.svg\" alt=\"\ud83d\udce9\" \/>\u00a0Za ve\u010d informacij in ponudbo po meri nam pi\u0161ite na info@tada.si<br \/>\n<img decoding=\"async\" class=\"emoji\" role=\"img\" draggable=\"false\" src=\"https:\/\/s.w.org\/images\/core\/emoji\/17.0.2\/svg\/1f4de.svg\" alt=\"\ud83d\udcde\" \/>\u00a0ali nas pokli\u010dite na 051 229 229 \u2013 z veseljem vam pripravimo re\u0161itev, prilagojeno va\u0161im potrebam in projektu.<\/p>","protected":false},"featured_media":11365,"comment_status":"open","ping_status":"closed","template":"","meta":{"inline_featured_image":false},"product_brand":[],"product_cat":[216,220],"product_tag":[],"class_list":{"0":"post-7523","1":"product","2":"type-product","3":"status-publish","4":"has-post-thumbnail","6":"product_cat-genuit-instalacija","7":"product_cat-luci","8":"pa_barva-bronasta","9":"pa_barva-crna","10":"pa_barva-srebrna","12":"first","13":"instock","14":"taxable","15":"shipping-taxable","16":"product-type-simple","17":"czr-hentry"},"_links":{"self":[{"href":"https:\/\/www.tada.si\/en\/wp-json\/wp\/v2\/product\/7523","targetHints":{"allow":["GET"]}}],"collection":[{"href":"https:\/\/www.tada.si\/en\/wp-json\/wp\/v2\/product"}],"about":[{"href":"https:\/\/www.tada.si\/en\/wp-json\/wp\/v2\/types\/product"}],"replies":[{"embeddable":true,"href":"https:\/\/www.tada.si\/en\/wp-json\/wp\/v2\/comments?post=7523"}],"wp:featuredmedia":[{"embeddable":true,"href":"https:\/\/www.tada.si\/en\/wp-json\/wp\/v2\/media\/11365"}],"wp:attachment":[{"href":"https:\/\/www.tada.si\/en\/wp-json\/wp\/v2\/media?parent=7523"}],"wp:term":[{"taxonomy":"product_brand","embeddable":true,"href":"https:\/\/www.tada.si\/en\/wp-json\/wp\/v2\/product_brand?post=7523"},{"taxonomy":"product_cat","embeddable":true,"href":"https:\/\/www.tada.si\/en\/wp-json\/wp\/v2\/product_cat?post=7523"},{"taxonomy":"product_tag","embeddable":true,"href":"https:\/\/www.tada.si\/en\/wp-json\/wp\/v2\/product_tag?post=7523"}],"curies":[{"name":"wp","href":"https:\/\/api.w.org\/{rel}","templated":true}]}}