{"id":7543,"date":"2023-04-25T10:25:40","date_gmt":"2023-04-25T08:25:40","guid":{"rendered":"https:\/\/www.tada.si\/trgovina\/nekategorizirano\/genuit-rebrasta-luc\/"},"modified":"2026-03-24T13:50:30","modified_gmt":"2026-03-24T11:50:30","slug":"genuit-line-ribbed-rebrasta-luc","status":"publish","type":"product","link":"https:\/\/www.tada.si\/en\/trgovina\/genuit-instalacija\/luci\/genuit-line-ribbed-rebrasta-luc\/","title":{"rendered":"Genuit Line Ribbed rebrasta lu\u010d"},"content":{"rendered":"<h3><a href=\"https:\/\/genuit.it\/en\/product\/line-ribbed-elegant-and-sophisticated-lighting\/\" target=\"_blank\" rel=\"noopener\">Genuit Line Ribbed rebrasta lu\u010d<\/a><\/h3>\n<p><strong>Zasnovana za elegantno osvetlitev prostorov<\/strong>, je Line rebrasta cevasta LED svetilka, ki se brezhibno integrira v vidne elektri\u010dne sisteme.<br \/>\nNa voljo je v borosilikatnem steklu ali polikarbonatu, zato je primerna za \u0161irok spekter uporabe.<br \/>\nRazpr\u0161en LED vir svetlobe zagotavlja 360\u00b0 osvetlitev, kar omogo\u010da enakomerno in prijetno svetlobo \u2013 idealno za notranje in zunanje prostore.<\/p>\n<p>Na voljo v dveh dol\u017einah: 500 mm in 1000 mm. Zahvaljujo\u010d gladkemu borosilikatnemu difuzorju omogo\u010da 360\u00b0 svetlobni u\u010dinek pri mo\u010di 10 W ali 20 W<br \/>\nVe\u010d svetilk Line je mogo\u010de povezati zaporedno s pomo\u010djo kontaktov na koncih. Jekleni priklju\u010dki z zaklju\u010dki Metal in Color omogo\u010dajo veliko svobode pri oblikovanju tako v doma\u010dem kot poslovnem okolju.<\/p>\n<p><img loading=\"lazy\" decoding=\"async\" class=\"alignleft\" src=\"https:\/\/genuit.b-cdn.net\/wp-content\/uploads\/2024\/05\/ESPLOSO_LINE-SMOOTH-2.png\" alt=\"\" width=\"355\" height=\"355\" \/><\/p>\n<p><strong>Dimenzije:<\/strong><br \/>\n\u00d8 22 mm \u2013 dol\u017eina 500 mm | 1000 mm<\/p>\n<p><strong>Barva svetlobe:<\/strong><br \/>\n2700 K | 3000 K<\/p>\n<p><strong>Mo\u010d:<\/strong><br \/>\n10 W | 20 W \u2013 24 V<\/p>\n<p><strong>Navoj:<\/strong><br \/>\n\u00d8 26 mm<\/p>\n<p><strong>Materiali:<\/strong><\/p>\n<ul>\n<li>Priklju\u010dki iz pra\u0161no barvanega jekla<\/li>\n<li>Cev iz rebrastega borosilikatnega stekla<\/li>\n<\/ul>\n<p>Borosilikatno steklo je izjemno trpe\u017eno, odporno na temperaturne spremembe in ima nizek koeficient raztezanja.<\/p>\n<p><strong>Tehni\u010dni in dekorativni element:<\/strong><\/p>\n<p>Posebnost izdelka je neprekinjen vizualni prehod med cevjo in svetilko. Presek ostaja enak kot pri cevi, prekinjen le z elegantnim sijem svetlobe. Zahvaljujo\u010d \u017ee prilo\u017eenim priklju\u010dkom je namestitev enostavna \u2013 priklju\u010dite napajalne kable in vstavite zaklju\u010dni element v cev.<\/p>\n<p><strong>Vzdr\u017eevanje:<\/strong><br \/>\nPred \u010di\u0161\u010denjem izklopite svetilko in po\u010dakajte, da se ohladi.<br \/>\nUporabite mehko krpo ali rahlo vla\u017eno gobo. Izogibajte se agresivnim \u010distilom, topilom in abrazivnim sredstvom.<\/p>\n<figure style=\"width: 355px\" class=\"wp-caption alignleft\"><img loading=\"lazy\" decoding=\"async\" src=\"https:\/\/genuit.b-cdn.net\/wp-content\/uploads\/2024\/06\/ESPLOSO-LINE-RIBBED-STAFFA.png\" alt=\"\" width=\"355\" height=\"355\" \/><figcaption class=\"wp-caption-text\"><strong>Stenska monta\u017ea:<\/strong> Monta\u017ea na steno je omogo\u010dena z nosilnim nosilcem.<\/figcaption><\/figure>\n<figure style=\"width: 355px\" class=\"wp-caption alignleft\"><img loading=\"lazy\" decoding=\"async\" src=\"https:\/\/genuit.b-cdn.net\/wp-content\/uploads\/2024\/06\/SOSPESO-ESPLOSO-LINE-RIBBED-STAFFA.png\" alt=\"\" width=\"355\" height=\"355\" \/><figcaption class=\"wp-caption-text\"><strong>Vise\u010da monta\u017ea:<\/strong> Mo\u017ena je tudi vise\u010da namestitev s kompletom, ki vklju\u010duje jekleno vrv in samozatezno sponko.<\/figcaption><\/figure>\n<p>&nbsp;<\/p>\n<p>&nbsp;<\/p>\n<p>&nbsp;<\/p>\n<p>&nbsp;<\/p>\n<p>&nbsp;<\/p>\n<p>&nbsp;<\/p>\n<p>&nbsp;<\/p>\n<p>&nbsp;<\/p>\n<p>&nbsp;<\/p>\n<p>&nbsp;<\/p>\n<p>&nbsp;<\/p>\n<p>&nbsp;<\/p>\n<p><img loading=\"lazy\" decoding=\"async\" class=\"\" src=\"https:\/\/genuit.b-cdn.net\/wp-content\/uploads\/2024\/02\/CAMERA-DA-LETTO-2.jpg\" width=\"518\" height=\"740\" \/>\u00a0 \u00a0 <img loading=\"lazy\" decoding=\"async\" class=\"\" src=\"https:\/\/genuit.b-cdn.net\/wp-content\/uploads\/2024\/03\/Androne.jpg\" width=\"570\" height=\"740\" \/><\/p>","protected":false},"excerpt":{"rendered":"<p>Line Ribbed je moderna rebrasta cevasta LED svetilka z 360\u00b0 osvetlitvijo, primerna za notranje in zunanje prostore. Modularna, elegantna in enostavna za monta\u017eo.<\/p>\n<p>Na voljo v barvah Black, Copper, Coral, Corten, Crock, Graphite, Sage, Sand, Silver, White.<\/p>\n<p>Oglejte si \u0161e\u00a0<a href=\"https:\/\/www.tada.si\/en\/product-category\/genuit-instalacija\/luci\/\">ostalo ponudbo lu\u010di Genuit na na\u0161i spletni strani.<\/a><\/p>\n<p><img decoding=\"async\" class=\"emoji\" role=\"img\" draggable=\"false\" src=\"https:\/\/s.w.org\/images\/core\/emoji\/17.0.2\/svg\/1f4e9.svg\" alt=\"\ud83d\udce9\" \/>\u00a0Za ve\u010d informacij in ponudbo po meri nam pi\u0161ite na info@tada.si<br \/>\n<img decoding=\"async\" class=\"emoji\" role=\"img\" draggable=\"false\" src=\"https:\/\/s.w.org\/images\/core\/emoji\/17.0.2\/svg\/1f4de.svg\" alt=\"\ud83d\udcde\" \/>\u00a0ali nas pokli\u010dite na 051 229 229 \u2013 z veseljem vam pripravimo re\u0161itev, prilagojeno va\u0161im potrebam in projektu.<\/p>","protected":false},"featured_media":11310,"comment_status":"open","ping_status":"closed","template":"","meta":{"inline_featured_image":false},"product_brand":[],"product_cat":[216,220],"product_tag":[],"class_list":{"0":"post-7543","1":"product","2":"type-product","3":"status-publish","4":"has-post-thumbnail","6":"product_cat-genuit-instalacija","7":"product_cat-luci","8":"pa_barva-bronasta","9":"pa_barva-crna","10":"pa_barva-srebrna","12":"first","13":"instock","14":"taxable","15":"shipping-taxable","16":"product-type-simple","17":"czr-hentry"},"_links":{"self":[{"href":"https:\/\/www.tada.si\/en\/wp-json\/wp\/v2\/product\/7543","targetHints":{"allow":["GET"]}}],"collection":[{"href":"https:\/\/www.tada.si\/en\/wp-json\/wp\/v2\/product"}],"about":[{"href":"https:\/\/www.tada.si\/en\/wp-json\/wp\/v2\/types\/product"}],"replies":[{"embeddable":true,"href":"https:\/\/www.tada.si\/en\/wp-json\/wp\/v2\/comments?post=7543"}],"wp:featuredmedia":[{"embeddable":true,"href":"https:\/\/www.tada.si\/en\/wp-json\/wp\/v2\/media\/11310"}],"wp:attachment":[{"href":"https:\/\/www.tada.si\/en\/wp-json\/wp\/v2\/media?parent=7543"}],"wp:term":[{"taxonomy":"product_brand","embeddable":true,"href":"https:\/\/www.tada.si\/en\/wp-json\/wp\/v2\/product_brand?post=7543"},{"taxonomy":"product_cat","embeddable":true,"href":"https:\/\/www.tada.si\/en\/wp-json\/wp\/v2\/product_cat?post=7543"},{"taxonomy":"product_tag","embeddable":true,"href":"https:\/\/www.tada.si\/en\/wp-json\/wp\/v2\/product_tag?post=7543"}],"curies":[{"name":"wp","href":"https:\/\/api.w.org\/{rel}","templated":true}]}}