{"id":7544,"date":"2023-04-25T10:25:40","date_gmt":"2023-04-25T08:25:40","guid":{"rendered":"https:\/\/www.tada.si\/trgovina\/nekategorizirano\/genuit-upogljiva-luc\/"},"modified":"2026-03-26T13:04:20","modified_gmt":"2026-03-26T11:04:20","slug":"genuit-flex-upogljiva-luc","status":"publish","type":"product","link":"https:\/\/www.tada.si\/en\/trgovina\/genuit-instalacija\/luci\/genuit-flex-upogljiva-luc\/","title":{"rendered":"Genuit Flex upogljiva lu\u010d"},"content":{"rendered":"<h3><a href=\"https:\/\/genuit.it\/en\/product\/flex-flexible-and-innovative-lighting-solution\/\" target=\"_blank\" rel=\"noopener\">Genuit Flex upogljiva lu\u010d<\/a><\/h3>\n<p data-start=\"112\" data-end=\"280\"><strong>Zasnovana za osvetljevanje najbolj nenavadnih to\u010dk<\/strong> je Flex prilagodljiva tubularna LED svetilka v industrijskem slogu, popolna za sodobne in zgodovinske interierje.<\/p>\n<p data-start=\"313\" data-end=\"745\">Na voljo v dveh dol\u017einah, 500 in 1000 mm. Zahvaljujo\u010d silikonskemu difuzorju omogo\u010da 360\u00b0 svetlobni u\u010dinek pri mo\u010di 10 W. Mo\u017eno je tudi zaporedno povezovanje ve\u010d svetilk, zahvaljujo\u010d kontaktom na koncih. Jekleni povezovalni terminali, obogateni z Metal in Color zaklju\u010dki, se kombinirajo s sistemom nadometnih Genuit napeljav, kar omogo\u010da veliko svobode pri oblikovanju tako v doma\u010dem kot poslovnem okolju.<\/p>\n<p data-section-id=\"1x2s59w\" data-start=\"752\" data-end=\"770\"><img loading=\"lazy\" decoding=\"async\" class=\"alignleft\" src=\"https:\/\/genuit.b-cdn.net\/wp-content\/uploads\/2024\/05\/ESPLOSO_FLEX-ZOOM-5.png\" width=\"355\" height=\"355\" \/><\/p>\n<p><strong>Dimenzije:<\/strong><br \/>\n\u00d8 22 mm \u2013 dol\u017eina 500 mm | 1000 mm<\/p>\n<p data-section-id=\"6hd14w\" data-start=\"793\" data-end=\"812\"><strong>Mo\u010d:<\/strong><br \/>\n10 W \u2013 24 V<\/p>\n<p data-section-id=\"126p8f2\" data-start=\"841\" data-end=\"867\"><strong>Temperatura svetlobe:<br \/>\n<\/strong>2700 K | 3000 K<\/p>\n<p data-section-id=\"lmjh22\" data-start=\"892\" data-end=\"903\"><strong>Navoj:<br \/>\n<\/strong>\u00d8 26 mm<\/p>\n<p data-section-id=\"1exmnvr\" data-start=\"1540\" data-end=\"1554\"><strong>Materiali:<\/strong><\/p>\n<ul>\n<li>Priklju\u010dki iz pra\u0161no barvanega jekla.<\/li>\n<li>Barvni zaklju\u010dek se odlikuje s prijetnim svilnato mat u\u010dinkom, ki daje izdelku sodobnost in odpornost.<\/li>\n<\/ul>\n<p data-start=\"1699\" data-end=\"1719\">Difuzor iz silikona.<\/p>\n<p data-section-id=\"37by70\" data-start=\"920\" data-end=\"971\"><strong>Enostaven in intuitiven sistem za sestavljanje:<\/strong><\/p>\n<p data-start=\"972\" data-end=\"1107\">Lu\u010d je mogo\u010de enostavno namestiti z neposrednim vstavljanjem kon\u010dnega priklju\u010dka izdelka v cev, brez potrebe po povezovalnem elementu.<\/p>\n<p data-section-id=\"qj31oy\" data-start=\"1726\" data-end=\"1742\"><strong>Vzdr\u017eevanje:<\/strong><\/p>\n<p data-start=\"1743\" data-end=\"2119\" data-is-last-node=\"\" data-is-only-node=\"\">Za zagotavljanje dolge \u017eivljenjske dobe in optimalnega delovanja izdelka Genuit je pomembno upo\u0161tevati dolo\u010dene postopke vzdr\u017eevanja. Svetilko pred \u010di\u0161\u010denjem vedno izklopite in poskrbite, da je popolnoma ohlajena. Uporabite mehko krpo ali rahlo navla\u017eeno gobico, brez agresivnih \u010distil. Izogibajte se kemi\u010dnim topilom ali abrazivnim sredstvom, da ohranite povr\u0161insko obdelavo.<\/p>\n<figure style=\"width: 355px\" class=\"wp-caption alignleft\"><img loading=\"lazy\" decoding=\"async\" src=\"https:\/\/genuit.b-cdn.net\/wp-content\/uploads\/2024\/06\/ESPLOSO-FLEX-STAFFA.png\" alt=\"\" width=\"355\" height=\"355\" \/><figcaption class=\"wp-caption-text\"><strong>Pritrditev na steno:<\/strong> Ko svetilki damo \u017eeleno obliko, lahko nosilec namestimo bolj ali manj blizu, glede na dol\u017eino cevi, da sistem pritrdimo na steno.<\/figcaption><\/figure>\n<figure style=\"width: 355px\" class=\"wp-caption alignleft\"><img loading=\"lazy\" decoding=\"async\" src=\"https:\/\/genuit.b-cdn.net\/wp-content\/uploads\/2024\/05\/ESPLOSO_FLEX-5-e1716543749208.png\" alt=\"\" width=\"355\" height=\"355\" \/><figcaption class=\"wp-caption-text\"><strong>Prepustite domi\u0161ljiji prosto pot:<\/strong> Zahvaljujo\u010d silikonskemu difuzorju omogo\u010da oblikovanje svetlobnih krivulj kot \u0161e nikoli prej. Njegova prirojena fleksibilnost omogo\u010da interakcijo z vogali, vdolbinami in najzahtevnej\u0161imi prostorskimi re\u0161itvami.<\/figcaption><\/figure>\n<p><img loading=\"lazy\" decoding=\"async\" class=\"\" src=\"https:\/\/genuit.b-cdn.net\/wp-content\/uploads\/2024\/05\/Genuit_Hero_LineFlex.jpg\" width=\"1098\" height=\"662\" \/><\/p>","protected":false},"excerpt":{"rendered":"<p>Prilagodljiva upogljiva LED svetilka industrijskega videza, ki zdru\u017euje sodoben dizajn in izjemno fleksibilnost za ustvarjanje unikatnih svetlobnih re\u0161itev v vsakem prostoru.<\/p>\n<p>Na voljo v barvah Black, Copper, Coral, Corten, Crock, Graphite, Sage, Sand, Silver, White.<\/p>\n<p>Oglejte si \u0161e\u00a0<a href=\"https:\/\/www.tada.si\/en\/product-category\/genuit-instalacija\/luci\/\">ostalo ponudbo lu\u010di Genuit na na\u0161i spletni strani.<\/a><\/p>\n<p><img decoding=\"async\" class=\"emoji\" role=\"img\" draggable=\"false\" src=\"https:\/\/s.w.org\/images\/core\/emoji\/17.0.2\/svg\/1f4e9.svg\" alt=\"\ud83d\udce9\" \/>\u00a0Za ve\u010d informacij in ponudbo po meri nam pi\u0161ite na info@tada.si<br \/>\n<img decoding=\"async\" class=\"emoji\" role=\"img\" draggable=\"false\" src=\"https:\/\/s.w.org\/images\/core\/emoji\/17.0.2\/svg\/1f4de.svg\" alt=\"\ud83d\udcde\" \/>\u00a0ali nas pokli\u010dite na 051 229 229 \u2013 z veseljem vam pripravimo re\u0161itev, prilagojeno va\u0161im potrebam in projektu.<\/p>","protected":false},"featured_media":11360,"comment_status":"open","ping_status":"closed","template":"","meta":{"inline_featured_image":false},"product_brand":[],"product_cat":[216,220],"product_tag":[],"class_list":{"0":"post-7544","1":"product","2":"type-product","3":"status-publish","4":"has-post-thumbnail","6":"product_cat-genuit-instalacija","7":"product_cat-luci","8":"pa_barva-bronasta","9":"pa_barva-crna","10":"pa_barva-srebrna","12":"first","13":"instock","14":"taxable","15":"shipping-taxable","16":"product-type-simple","17":"czr-hentry"},"_links":{"self":[{"href":"https:\/\/www.tada.si\/en\/wp-json\/wp\/v2\/product\/7544","targetHints":{"allow":["GET"]}}],"collection":[{"href":"https:\/\/www.tada.si\/en\/wp-json\/wp\/v2\/product"}],"about":[{"href":"https:\/\/www.tada.si\/en\/wp-json\/wp\/v2\/types\/product"}],"replies":[{"embeddable":true,"href":"https:\/\/www.tada.si\/en\/wp-json\/wp\/v2\/comments?post=7544"}],"wp:featuredmedia":[{"embeddable":true,"href":"https:\/\/www.tada.si\/en\/wp-json\/wp\/v2\/media\/11360"}],"wp:attachment":[{"href":"https:\/\/www.tada.si\/en\/wp-json\/wp\/v2\/media?parent=7544"}],"wp:term":[{"taxonomy":"product_brand","embeddable":true,"href":"https:\/\/www.tada.si\/en\/wp-json\/wp\/v2\/product_brand?post=7544"},{"taxonomy":"product_cat","embeddable":true,"href":"https:\/\/www.tada.si\/en\/wp-json\/wp\/v2\/product_cat?post=7544"},{"taxonomy":"product_tag","embeddable":true,"href":"https:\/\/www.tada.si\/en\/wp-json\/wp\/v2\/product_tag?post=7544"}],"curies":[{"name":"wp","href":"https:\/\/api.w.org\/{rel}","templated":true}]}}